{"id":1472,"date":"2025-08-01T09:05:30","date_gmt":"2025-08-01T15:05:30","guid":{"rendered":"https:\/\/ellayeraldina.com\/?page_id=1472"},"modified":"2025-08-15T05:05:31","modified_gmt":"2025-08-15T11:05:31","slug":"diosas-2","status":"publish","type":"page","link":"https:\/\/ellayeraldina.com\/en\/diosas-2\/","title":{"rendered":"Diosas"},"content":{"rendered":"<div class=\"wp-block-stackable-columns stk-block-columns stk-block stk-23aca7c\" data-block-id=\"23aca7c\"><div class=\"stk-row stk-inner-blocks stk-block-content stk-content-align stk-23aca7c-column\">\n<div class=\"wp-block-stackable-column stk-block-column stk-column stk-block stk-0a8911d\" data-v=\"4\" data-block-id=\"0a8911d\"><div class=\"stk-column-wrapper stk-block-column__content stk-container stk-0a8911d-container stk--no-background stk--no-padding\"><div class=\"stk-block-content stk-inner-blocks stk-0a8911d-inner-blocks\">\n<figure class=\"wp-block-image size-large\"><img loading=\"lazy\" decoding=\"async\" width=\"821\" height=\"1024\" src=\"https:\/\/ellayeraldina.com\/wp-content\/uploads\/2025\/08\/Captura-de-pantalla-2025-07-29-a-las-11.09.40\u202fp.m-821x1024.jpg\" alt=\"\" class=\"wp-image-1441\" style=\"aspect-ratio:3\/4;object-fit:cover\" srcset=\"https:\/\/ellayeraldina.com\/wp-content\/uploads\/2025\/08\/Captura-de-pantalla-2025-07-29-a-las-11.09.40\u202fp.m-821x1024.jpg 821w, https:\/\/ellayeraldina.com\/wp-content\/uploads\/2025\/08\/Captura-de-pantalla-2025-07-29-a-las-11.09.40\u202fp.m-241x300.jpg 241w, https:\/\/ellayeraldina.com\/wp-content\/uploads\/2025\/08\/Captura-de-pantalla-2025-07-29-a-las-11.09.40\u202fp.m-768x958.jpg 768w, https:\/\/ellayeraldina.com\/wp-content\/uploads\/2025\/08\/Captura-de-pantalla-2025-07-29-a-las-11.09.40\u202fp.m-1232x1536.jpg 1232w, https:\/\/ellayeraldina.com\/wp-content\/uploads\/2025\/08\/Captura-de-pantalla-2025-07-29-a-las-11.09.40\u202fp.m-500x624.jpg 500w, https:\/\/ellayeraldina.com\/wp-content\/uploads\/2025\/08\/Captura-de-pantalla-2025-07-29-a-las-11.09.40\u202fp.m-600x748.jpg 600w, https:\/\/ellayeraldina.com\/wp-content\/uploads\/2025\/08\/Captura-de-pantalla-2025-07-29-a-las-11.09.40\u202fp.m.jpg 1642w\" sizes=\"auto, (max-width: 821px) 100vw, 821px\" \/><\/figure>\n<\/div><\/div><\/div>\n\n\n\n<div class=\"wp-block-stackable-column stk-block-column stk-column stk-block stk-7846757\" data-v=\"4\" data-block-id=\"7846757\"><div class=\"stk-column-wrapper stk-block-column__content stk-container stk-7846757-container stk--no-background stk--no-padding\"><div class=\"stk-block-content stk-inner-blocks stk-7846757-inner-blocks\">\n<figure class=\"wp-block-image size-large\"><img loading=\"lazy\" decoding=\"async\" width=\"1024\" height=\"660\" src=\"https:\/\/ellayeraldina.com\/wp-content\/uploads\/2025\/08\/Captura-de-pantalla-2025-08-01-a-las-1.50.33\u202fp.m-e1754059351533-1024x660.jpg\" alt=\"\" class=\"wp-image-1466\" style=\"aspect-ratio:3\/4;object-fit:cover\" srcset=\"https:\/\/ellayeraldina.com\/wp-content\/uploads\/2025\/08\/Captura-de-pantalla-2025-08-01-a-las-1.50.33\u202fp.m-e1754059351533-1024x660.jpg 1024w, https:\/\/ellayeraldina.com\/wp-content\/uploads\/2025\/08\/Captura-de-pantalla-2025-08-01-a-las-1.50.33\u202fp.m-e1754059351533-300x193.jpg 300w, https:\/\/ellayeraldina.com\/wp-content\/uploads\/2025\/08\/Captura-de-pantalla-2025-08-01-a-las-1.50.33\u202fp.m-e1754059351533-768x495.jpg 768w, https:\/\/ellayeraldina.com\/wp-content\/uploads\/2025\/08\/Captura-de-pantalla-2025-08-01-a-las-1.50.33\u202fp.m-e1754059351533-1536x990.jpg 1536w, https:\/\/ellayeraldina.com\/wp-content\/uploads\/2025\/08\/Captura-de-pantalla-2025-08-01-a-las-1.50.33\u202fp.m-e1754059351533-500x322.jpg 500w, https:\/\/ellayeraldina.com\/wp-content\/uploads\/2025\/08\/Captura-de-pantalla-2025-08-01-a-las-1.50.33\u202fp.m-e1754059351533-600x387.jpg 600w, https:\/\/ellayeraldina.com\/wp-content\/uploads\/2025\/08\/Captura-de-pantalla-2025-08-01-a-las-1.50.33\u202fp.m-e1754059351533.jpg 2048w\" sizes=\"auto, (max-width: 1024px) 100vw, 1024px\" \/><\/figure>\n<\/div><\/div><\/div>\n\n\n\n<div class=\"wp-block-stackable-column stk-block-column stk-column stk-block stk-c8f80e7\" data-v=\"4\" data-block-id=\"c8f80e7\"><div class=\"stk-column-wrapper stk-block-column__content stk-container stk-c8f80e7-container stk--no-background stk--no-padding\"><div class=\"stk-block-content stk-inner-blocks stk-c8f80e7-inner-blocks\">\n<figure class=\"wp-block-image size-large\"><img loading=\"lazy\" decoding=\"async\" width=\"904\" height=\"1024\" src=\"https:\/\/ellayeraldina.com\/wp-content\/uploads\/2025\/08\/Captura-de-pantalla-2025-08-01-a-las-1.44.03\u202fp.m-904x1024.jpg\" alt=\"\" class=\"wp-image-1462\" style=\"aspect-ratio:3\/4;object-fit:cover\" srcset=\"https:\/\/ellayeraldina.com\/wp-content\/uploads\/2025\/08\/Captura-de-pantalla-2025-08-01-a-las-1.44.03\u202fp.m-904x1024.jpg 904w, https:\/\/ellayeraldina.com\/wp-content\/uploads\/2025\/08\/Captura-de-pantalla-2025-08-01-a-las-1.44.03\u202fp.m-265x300.jpg 265w, https:\/\/ellayeraldina.com\/wp-content\/uploads\/2025\/08\/Captura-de-pantalla-2025-08-01-a-las-1.44.03\u202fp.m-768x870.jpg 768w, https:\/\/ellayeraldina.com\/wp-content\/uploads\/2025\/08\/Captura-de-pantalla-2025-08-01-a-las-1.44.03\u202fp.m-1356x1536.jpg 1356w, https:\/\/ellayeraldina.com\/wp-content\/uploads\/2025\/08\/Captura-de-pantalla-2025-08-01-a-las-1.44.03\u202fp.m-500x566.jpg 500w, https:\/\/ellayeraldina.com\/wp-content\/uploads\/2025\/08\/Captura-de-pantalla-2025-08-01-a-las-1.44.03\u202fp.m-600x680.jpg 600w, https:\/\/ellayeraldina.com\/wp-content\/uploads\/2025\/08\/Captura-de-pantalla-2025-08-01-a-las-1.44.03\u202fp.m.jpg 1808w\" sizes=\"auto, (max-width: 904px) 100vw, 904px\" \/><\/figure>\n<\/div><\/div><\/div>\n<\/div><\/div>\n\n\n\n<p>Diosas is a clothing collection created by Colombian brand Katharsis in collaboration with Ellayeraldina, inspired by an Amazonian myth that tells the origin of two ancestral plants: huito and achiote. The fruits of these plants are essential to the communities of the region, not only for their medicinal and cosmetic uses, but also for their symbolic depth.<\/p>\n\n\n\n<p>This myth tells the story of two divine women, the goddesses Huito and Achiote, considered the body and soul of the jungle. Strong and courageous women who, in search of their identity, embarked on a journey of transformation that gave rise to these sacred plants and this clothing collection, created to honor their roots, rescue ancestral memory, and dress today's modern goddesses with splendor: strong, courageous, and transformative women.<\/p>\n\n\n\n<div class=\"wp-block-stackable-image stk-block-image stk-block stk-1172b20\" data-block-id=\"1172b20\"><figure><span class=\"stk-img-wrapper stk-image--shape-stretch\"><img loading=\"lazy\" decoding=\"async\" class=\"stk-img wp-image-1461\" src=\"https:\/\/ellayeraldina.com\/wp-content\/uploads\/2025\/08\/Mesa-de-trabajo-1.png\" width=\"2046\" height=\"656\" srcset=\"https:\/\/ellayeraldina.com\/wp-content\/uploads\/2025\/08\/Mesa-de-trabajo-1.png 2046w, https:\/\/ellayeraldina.com\/wp-content\/uploads\/2025\/08\/Mesa-de-trabajo-1-300x96.png 300w, https:\/\/ellayeraldina.com\/wp-content\/uploads\/2025\/08\/Mesa-de-trabajo-1-1024x328.png 1024w, https:\/\/ellayeraldina.com\/wp-content\/uploads\/2025\/08\/Mesa-de-trabajo-1-768x246.png 768w, https:\/\/ellayeraldina.com\/wp-content\/uploads\/2025\/08\/Mesa-de-trabajo-1-1536x492.png 1536w, https:\/\/ellayeraldina.com\/wp-content\/uploads\/2025\/08\/Mesa-de-trabajo-1-500x160.png 500w, https:\/\/ellayeraldina.com\/wp-content\/uploads\/2025\/08\/Mesa-de-trabajo-1-600x192.png 600w\" sizes=\"auto, (max-width: 2046px) 100vw, 2046px\" \/><\/span><\/figure><\/div>\n\n\n\n<div class=\"wp-block-stackable-columns stk-block-columns stk-block stk-71b2e9c\" data-block-id=\"71b2e9c\"><div class=\"stk-row stk-inner-blocks stk-block-content stk-content-align stk-71b2e9c-column\">\n<div class=\"wp-block-stackable-column stk-block-column stk-column stk-block stk-3b280ad\" data-v=\"4\" data-block-id=\"3b280ad\"><div class=\"stk-column-wrapper stk-block-column__content stk-container stk-3b280ad-container stk--no-background stk--no-padding\"><div class=\"stk-block-content stk-inner-blocks stk-3b280ad-inner-blocks\">\n<figure class=\"wp-block-image size-large\"><img loading=\"lazy\" decoding=\"async\" width=\"829\" height=\"1024\" src=\"https:\/\/ellayeraldina.com\/wp-content\/uploads\/2025\/08\/Captura-de-pantalla-2025-07-29-a-las-11.11.16\u202fp.m-e1754059396195-829x1024.jpg\" alt=\"\" class=\"wp-image-1438\" srcset=\"https:\/\/ellayeraldina.com\/wp-content\/uploads\/2025\/08\/Captura-de-pantalla-2025-07-29-a-las-11.11.16\u202fp.m-e1754059396195-829x1024.jpg 829w, https:\/\/ellayeraldina.com\/wp-content\/uploads\/2025\/08\/Captura-de-pantalla-2025-07-29-a-las-11.11.16\u202fp.m-e1754059396195-243x300.jpg 243w, https:\/\/ellayeraldina.com\/wp-content\/uploads\/2025\/08\/Captura-de-pantalla-2025-07-29-a-las-11.11.16\u202fp.m-e1754059396195-768x949.jpg 768w, https:\/\/ellayeraldina.com\/wp-content\/uploads\/2025\/08\/Captura-de-pantalla-2025-07-29-a-las-11.11.16\u202fp.m-e1754059396195-1244x1536.jpg 1244w, https:\/\/ellayeraldina.com\/wp-content\/uploads\/2025\/08\/Captura-de-pantalla-2025-07-29-a-las-11.11.16\u202fp.m-e1754059396195-500x618.jpg 500w, https:\/\/ellayeraldina.com\/wp-content\/uploads\/2025\/08\/Captura-de-pantalla-2025-07-29-a-las-11.11.16\u202fp.m-e1754059396195-600x741.jpg 600w, https:\/\/ellayeraldina.com\/wp-content\/uploads\/2025\/08\/Captura-de-pantalla-2025-07-29-a-las-11.11.16\u202fp.m-e1754059396195.jpg 1642w\" sizes=\"auto, (max-width: 829px) 100vw, 829px\" \/><\/figure>\n<\/div><\/div><\/div>\n\n\n\n<div class=\"wp-block-stackable-column stk-block-column stk-column stk-block stk-1ea88d5\" data-v=\"4\" data-block-id=\"1ea88d5\"><div class=\"stk-column-wrapper stk-block-column__content stk-container stk-1ea88d5-container stk--no-background stk--no-padding\"><div class=\"stk-block-content stk-inner-blocks stk-1ea88d5-inner-blocks\">\n<figure class=\"wp-block-image size-large\"><img loading=\"lazy\" decoding=\"async\" width=\"823\" height=\"1024\" src=\"https:\/\/ellayeraldina.com\/wp-content\/uploads\/2025\/07\/Captura-de-pantalla-2025-07-30-a-las-4.44.22\u202fp.m-823x1024.jpg\" alt=\"\" class=\"wp-image-1418\" srcset=\"https:\/\/ellayeraldina.com\/wp-content\/uploads\/2025\/07\/Captura-de-pantalla-2025-07-30-a-las-4.44.22\u202fp.m-823x1024.jpg 823w, https:\/\/ellayeraldina.com\/wp-content\/uploads\/2025\/07\/Captura-de-pantalla-2025-07-30-a-las-4.44.22\u202fp.m-241x300.jpg 241w, https:\/\/ellayeraldina.com\/wp-content\/uploads\/2025\/07\/Captura-de-pantalla-2025-07-30-a-las-4.44.22\u202fp.m-768x956.jpg 768w, https:\/\/ellayeraldina.com\/wp-content\/uploads\/2025\/07\/Captura-de-pantalla-2025-07-30-a-las-4.44.22\u202fp.m-1234x1536.jpg 1234w, https:\/\/ellayeraldina.com\/wp-content\/uploads\/2025\/07\/Captura-de-pantalla-2025-07-30-a-las-4.44.22\u202fp.m-500x622.jpg 500w, https:\/\/ellayeraldina.com\/wp-content\/uploads\/2025\/07\/Captura-de-pantalla-2025-07-30-a-las-4.44.22\u202fp.m-600x747.jpg 600w, https:\/\/ellayeraldina.com\/wp-content\/uploads\/2025\/07\/Captura-de-pantalla-2025-07-30-a-las-4.44.22\u202fp.m.jpg 1645w\" sizes=\"auto, (max-width: 823px) 100vw, 823px\" \/><\/figure>\n<\/div><\/div><\/div>\n\n\n\n<div class=\"wp-block-stackable-column stk-block-column stk-column stk-block stk-74a8c91\" data-v=\"4\" data-block-id=\"74a8c91\"><div class=\"stk-column-wrapper stk-block-column__content stk-container stk-74a8c91-container stk--no-background stk--no-padding\"><div class=\"stk-block-content stk-inner-blocks stk-74a8c91-inner-blocks\">\n<figure class=\"wp-block-image size-large\"><img loading=\"lazy\" decoding=\"async\" width=\"828\" height=\"1024\" src=\"https:\/\/ellayeraldina.com\/wp-content\/uploads\/2025\/07\/Captura-de-pantalla-2025-07-29-a-las-11.12.33\u202fp.m-828x1024.jpg\" alt=\"\" class=\"wp-image-1420\" srcset=\"https:\/\/ellayeraldina.com\/wp-content\/uploads\/2025\/07\/Captura-de-pantalla-2025-07-29-a-las-11.12.33\u202fp.m-828x1024.jpg 828w, https:\/\/ellayeraldina.com\/wp-content\/uploads\/2025\/07\/Captura-de-pantalla-2025-07-29-a-las-11.12.33\u202fp.m-242x300.jpg 242w, https:\/\/ellayeraldina.com\/wp-content\/uploads\/2025\/07\/Captura-de-pantalla-2025-07-29-a-las-11.12.33\u202fp.m-768x950.jpg 768w, https:\/\/ellayeraldina.com\/wp-content\/uploads\/2025\/07\/Captura-de-pantalla-2025-07-29-a-las-11.12.33\u202fp.m-1241x1536.jpg 1241w, https:\/\/ellayeraldina.com\/wp-content\/uploads\/2025\/07\/Captura-de-pantalla-2025-07-29-a-las-11.12.33\u202fp.m-500x619.jpg 500w, https:\/\/ellayeraldina.com\/wp-content\/uploads\/2025\/07\/Captura-de-pantalla-2025-07-29-a-las-11.12.33\u202fp.m-600x742.jpg 600w, https:\/\/ellayeraldina.com\/wp-content\/uploads\/2025\/07\/Captura-de-pantalla-2025-07-29-a-las-11.12.33\u202fp.m.jpg 1655w\" sizes=\"auto, (max-width: 828px) 100vw, 828px\" \/><\/figure>\n<\/div><\/div><\/div>\n<\/div><\/div>\n\n\n\n<div class=\"wp-block-stackable-image stk-block-image stk-block stk-f7298fd\" data-block-id=\"f7298fd\"><style>.stk-f7298fd {margin-bottom:0px !important;}.stk-f7298fd .stk-img-wrapper{width:78% !important;}<\/style><figure><span class=\"stk-img-wrapper stk-image--shape-stretch\"><img loading=\"lazy\" decoding=\"async\" class=\"stk-img wp-image-1561\" src=\"https:\/\/ellayeraldina.com\/wp-content\/uploads\/2025\/08\/ingles-.png\" width=\"1425\" height=\"1789\" srcset=\"https:\/\/ellayeraldina.com\/wp-content\/uploads\/2025\/08\/ingles-.png 1425w, https:\/\/ellayeraldina.com\/wp-content\/uploads\/2025\/08\/ingles--239x300.png 239w, https:\/\/ellayeraldina.com\/wp-content\/uploads\/2025\/08\/ingles--816x1024.png 816w, https:\/\/ellayeraldina.com\/wp-content\/uploads\/2025\/08\/ingles--768x964.png 768w, https:\/\/ellayeraldina.com\/wp-content\/uploads\/2025\/08\/ingles--1223x1536.png 1223w, https:\/\/ellayeraldina.com\/wp-content\/uploads\/2025\/08\/ingles--10x12.png 10w, https:\/\/ellayeraldina.com\/wp-content\/uploads\/2025\/08\/ingles--500x628.png 500w, https:\/\/ellayeraldina.com\/wp-content\/uploads\/2025\/08\/ingles--600x753.png 600w\" sizes=\"auto, (max-width: 1425px) 100vw, 1425px\" \/><\/span><\/figure><\/div>\n\n\n\n<div class=\"wp-block-stackable-columns stk-block-columns stk-block stk-2cc72f0\" data-block-id=\"2cc72f0\"><div class=\"stk-row stk-inner-blocks stk-block-content stk-content-align stk-2cc72f0-column\">\n<div class=\"wp-block-stackable-column stk-block-column stk-column stk-block stk-475efb3\" data-v=\"4\" data-block-id=\"475efb3\"><div class=\"stk-column-wrapper stk-block-column__content stk-container stk-475efb3-container stk--no-background stk--no-padding\"><div class=\"stk-block-content stk-inner-blocks stk-475efb3-inner-blocks\">\n<figure class=\"wp-block-image size-large\"><img loading=\"lazy\" decoding=\"async\" width=\"787\" height=\"1024\" src=\"https:\/\/ellayeraldina.com\/wp-content\/uploads\/2025\/08\/mitokatharsis-03-787x1024.jpg\" alt=\"\" class=\"wp-image-1476\" srcset=\"https:\/\/ellayeraldina.com\/wp-content\/uploads\/2025\/08\/mitokatharsis-03-787x1024.jpg 787w, https:\/\/ellayeraldina.com\/wp-content\/uploads\/2025\/08\/mitokatharsis-03-231x300.jpg 231w, https:\/\/ellayeraldina.com\/wp-content\/uploads\/2025\/08\/mitokatharsis-03-768x999.jpg 768w, https:\/\/ellayeraldina.com\/wp-content\/uploads\/2025\/08\/mitokatharsis-03-1180x1536.jpg 1180w, https:\/\/ellayeraldina.com\/wp-content\/uploads\/2025\/08\/mitokatharsis-03-500x651.jpg 500w, https:\/\/ellayeraldina.com\/wp-content\/uploads\/2025\/08\/mitokatharsis-03-600x781.jpg 600w, https:\/\/ellayeraldina.com\/wp-content\/uploads\/2025\/08\/mitokatharsis-03.jpg 1424w\" sizes=\"auto, (max-width: 787px) 100vw, 787px\" \/><\/figure>\n<\/div><\/div><\/div>\n\n\n\n<div class=\"wp-block-stackable-column stk-block-column stk-column stk-block stk-ddfd375\" data-v=\"4\" data-block-id=\"ddfd375\"><div class=\"stk-column-wrapper stk-block-column__content stk-container stk-ddfd375-container stk--no-background stk--no-padding\"><div class=\"stk-block-content stk-inner-blocks stk-ddfd375-inner-blocks\">\n<figure class=\"wp-block-image size-large\"><img loading=\"lazy\" decoding=\"async\" width=\"787\" height=\"1024\" src=\"https:\/\/ellayeraldina.com\/wp-content\/uploads\/2025\/08\/mitokatharsis-01-787x1024.jpg\" alt=\"\" class=\"wp-image-1474\" srcset=\"https:\/\/ellayeraldina.com\/wp-content\/uploads\/2025\/08\/mitokatharsis-01-787x1024.jpg 787w, https:\/\/ellayeraldina.com\/wp-content\/uploads\/2025\/08\/mitokatharsis-01-231x300.jpg 231w, https:\/\/ellayeraldina.com\/wp-content\/uploads\/2025\/08\/mitokatharsis-01-768x999.jpg 768w, https:\/\/ellayeraldina.com\/wp-content\/uploads\/2025\/08\/mitokatharsis-01-1180x1536.jpg 1180w, https:\/\/ellayeraldina.com\/wp-content\/uploads\/2025\/08\/mitokatharsis-01-500x651.jpg 500w, https:\/\/ellayeraldina.com\/wp-content\/uploads\/2025\/08\/mitokatharsis-01-600x781.jpg 600w, https:\/\/ellayeraldina.com\/wp-content\/uploads\/2025\/08\/mitokatharsis-01.jpg 1424w\" sizes=\"auto, (max-width: 787px) 100vw, 787px\" \/><\/figure>\n<\/div><\/div><\/div>\n\n\n\n<div class=\"wp-block-stackable-column stk-block-column stk-column stk-block stk-a7b2e0d\" data-v=\"4\" data-block-id=\"a7b2e0d\"><div class=\"stk-column-wrapper stk-block-column__content stk-container stk-a7b2e0d-container stk--no-background stk--no-padding\"><div class=\"stk-block-content stk-inner-blocks stk-a7b2e0d-inner-blocks\">\n<figure class=\"wp-block-image size-large\"><img loading=\"lazy\" decoding=\"async\" width=\"787\" height=\"1024\" src=\"https:\/\/ellayeraldina.com\/wp-content\/uploads\/2025\/08\/mitokatharsis-03-787x1024.jpg\" alt=\"\" class=\"wp-image-1476\" srcset=\"https:\/\/ellayeraldina.com\/wp-content\/uploads\/2025\/08\/mitokatharsis-03-787x1024.jpg 787w, https:\/\/ellayeraldina.com\/wp-content\/uploads\/2025\/08\/mitokatharsis-03-231x300.jpg 231w, https:\/\/ellayeraldina.com\/wp-content\/uploads\/2025\/08\/mitokatharsis-03-768x999.jpg 768w, https:\/\/ellayeraldina.com\/wp-content\/uploads\/2025\/08\/mitokatharsis-03-1180x1536.jpg 1180w, https:\/\/ellayeraldina.com\/wp-content\/uploads\/2025\/08\/mitokatharsis-03-500x651.jpg 500w, https:\/\/ellayeraldina.com\/wp-content\/uploads\/2025\/08\/mitokatharsis-03-600x781.jpg 600w, https:\/\/ellayeraldina.com\/wp-content\/uploads\/2025\/08\/mitokatharsis-03.jpg 1424w\" sizes=\"auto, (max-width: 787px) 100vw, 787px\" \/><\/figure>\n<\/div><\/div><\/div>\n<\/div><\/div>\n\n\n\n<div class=\"wp-block-stackable-image stk-block-image stk-block stk-146124c\" data-block-id=\"146124c\"><figure><span class=\"stk-img-wrapper stk-image--shape-stretch\"><img loading=\"lazy\" decoding=\"async\" class=\"stk-img wp-image-1479\" src=\"https:\/\/ellayeraldina.com\/wp-content\/uploads\/2025\/08\/FINAL-PRODUCTOS-scaled-e1755252671997.jpg\" width=\"2560\" height=\"627\" srcset=\"https:\/\/ellayeraldina.com\/wp-content\/uploads\/2025\/08\/FINAL-PRODUCTOS-scaled-e1755252671997.jpg 2560w, https:\/\/ellayeraldina.com\/wp-content\/uploads\/2025\/08\/FINAL-PRODUCTOS-scaled-e1755252671997-300x73.jpg 300w, https:\/\/ellayeraldina.com\/wp-content\/uploads\/2025\/08\/FINAL-PRODUCTOS-scaled-e1755252671997-1024x251.jpg 1024w, https:\/\/ellayeraldina.com\/wp-content\/uploads\/2025\/08\/FINAL-PRODUCTOS-scaled-e1755252671997-768x188.jpg 768w, https:\/\/ellayeraldina.com\/wp-content\/uploads\/2025\/08\/FINAL-PRODUCTOS-scaled-e1755252671997-1536x376.jpg 1536w, https:\/\/ellayeraldina.com\/wp-content\/uploads\/2025\/08\/FINAL-PRODUCTOS-scaled-e1755252671997-2048x502.jpg 2048w, https:\/\/ellayeraldina.com\/wp-content\/uploads\/2025\/08\/FINAL-PRODUCTOS-scaled-e1755252671997-500x122.jpg 500w, https:\/\/ellayeraldina.com\/wp-content\/uploads\/2025\/08\/FINAL-PRODUCTOS-scaled-e1755252671997-600x147.jpg 600w, https:\/\/ellayeraldina.com\/wp-content\/uploads\/2025\/08\/FINAL-PRODUCTOS-scaled-e1755252671997-18x4.jpg 18w\" sizes=\"auto, (max-width: 2560px) 100vw, 2560px\" \/><\/span><\/figure><\/div>\n\n\n\n<p>The collection was made with natural fibers such as linen and cotton, and dyed by hand with vegetable pigments, including achote, one of the fruits featured in the narrative. Each garment was designed as a tribute to these mythological figures, their transformative power, and the sacred relationship between women and nature.<\/p>\n\n\n\n<p><\/p>","protected":false},"excerpt":{"rendered":"<p>Diosas es una colecci\u00f3n de ropa creada por la marca colombiana Katharsis en colaboraci\u00f3n con Ellayeraldina, inspirada en un mito amaz\u00f3nico que relata el origen de dos plantas ancestrales: huito y achiote. Los frutos de estas plantas son esenciales para las comunidades de la regi\u00f3n, no solo por sus usos medicinales y cosm\u00e9ticos, sino tambi\u00e9n [&hellip;]<\/p>","protected":false},"author":1,"featured_media":0,"parent":0,"menu_order":0,"comment_status":"closed","ping_status":"closed","template":"","meta":{"footnotes":""},"class_list":["post-1472","page","type-page","status-publish","hentry"],"blocksy_meta":[],"aioseo_notices":[],"_links":{"self":[{"href":"https:\/\/ellayeraldina.com\/en\/wp-json\/wp\/v2\/pages\/1472","targetHints":{"allow":["GET"]}}],"collection":[{"href":"https:\/\/ellayeraldina.com\/en\/wp-json\/wp\/v2\/pages"}],"about":[{"href":"https:\/\/ellayeraldina.com\/en\/wp-json\/wp\/v2\/types\/page"}],"author":[{"embeddable":true,"href":"https:\/\/ellayeraldina.com\/en\/wp-json\/wp\/v2\/users\/1"}],"replies":[{"embeddable":true,"href":"https:\/\/ellayeraldina.com\/en\/wp-json\/wp\/v2\/comments?post=1472"}],"version-history":[{"count":11,"href":"https:\/\/ellayeraldina.com\/en\/wp-json\/wp\/v2\/pages\/1472\/revisions"}],"predecessor-version":[{"id":1562,"href":"https:\/\/ellayeraldina.com\/en\/wp-json\/wp\/v2\/pages\/1472\/revisions\/1562"}],"wp:attachment":[{"href":"https:\/\/ellayeraldina.com\/en\/wp-json\/wp\/v2\/media?parent=1472"}],"curies":[{"name":"wp","href":"https:\/\/api.w.org\/{rel}","templated":true}]}}