{"id":14,"date":"2022-05-24T14:57:58","date_gmt":"2022-05-24T14:57:58","guid":{"rendered":"https:\/\/startersites.io\/blocksy\/barber-shop\/?page_id=14"},"modified":"2025-08-15T02:45:33","modified_gmt":"2025-08-15T08:45:33","slug":"about","status":"publish","type":"page","link":"https:\/\/ellayeraldina.com\/en\/about\/","title":{"rendered":"About me"},"content":{"rendered":"<div class=\"wp-block-stackable-columns alignfull stk-block-columns stk-block stk-ee16d49\" data-block-id=\"ee16d49\"><style>.stk-ee16d49 {min-height:900px !important;align-items:center !important;margin-top:-83px !important;display:flex !important;}.stk-ee16d49-column{--stk-column-gap:48px !important;}<\/style><div class=\"stk-row stk-inner-blocks stk-block-content stk-content-align stk-ee16d49-column alignwide\">\n<div class=\"wp-block-stackable-column stk-block-column stk-column stk-block stk-684b831\" data-v=\"4\" data-block-id=\"684b831\"><style>.stk-684b831-inner-blocks{row-gap:0px !important;justify-content:center !important;}.stk-684b831 {min-height:0px !important;margin-left:79px !important;}.stk-684b831-container{min-height:0px !important;display:flex !important;}<\/style><div class=\"stk-column-wrapper stk-block-column__content stk-container stk-684b831-container stk--no-background stk--no-padding\"><div class=\"stk-block-content stk-inner-blocks stk-684b831-inner-blocks\">\n<p><\/p>\n\n\n\n<p><\/p>\n\n\n\n<div class=\"wp-block-stackable-heading stk-block-heading stk-block-heading--v2 stk-block stk-1599463\" id=\"hola\" data-block-id=\"1599463\"><style>.stk-1599463 {margin-bottom:7px !important;}<\/style><h1 class=\"stk-block-heading__text\">\u00a1Hola!<\/h1><\/div>\n\n\n\n<p><\/p>\n\n\n\n<p class=\"has-small-font-size\">I am Yeraldina M\u00e1rquez, an Afro-Colombian visual artist and full-time traveler. For more than eight years, I have been developing Ellayeraldina, an illustration project that uses drawing, color, and textures to create warm and vibrant environments that explore visual narratives in search of making diverse experiences visible, celebrating everyday life, and generating connections from an emotional, cultural, and personal perspective.<\/p>\n\n\n\n<p class=\"has-small-font-size\">My work is deeply influenced by my Afro-Colombian roots, the strength of the women who inspire me, the landscapes I travel through, and the communities that have welcomed me along the way.<\/p>\n\n\n\n<p class=\"has-small-font-size\">I have collaborated with institutions such as the Banco de la Rep\u00fablica, the Ministry of Justice, the Global Green Growth Institute (GGGI), and international chains such as Viajero Hostels. In addition, my socially-focused work has been exhibited in countries such as Mexico and Argentina.<\/p>\n\n\n\n<p class=\"has-small-font-size\">Let's work together!<br>\ud83d\udce9 ellayeraldina@gmail.com<\/p>\n\n\n\n<p><\/p>\n<\/div><\/div><\/div>\n\n\n\n<div class=\"wp-block-stackable-column stk-block-column stk-column stk-block stk-b62ffe0\" data-v=\"4\" data-block-id=\"b62ffe0\"><style>@media screen and (max-width:689px){.stk-b62ffe0-container{margin-top:9px !important;margin-right:9px !important;margin-bottom:9px !important;margin-left:9px !important;}.stk-b62ffe0-inner-blocks{row-gap:0px !important;}}<\/style><div class=\"stk-column-wrapper stk-block-column__content stk-container stk-b62ffe0-container stk--no-background stk--no-padding\"><div class=\"stk-block-content stk-inner-blocks stk-b62ffe0-inner-blocks\">\n<div class=\"wp-block-stackable-image stk-block-image has-text-align-center stk-block stk-704c592\" data-block-id=\"704c592\"><style>.stk-704c592 {margin-right:83px !important;}.stk-704c592 .stk-img-wrapper{height:600px !important;}@media screen and (max-width:689px){.stk-704c592 .stk-img-wrapper{aspect-ratio:1\/1 !important;height:267px !important;}.stk-704c592 .stk-img-wrapper img{object-fit:contain !important;}}<\/style><figure><span class=\"stk-img-wrapper stk-image--shape-stretch\"><img loading=\"lazy\" decoding=\"async\" class=\"stk-img wp-image-973\" src=\"https:\/\/ellayeraldina.com\/wp-content\/uploads\/2025\/02\/IMG_5274-e1739875924463.jpg\" width=\"750\" height=\"1085\" srcset=\"https:\/\/ellayeraldina.com\/wp-content\/uploads\/2025\/02\/IMG_5274-e1739875924463.jpg 750w, https:\/\/ellayeraldina.com\/wp-content\/uploads\/2025\/02\/IMG_5274-e1739875924463-207x300.jpg 207w, https:\/\/ellayeraldina.com\/wp-content\/uploads\/2025\/02\/IMG_5274-e1739875924463-708x1024.jpg 708w, https:\/\/ellayeraldina.com\/wp-content\/uploads\/2025\/02\/IMG_5274-e1739875924463-500x723.jpg 500w, https:\/\/ellayeraldina.com\/wp-content\/uploads\/2025\/02\/IMG_5274-e1739875924463-600x868.jpg 600w\" sizes=\"auto, (max-width: 750px) 100vw, 750px\" \/><\/span><\/figure><\/div>\n<\/div><\/div><\/div>\n<\/div><\/div>","protected":false},"excerpt":{"rendered":"<p>\u00a1Hola! Soy Yeraldina M\u00e1rquez, artista visual afrocolombiana y viajera de tiempo completo. Desde hace m\u00e1s de ocho a\u00f1os he desarrollado Ellayeraldina, un proyecto de ilustraci\u00f3n que a partir del dibujo, el color y las texturas, crea entornos c\u00e1lidos y vibrantes que exploran narrativas visuales en busca de visibilizar experiencias diversas, celebrar lo cotidiano y generar [&hellip;]<\/p>","protected":false},"author":1,"featured_media":0,"parent":0,"menu_order":0,"comment_status":"closed","ping_status":"closed","template":"","meta":{"footnotes":""},"class_list":["post-14","page","type-page","status-publish","hentry"],"blocksy_meta":{"styles_descriptor":{"styles":{"desktop":"","tablet":"","mobile":""},"google_fonts":[],"version":6},"page_title_panel":"","has_hero_section":"disabled","1f03916223e497f902b6ea1f41879de5":"","hero_section":"type-1","hero_elements":[{"id":"custom_title","enabled":true,"heading_tag":"h1","title":"Home"},{"id":"custom_description","enabled":true,"description_visibility":{"desktop":true,"tablet":true,"mobile":false}},{"id":"custom_meta","enabled":false,"meta_elements":[{"id":"author","enabled":true,"label":"By","has_author_avatar":"yes","avatar_size":25},{"id":"post_date","enabled":true,"label":"On","date_format_source":"default","date_format":"M j, Y"},{"id":"updated_date","enabled":false,"label":"On","date_format_source":"default","date_format":"M j, Y"},{"id":"categories","enabled":false,"label":"In","style":"simple"},{"id":"comments","enabled":true}],"page_meta_elements":{"joined":true,"articles_count":true,"comments":true}},{"id":"breadcrumbs","enabled":false}],"ee22a3572202750f968be8a1ba560054":"","hero_alignment1":"CT_CSS_SKIP_RULE","hero_margin":40,"hero_alignment2":"center","hero_vertical_alignment":"center","7e564e052697317af9efb915c566b5df":"","hero_structure":"narrow","4537bd8aa4756072752e0f23a3371357":"","page_title_bg_type":"featured_image","custom_hero_background":{"attachment_id":null},"page_title_image_size":"full","parallax":{"desktop":false,"tablet":false,"mobile":false},"e7d6cb9b61dc9375e9a731ef76ea62f9":"","hero_height":"250px","pageTitleFont":{"family":"Default","variation":"Default","size":"30px","line-height":"CT_CSS_SKIP_RULE","letter-spacing":"CT_CSS_SKIP_RULE","text-transform":"CT_CSS_SKIP_RULE","text-decoration":"CT_CSS_SKIP_RULE"},"pageTitleFontColor":{"default":{"color":"CT_CSS_SKIP_RULEDEFAULT"}},"pageMetaFont":{"family":"Default","variation":"n6","size":"12px","line-height":"1.3","letter-spacing":"CT_CSS_SKIP_RULE","text-transform":"uppercase","text-decoration":"CT_CSS_SKIP_RULE"},"pageMetaFontColor":{"default":{"color":"CT_CSS_SKIP_RULEDEFAULT"},"hover":{"color":"CT_CSS_SKIP_RULEDEFAULT"}},"page_meta_button_type_font_colors":{"default":{"color":"CT_CSS_SKIP_RULEDEFAULT"},"hover":{"color":"CT_CSS_SKIP_RULEDEFAULT"}},"page_meta_button_type_background_colors":{"default":{"color":"CT_CSS_SKIP_RULEDEFAULT"},"hover":{"color":"CT_CSS_SKIP_RULEDEFAULT"}},"pageExcerptFont":{"family":"Default","variation":"Default","size":"CT_CSS_SKIP_RULE","line-height":"CT_CSS_SKIP_RULE","letter-spacing":"CT_CSS_SKIP_RULE","text-transform":"CT_CSS_SKIP_RULE","text-decoration":"CT_CSS_SKIP_RULE"},"pageExcerptColor":{"default":{"color":"CT_CSS_SKIP_RULEDEFAULT"}},"breadcrumbsFont":{"family":"Default","variation":"Default","size":"CT_CSS_SKIP_RULE","line-height":"CT_CSS_SKIP_RULE","letter-spacing":"CT_CSS_SKIP_RULE","text-transform":"CT_CSS_SKIP_RULE","text-decoration":"CT_CSS_SKIP_RULE"},"breadcrumbsFontColor":{"default":{"color":"CT_CSS_SKIP_RULEDEFAULT"},"initial":{"color":"CT_CSS_SKIP_RULEDEFAULT"},"hover":{"color":"CT_CSS_SKIP_RULEDEFAULT"}},"pageTitleOverlay":{"background_type":"color","background_pattern":"type-1","background_image":{"attachment_id":null,"x":0,"y":0},"gradient":"linear-gradient(135deg,rgba(6,147,227,1) 0%,rgb(155,81,224) 100%)","background_repeat":"repeat","background_size":"auto","background_attachment":"scroll","patternColor":{"default":{"color":"#e5e7ea"}},"overlayColor":{"default":{"color":"CT_CSS_SKIP_RULE"}},"backgroundColor":{"default":{"color":"CT_CSS_SKIP_RULE"}}},"pageTitleBackground":{"background_type":"color","background_pattern":"type-1","background_image":{"attachment_id":null,"x":0,"y":0},"gradient":"linear-gradient(135deg,rgba(6,147,227,1) 0%,rgb(155,81,224) 100%)","background_repeat":"repeat","background_size":"auto","background_attachment":"scroll","patternColor":{"default":{"color":"#e5e7ea"}},"overlayColor":{"default":{"color":"CT_CSS_SKIP_RULE"}},"backgroundColor":{"default":{"color":"var(--theme-palette-color-6)"}}},"pageTitlePadding":{"top":"50px","bottom":"50px","left":"auto","right":"auto","linked":true},"9594b949e5b7eac790c20f18a66344ec":"","page_structure_type":"default","b3c19357fc1aac9b9ba16039964435fe":"","content_style_source":"inherit","content_style":"wide","vertical_spacing_source":"custom","content_area_spacing":"none","background":{"background_type":"color","background_pattern":"type-1","background_image":{"attachment_id":null,"x":0,"y":0},"gradient":"linear-gradient(135deg,rgba(6,147,227,1) 0%,rgb(155,81,224) 100%)","background_repeat":"repeat","background_size":"auto","background_attachment":"scroll","patternColor":{"default":{"color":"#e5e7ea"}},"overlayColor":{"default":{"color":"CT_CSS_SKIP_RULE"}},"backgroundColor":{"default":{"color":"CT_CSS_SKIP_RULE"}}},"content_background":{"background_type":"color","background_pattern":"type-1","background_image":{"attachment_id":null,"x":0,"y":0},"gradient":"linear-gradient(135deg,rgba(6,147,227,1) 0%,rgb(155,81,224) 100%)","background_repeat":"repeat","background_size":"auto","background_attachment":"scroll","patternColor":{"default":{"color":"#e5e7ea"}},"overlayColor":{"default":{"color":"CT_CSS_SKIP_RULE"}},"backgroundColor":{"default":{"color":"var(--theme-palette-color-8)"}}},"content_boxed_shadow":{"inherit":false,"blur":18,"spread":-6,"v_offset":12,"h_offset":0,"inset":false,"enable":true,"color":{"color":"rgba(34, 56, 101, 0.04)"}},"content_boxed_border":{"width":1,"style":"none","color":{"color":"rgba(44,62,80,0.2)"}},"content_boxed_radius":{"top":"3px","bottom":"3px","left":"3px","right":"3px","linked":true},"boxed_content_spacing":{"desktop":{"top":"40px","bottom":"40px","left":"40px","right":"40px","linked":true},"tablet":{"top":"35px","bottom":"35px","left":"35px","right":"35px","linked":true},"mobile":{"top":"20px","bottom":"20px","left":"20px","right":"20px","linked":true}},"f00738e0ec7a991b33f9e30ef07ece20":"","disable_featured_image":"no","disable_share_box":"no","disable_header":"no","disable_footer":"no"},"aioseo_notices":[],"_links":{"self":[{"href":"https:\/\/ellayeraldina.com\/en\/wp-json\/wp\/v2\/pages\/14","targetHints":{"allow":["GET"]}}],"collection":[{"href":"https:\/\/ellayeraldina.com\/en\/wp-json\/wp\/v2\/pages"}],"about":[{"href":"https:\/\/ellayeraldina.com\/en\/wp-json\/wp\/v2\/types\/page"}],"author":[{"embeddable":true,"href":"https:\/\/ellayeraldina.com\/en\/wp-json\/wp\/v2\/users\/1"}],"replies":[{"embeddable":true,"href":"https:\/\/ellayeraldina.com\/en\/wp-json\/wp\/v2\/comments?post=14"}],"version-history":[{"count":33,"href":"https:\/\/ellayeraldina.com\/en\/wp-json\/wp\/v2\/pages\/14\/revisions"}],"predecessor-version":[{"id":1539,"href":"https:\/\/ellayeraldina.com\/en\/wp-json\/wp\/v2\/pages\/14\/revisions\/1539"}],"wp:attachment":[{"href":"https:\/\/ellayeraldina.com\/en\/wp-json\/wp\/v2\/media?parent=14"}],"curies":[{"name":"wp","href":"https:\/\/api.w.org\/{rel}","templated":true}]}}