{"id":1392,"date":"2025-07-30T08:12:11","date_gmt":"2025-07-30T14:12:11","guid":{"rendered":"https:\/\/ellayeraldina.com\/?page_id=1392"},"modified":"2025-08-17T08:19:28","modified_gmt":"2025-08-17T14:19:28","slug":"mapa-gggi","status":"publish","type":"page","link":"https:\/\/ellayeraldina.com\/en\/mapa-gggi\/","title":{"rendered":"GGGI Map"},"content":{"rendered":"<div class=\"wp-block-stackable-columns stk-block-columns stk-block stk-ada0ca5\" data-block-id=\"ada0ca5\"><div class=\"stk-row stk-inner-blocks stk-block-content stk-content-align stk-ada0ca5-column\">\n<div class=\"wp-block-stackable-column stk-block-column stk-column stk-block stk-dd8a8a5\" data-v=\"4\" data-block-id=\"dd8a8a5\"><div class=\"stk-column-wrapper stk-block-column__content stk-container stk-dd8a8a5-container stk--no-background stk--no-padding\"><div class=\"stk-block-content stk-inner-blocks stk-dd8a8a5-inner-blocks\">\n<figure class=\"wp-block-image size-large\"><img loading=\"lazy\" decoding=\"async\" width=\"746\" height=\"1024\" src=\"https:\/\/ellayeraldina.com\/wp-content\/uploads\/2025\/07\/IMG_2391-min-746x1024.jpg\" alt=\"\" class=\"wp-image-1393\" style=\"aspect-ratio:3\/4;object-fit:cover\" srcset=\"https:\/\/ellayeraldina.com\/wp-content\/uploads\/2025\/07\/IMG_2391-min-746x1024.jpg 746w, https:\/\/ellayeraldina.com\/wp-content\/uploads\/2025\/07\/IMG_2391-min-219x300.jpg 219w, https:\/\/ellayeraldina.com\/wp-content\/uploads\/2025\/07\/IMG_2391-min-768x1054.jpg 768w, https:\/\/ellayeraldina.com\/wp-content\/uploads\/2025\/07\/IMG_2391-min-1120x1536.jpg 1120w, https:\/\/ellayeraldina.com\/wp-content\/uploads\/2025\/07\/IMG_2391-min-1493x2048.jpg 1493w, https:\/\/ellayeraldina.com\/wp-content\/uploads\/2025\/07\/IMG_2391-min-500x686.jpg 500w, https:\/\/ellayeraldina.com\/wp-content\/uploads\/2025\/07\/IMG_2391-min-600x823.jpg 600w, https:\/\/ellayeraldina.com\/wp-content\/uploads\/2025\/07\/IMG_2391-min-scaled.jpg 1866w\" sizes=\"auto, (max-width: 746px) 100vw, 746px\" \/><\/figure>\n<\/div><\/div><\/div>\n\n\n\n<div class=\"wp-block-stackable-column stk-block-column stk-column stk-block stk-d379d8d\" data-v=\"4\" data-block-id=\"d379d8d\"><div class=\"stk-column-wrapper stk-block-column__content stk-container stk-d379d8d-container stk--no-background stk--no-padding\"><div class=\"stk-block-content stk-inner-blocks stk-d379d8d-inner-blocks\">\n<figure class=\"wp-block-image size-large\"><img loading=\"lazy\" decoding=\"async\" width=\"774\" height=\"1024\" src=\"https:\/\/ellayeraldina.com\/wp-content\/uploads\/2025\/07\/IMG_2355-min-774x1024.jpg\" alt=\"\" class=\"wp-image-1394\" style=\"aspect-ratio:3\/4;object-fit:cover\" srcset=\"https:\/\/ellayeraldina.com\/wp-content\/uploads\/2025\/07\/IMG_2355-min-774x1024.jpg 774w, https:\/\/ellayeraldina.com\/wp-content\/uploads\/2025\/07\/IMG_2355-min-227x300.jpg 227w, https:\/\/ellayeraldina.com\/wp-content\/uploads\/2025\/07\/IMG_2355-min-768x1016.jpg 768w, https:\/\/ellayeraldina.com\/wp-content\/uploads\/2025\/07\/IMG_2355-min-1161x1536.jpg 1161w, https:\/\/ellayeraldina.com\/wp-content\/uploads\/2025\/07\/IMG_2355-min-1548x2048.jpg 1548w, https:\/\/ellayeraldina.com\/wp-content\/uploads\/2025\/07\/IMG_2355-min-500x661.jpg 500w, https:\/\/ellayeraldina.com\/wp-content\/uploads\/2025\/07\/IMG_2355-min-600x794.jpg 600w, https:\/\/ellayeraldina.com\/wp-content\/uploads\/2025\/07\/IMG_2355-min-scaled.jpg 1935w\" sizes=\"auto, (max-width: 774px) 100vw, 774px\" \/><\/figure>\n<\/div><\/div><\/div>\n\n\n\n<div class=\"wp-block-stackable-column stk-block-column stk-column stk-block stk-750ee40\" data-v=\"4\" data-block-id=\"750ee40\"><div class=\"stk-column-wrapper stk-block-column__content stk-container stk-750ee40-container stk--no-background stk--no-padding\"><div class=\"stk-block-content stk-inner-blocks stk-750ee40-inner-blocks\">\n<figure class=\"wp-block-image size-large\"><img loading=\"lazy\" decoding=\"async\" width=\"746\" height=\"1024\" src=\"https:\/\/ellayeraldina.com\/wp-content\/uploads\/2025\/07\/IMG_2392-min-746x1024.jpg\" alt=\"\" class=\"wp-image-1396\" style=\"aspect-ratio:3\/4;object-fit:cover\" srcset=\"https:\/\/ellayeraldina.com\/wp-content\/uploads\/2025\/07\/IMG_2392-min-746x1024.jpg 746w, https:\/\/ellayeraldina.com\/wp-content\/uploads\/2025\/07\/IMG_2392-min-219x300.jpg 219w, https:\/\/ellayeraldina.com\/wp-content\/uploads\/2025\/07\/IMG_2392-min-768x1054.jpg 768w, https:\/\/ellayeraldina.com\/wp-content\/uploads\/2025\/07\/IMG_2392-min-1120x1536.jpg 1120w, https:\/\/ellayeraldina.com\/wp-content\/uploads\/2025\/07\/IMG_2392-min-1493x2048.jpg 1493w, https:\/\/ellayeraldina.com\/wp-content\/uploads\/2025\/07\/IMG_2392-min-500x686.jpg 500w, https:\/\/ellayeraldina.com\/wp-content\/uploads\/2025\/07\/IMG_2392-min-600x823.jpg 600w, https:\/\/ellayeraldina.com\/wp-content\/uploads\/2025\/07\/IMG_2392-min-scaled.jpg 1866w\" sizes=\"auto, (max-width: 746px) 100vw, 746px\" \/><\/figure>\n<\/div><\/div><\/div>\n<\/div><\/div>\n\n\n\n<p>In 2023, the Global Green Growth Institute (GGGI) presented an illustrated map of Colombia at its annual meeting, showing the projects it is developing in different regions of the country. The illustration was conceived as a piece that transcends the informative, integrating landscapes, natural elements, and cultural symbols that reflect the diversity of the Colombian territory and its potential for sustainability and green growth. <\/p>\n\n\n\n<p>The map became a visual tool for recognizing Colombia's wealth, showing not only its geography but also the connection between communities, the environment, and projects that seek to promote a more sustainable future. This work was captured in the official agendas given to attendees at the annual meeting, becoming a meaningful souvenir and a testament to the country's commitment to green development.<\/p>\n\n\n\n<div class=\"wp-block-stackable-image stk-block-image stk-block stk-60a8931\" data-block-id=\"60a8931\"><figure><span class=\"stk-img-wrapper stk-image--shape-stretch\"><img loading=\"lazy\" decoding=\"async\" class=\"stk-img wp-image-1401\" src=\"https:\/\/ellayeraldina.com\/wp-content\/uploads\/2025\/07\/final-comprimido.png\" width=\"2114\" height=\"2241\" srcset=\"https:\/\/ellayeraldina.com\/wp-content\/uploads\/2025\/07\/final-comprimido.png 2114w, https:\/\/ellayeraldina.com\/wp-content\/uploads\/2025\/07\/final-comprimido-283x300.png 283w, https:\/\/ellayeraldina.com\/wp-content\/uploads\/2025\/07\/final-comprimido-966x1024.png 966w, https:\/\/ellayeraldina.com\/wp-content\/uploads\/2025\/07\/final-comprimido-768x814.png 768w, https:\/\/ellayeraldina.com\/wp-content\/uploads\/2025\/07\/final-comprimido-1449x1536.png 1449w, https:\/\/ellayeraldina.com\/wp-content\/uploads\/2025\/07\/final-comprimido-1932x2048.png 1932w, https:\/\/ellayeraldina.com\/wp-content\/uploads\/2025\/07\/final-comprimido-500x530.png 500w, https:\/\/ellayeraldina.com\/wp-content\/uploads\/2025\/07\/final-comprimido-600x636.png 600w\" sizes=\"auto, (max-width: 2114px) 100vw, 2114px\" \/><\/span><\/figure><\/div>","protected":false},"excerpt":{"rendered":"<p>En 2023, el Instituto Global para el Crecimiento Verde (GGGI) present\u00f3 en su reuni\u00f3n anual un mapa ilustrado de Colombia que da cuenta de los proyectos que desarrolla en distintas regiones del pa\u00eds. La ilustraci\u00f3n fue concebida como una pieza que trasciende lo informativo, integrando paisajes, elementos naturales y s\u00edmbolos culturales que reflejan la diversidad [&hellip;]<\/p>","protected":false},"author":1,"featured_media":0,"parent":0,"menu_order":0,"comment_status":"closed","ping_status":"closed","template":"","meta":{"footnotes":""},"class_list":["post-1392","page","type-page","status-publish","hentry"],"blocksy_meta":[],"aioseo_notices":[],"_links":{"self":[{"href":"https:\/\/ellayeraldina.com\/en\/wp-json\/wp\/v2\/pages\/1392","targetHints":{"allow":["GET"]}}],"collection":[{"href":"https:\/\/ellayeraldina.com\/en\/wp-json\/wp\/v2\/pages"}],"about":[{"href":"https:\/\/ellayeraldina.com\/en\/wp-json\/wp\/v2\/types\/page"}],"author":[{"embeddable":true,"href":"https:\/\/ellayeraldina.com\/en\/wp-json\/wp\/v2\/users\/1"}],"replies":[{"embeddable":true,"href":"https:\/\/ellayeraldina.com\/en\/wp-json\/wp\/v2\/comments?post=1392"}],"version-history":[{"count":7,"href":"https:\/\/ellayeraldina.com\/en\/wp-json\/wp\/v2\/pages\/1392\/revisions"}],"predecessor-version":[{"id":1563,"href":"https:\/\/ellayeraldina.com\/en\/wp-json\/wp\/v2\/pages\/1392\/revisions\/1563"}],"wp:attachment":[{"href":"https:\/\/ellayeraldina.com\/en\/wp-json\/wp\/v2\/media?parent=1392"}],"curies":[{"name":"wp","href":"https:\/\/api.w.org\/{rel}","templated":true}]}}