{"id":1348,"date":"2025-07-29T16:23:20","date_gmt":"2025-07-29T22:23:20","guid":{"rendered":"https:\/\/ellayeraldina.com\/?page_id=1348"},"modified":"2025-08-01T03:44:54","modified_gmt":"2025-08-01T09:44:54","slug":"postales","status":"publish","type":"page","link":"https:\/\/ellayeraldina.com\/en\/postales\/","title":{"rendered":"Postcards"},"content":{"rendered":"<p>In 2024, I decided to create a series of illustrated postcards as a way to record the most significant experiences I had during the first six months of the year. Each postcard represents a cherished memory, a special place, or a moment that left a lasting impression on me.<\/p>\n\n\n\n<div class=\"wp-block-stackable-columns stk-block-columns stk-block stk-714dc27\" data-block-id=\"714dc27\"><div class=\"stk-row stk-inner-blocks stk-block-content stk-content-align stk-714dc27-column\">\n<div class=\"wp-block-stackable-column stk-block-column stk-column stk-block stk-a70bdd2\" data-v=\"4\" data-block-id=\"a70bdd2\"><div class=\"stk-column-wrapper stk-block-column__content stk-container stk-a70bdd2-container stk--no-background stk--no-padding\"><div class=\"stk-block-content stk-inner-blocks stk-a70bdd2-inner-blocks\">\n<div class=\"wp-block-stackable-image stk-block-image stk-block stk-d325e59\" data-block-id=\"d325e59\"><figure><span class=\"stk-img-wrapper stk-image--shape-stretch\"><img loading=\"lazy\" decoding=\"async\" class=\"stk-img wp-image-1350\" src=\"https:\/\/ellayeraldina.com\/wp-content\/uploads\/2025\/07\/IMG_5777-scaled.jpg\" width=\"1784\" height=\"2560\" srcset=\"https:\/\/ellayeraldina.com\/wp-content\/uploads\/2025\/07\/IMG_5777-scaled.jpg 1784w, https:\/\/ellayeraldina.com\/wp-content\/uploads\/2025\/07\/IMG_5777-209x300.jpg 209w, https:\/\/ellayeraldina.com\/wp-content\/uploads\/2025\/07\/IMG_5777-714x1024.jpg 714w, https:\/\/ellayeraldina.com\/wp-content\/uploads\/2025\/07\/IMG_5777-768x1102.jpg 768w, https:\/\/ellayeraldina.com\/wp-content\/uploads\/2025\/07\/IMG_5777-1070x1536.jpg 1070w, https:\/\/ellayeraldina.com\/wp-content\/uploads\/2025\/07\/IMG_5777-1427x2048.jpg 1427w, https:\/\/ellayeraldina.com\/wp-content\/uploads\/2025\/07\/IMG_5777-500x718.jpg 500w, https:\/\/ellayeraldina.com\/wp-content\/uploads\/2025\/07\/IMG_5777-600x861.jpg 600w\" sizes=\"auto, (max-width: 1784px) 100vw, 1784px\" \/><\/span><\/figure><\/div>\n<\/div><\/div><\/div>\n\n\n\n<div class=\"wp-block-stackable-column stk-block-column stk-column stk-block stk-4fcd0f2\" data-v=\"4\" data-block-id=\"4fcd0f2\"><div class=\"stk-column-wrapper stk-block-column__content stk-container stk-4fcd0f2-container stk--no-background stk--no-padding\"><div class=\"stk-block-content stk-inner-blocks stk-4fcd0f2-inner-blocks\">\n<div class=\"wp-block-stackable-image stk-block-image stk-block stk-25c78ad\" data-block-id=\"25c78ad\"><figure><span class=\"stk-img-wrapper stk-image--shape-stretch\"><img loading=\"lazy\" decoding=\"async\" class=\"stk-img wp-image-1351\" src=\"https:\/\/ellayeraldina.com\/wp-content\/uploads\/2025\/07\/IMG_5821-scaled.jpg\" width=\"1784\" height=\"2560\" srcset=\"https:\/\/ellayeraldina.com\/wp-content\/uploads\/2025\/07\/IMG_5821-scaled.jpg 1784w, https:\/\/ellayeraldina.com\/wp-content\/uploads\/2025\/07\/IMG_5821-209x300.jpg 209w, https:\/\/ellayeraldina.com\/wp-content\/uploads\/2025\/07\/IMG_5821-714x1024.jpg 714w, https:\/\/ellayeraldina.com\/wp-content\/uploads\/2025\/07\/IMG_5821-768x1102.jpg 768w, https:\/\/ellayeraldina.com\/wp-content\/uploads\/2025\/07\/IMG_5821-1070x1536.jpg 1070w, https:\/\/ellayeraldina.com\/wp-content\/uploads\/2025\/07\/IMG_5821-1427x2048.jpg 1427w, https:\/\/ellayeraldina.com\/wp-content\/uploads\/2025\/07\/IMG_5821-500x718.jpg 500w, https:\/\/ellayeraldina.com\/wp-content\/uploads\/2025\/07\/IMG_5821-600x861.jpg 600w\" sizes=\"auto, (max-width: 1784px) 100vw, 1784px\" \/><\/span><\/figure><\/div>\n<\/div><\/div><\/div>\n\n\n\n<div class=\"wp-block-stackable-column stk-block-column stk-column stk-block stk-2d9007e\" data-v=\"4\" data-block-id=\"2d9007e\"><div class=\"stk-column-wrapper stk-block-column__content stk-container stk-2d9007e-container stk--no-background stk--no-padding\"><div class=\"stk-block-content stk-inner-blocks stk-2d9007e-inner-blocks\">\n<div class=\"wp-block-stackable-image stk-block-image stk-block stk-5366656\" data-block-id=\"5366656\"><figure><span class=\"stk-img-wrapper stk-image--shape-stretch\"><img loading=\"lazy\" decoding=\"async\" class=\"stk-img wp-image-1352\" src=\"https:\/\/ellayeraldina.com\/wp-content\/uploads\/2025\/07\/IMG_5758-scaled.jpg\" width=\"1784\" height=\"2560\" srcset=\"https:\/\/ellayeraldina.com\/wp-content\/uploads\/2025\/07\/IMG_5758-scaled.jpg 1784w, https:\/\/ellayeraldina.com\/wp-content\/uploads\/2025\/07\/IMG_5758-209x300.jpg 209w, https:\/\/ellayeraldina.com\/wp-content\/uploads\/2025\/07\/IMG_5758-714x1024.jpg 714w, https:\/\/ellayeraldina.com\/wp-content\/uploads\/2025\/07\/IMG_5758-768x1102.jpg 768w, https:\/\/ellayeraldina.com\/wp-content\/uploads\/2025\/07\/IMG_5758-1070x1536.jpg 1070w, https:\/\/ellayeraldina.com\/wp-content\/uploads\/2025\/07\/IMG_5758-1427x2048.jpg 1427w, https:\/\/ellayeraldina.com\/wp-content\/uploads\/2025\/07\/IMG_5758-500x718.jpg 500w, https:\/\/ellayeraldina.com\/wp-content\/uploads\/2025\/07\/IMG_5758-600x861.jpg 600w\" sizes=\"auto, (max-width: 1784px) 100vw, 1784px\" \/><\/span><\/figure><\/div>\n<\/div><\/div><\/div>\n<\/div><\/div>\n\n\n\n<div class=\"wp-block-stackable-columns stk-block-columns stk-block stk-51ae570\" data-block-id=\"51ae570\"><div class=\"stk-row stk-inner-blocks stk-block-content stk-content-align stk-51ae570-column\">\n<div class=\"wp-block-stackable-column stk-block-column stk-column stk-block stk-5fe75e7\" data-v=\"4\" data-block-id=\"5fe75e7\"><div class=\"stk-column-wrapper stk-block-column__content stk-container stk-5fe75e7-container stk--no-background stk--no-padding\"><div class=\"stk-block-content stk-inner-blocks stk-5fe75e7-inner-blocks\">\n<div class=\"wp-block-stackable-image stk-block-image stk-block stk-d20120e\" data-block-id=\"d20120e\"><figure><span class=\"stk-img-wrapper stk-image--shape-stretch\"><img loading=\"lazy\" decoding=\"async\" class=\"stk-img wp-image-1354\" src=\"https:\/\/ellayeraldina.com\/wp-content\/uploads\/2025\/07\/IMG_6054-scaled.jpg\" width=\"1784\" height=\"2560\" srcset=\"https:\/\/ellayeraldina.com\/wp-content\/uploads\/2025\/07\/IMG_6054-scaled.jpg 1784w, https:\/\/ellayeraldina.com\/wp-content\/uploads\/2025\/07\/IMG_6054-209x300.jpg 209w, https:\/\/ellayeraldina.com\/wp-content\/uploads\/2025\/07\/IMG_6054-714x1024.jpg 714w, https:\/\/ellayeraldina.com\/wp-content\/uploads\/2025\/07\/IMG_6054-768x1102.jpg 768w, https:\/\/ellayeraldina.com\/wp-content\/uploads\/2025\/07\/IMG_6054-1070x1536.jpg 1070w, https:\/\/ellayeraldina.com\/wp-content\/uploads\/2025\/07\/IMG_6054-1427x2048.jpg 1427w, https:\/\/ellayeraldina.com\/wp-content\/uploads\/2025\/07\/IMG_6054-500x718.jpg 500w, https:\/\/ellayeraldina.com\/wp-content\/uploads\/2025\/07\/IMG_6054-600x861.jpg 600w\" sizes=\"auto, (max-width: 1784px) 100vw, 1784px\" \/><\/span><\/figure><\/div>\n<\/div><\/div><\/div>\n\n\n\n<div class=\"wp-block-stackable-column stk-block-column stk-column stk-block stk-3bd319d\" data-v=\"4\" data-block-id=\"3bd319d\"><div class=\"stk-column-wrapper stk-block-column__content stk-container stk-3bd319d-container stk--no-background stk--no-padding\"><div class=\"stk-block-content stk-inner-blocks stk-3bd319d-inner-blocks\">\n<div class=\"wp-block-stackable-image stk-block-image stk-block stk-cad837c\" data-block-id=\"cad837c\"><figure><span class=\"stk-img-wrapper stk-image--shape-stretch\"><img loading=\"lazy\" decoding=\"async\" class=\"stk-img wp-image-1355\" src=\"https:\/\/ellayeraldina.com\/wp-content\/uploads\/2025\/07\/IMG_6083-scaled.jpg\" width=\"1784\" height=\"2560\" srcset=\"https:\/\/ellayeraldina.com\/wp-content\/uploads\/2025\/07\/IMG_6083-scaled.jpg 1784w, https:\/\/ellayeraldina.com\/wp-content\/uploads\/2025\/07\/IMG_6083-209x300.jpg 209w, https:\/\/ellayeraldina.com\/wp-content\/uploads\/2025\/07\/IMG_6083-714x1024.jpg 714w, https:\/\/ellayeraldina.com\/wp-content\/uploads\/2025\/07\/IMG_6083-768x1102.jpg 768w, https:\/\/ellayeraldina.com\/wp-content\/uploads\/2025\/07\/IMG_6083-1070x1536.jpg 1070w, https:\/\/ellayeraldina.com\/wp-content\/uploads\/2025\/07\/IMG_6083-1427x2048.jpg 1427w, https:\/\/ellayeraldina.com\/wp-content\/uploads\/2025\/07\/IMG_6083-500x718.jpg 500w, https:\/\/ellayeraldina.com\/wp-content\/uploads\/2025\/07\/IMG_6083-600x861.jpg 600w\" sizes=\"auto, (max-width: 1784px) 100vw, 1784px\" \/><\/span><\/figure><\/div>\n<\/div><\/div><\/div>\n\n\n\n<div class=\"wp-block-stackable-column stk-block-column stk-column stk-block stk-b528743\" data-v=\"4\" data-block-id=\"b528743\"><div class=\"stk-column-wrapper stk-block-column__content stk-container stk-b528743-container stk--no-background stk--no-padding\"><div class=\"stk-block-content stk-inner-blocks stk-b528743-inner-blocks\">\n<div class=\"wp-block-stackable-image stk-block-image stk-block stk-59ca8c4\" data-block-id=\"59ca8c4\"><figure><span class=\"stk-img-wrapper stk-image--shape-stretch\"><img loading=\"lazy\" decoding=\"async\" class=\"stk-img wp-image-1349\" src=\"https:\/\/ellayeraldina.com\/wp-content\/uploads\/2025\/07\/Ilustracion_sin_titulo-3-scaled.jpg\" width=\"1784\" height=\"2560\" srcset=\"https:\/\/ellayeraldina.com\/wp-content\/uploads\/2025\/07\/Ilustracion_sin_titulo-3-scaled.jpg 1784w, https:\/\/ellayeraldina.com\/wp-content\/uploads\/2025\/07\/Ilustracion_sin_titulo-3-209x300.jpg 209w, https:\/\/ellayeraldina.com\/wp-content\/uploads\/2025\/07\/Ilustracion_sin_titulo-3-714x1024.jpg 714w, https:\/\/ellayeraldina.com\/wp-content\/uploads\/2025\/07\/Ilustracion_sin_titulo-3-768x1102.jpg 768w, https:\/\/ellayeraldina.com\/wp-content\/uploads\/2025\/07\/Ilustracion_sin_titulo-3-1070x1536.jpg 1070w, https:\/\/ellayeraldina.com\/wp-content\/uploads\/2025\/07\/Ilustracion_sin_titulo-3-1427x2048.jpg 1427w, https:\/\/ellayeraldina.com\/wp-content\/uploads\/2025\/07\/Ilustracion_sin_titulo-3-500x718.jpg 500w, https:\/\/ellayeraldina.com\/wp-content\/uploads\/2025\/07\/Ilustracion_sin_titulo-3-600x861.jpg 600w\" sizes=\"auto, (max-width: 1784px) 100vw, 1784px\" \/><\/span><\/figure><\/div>\n<\/div><\/div><\/div>\n<\/div><\/div>\n\n\n\n<p>Las postales ilustran:<\/p>\n\n\n\n<ol class=\"wp-block-list\">\n<li>El amanecer con vista a Monserrate en Bogot\u00e1.<\/li>\n\n\n\n<li>Vivir el Carnaval de Barranquilla por primera vez.<\/li>\n\n\n\n<li>Hacer surf en Cartagena.<\/li>\n\n\n\n<li>Ser artista invitada en un evento de Samsung y realizar mi primera exposici\u00f3n individual en Santa Marta.<\/li>\n\n\n\n<li>Dormir en chinchorro bajo las estrellas en La Guajira.<\/li>\n\n\n\n<li>Asistir al Festival de M\u00fasica del Pac\u00edfico Petronio \u00c1lvarez en Cali.<\/li>\n<\/ol>\n\n\n\n<p>Esta serie es una bit\u00e1cora visual que celebra el movimiento, el asombro y la riqueza de los territorios colombianos.<\/p>\n\n\n\n<p><\/p>","protected":false},"excerpt":{"rendered":"<p>En 2024 decid\u00ed crear una serie de postales ilustradas como una forma de registrar las experiencias m\u00e1s significativas que viv\u00ed durante los primeros seis meses del a\u00f1o. Cada postal representa un recuerdo valioso, un lugar especial o un momento que dej\u00f3 huella en m\u00ed. Las postales ilustran: Esta serie es una bit\u00e1cora visual que celebra [&hellip;]<\/p>","protected":false},"author":1,"featured_media":0,"parent":0,"menu_order":0,"comment_status":"closed","ping_status":"closed","template":"","meta":{"footnotes":""},"class_list":["post-1348","page","type-page","status-publish","hentry"],"blocksy_meta":[],"aioseo_notices":[],"_links":{"self":[{"href":"https:\/\/ellayeraldina.com\/en\/wp-json\/wp\/v2\/pages\/1348","targetHints":{"allow":["GET"]}}],"collection":[{"href":"https:\/\/ellayeraldina.com\/en\/wp-json\/wp\/v2\/pages"}],"about":[{"href":"https:\/\/ellayeraldina.com\/en\/wp-json\/wp\/v2\/types\/page"}],"author":[{"embeddable":true,"href":"https:\/\/ellayeraldina.com\/en\/wp-json\/wp\/v2\/users\/1"}],"replies":[{"embeddable":true,"href":"https:\/\/ellayeraldina.com\/en\/wp-json\/wp\/v2\/comments?post=1348"}],"version-history":[{"count":2,"href":"https:\/\/ellayeraldina.com\/en\/wp-json\/wp\/v2\/pages\/1348\/revisions"}],"predecessor-version":[{"id":1451,"href":"https:\/\/ellayeraldina.com\/en\/wp-json\/wp\/v2\/pages\/1348\/revisions\/1451"}],"wp:attachment":[{"href":"https:\/\/ellayeraldina.com\/en\/wp-json\/wp\/v2\/media?parent=1348"}],"curies":[{"name":"wp","href":"https:\/\/api.w.org\/{rel}","templated":true}]}}