{"id":1316,"date":"2025-07-29T15:05:11","date_gmt":"2025-07-29T21:05:11","guid":{"rendered":"https:\/\/ellayeraldina.com\/?page_id=1316"},"modified":"2025-08-15T03:44:03","modified_gmt":"2025-08-15T09:44:03","slug":"vision-afro-2025","status":"publish","type":"page","link":"https:\/\/ellayeraldina.com\/en\/vision-afro-2025\/","title":{"rendered":"Visi\u00f3n afro 2025"},"content":{"rendered":"<div class=\"wp-block-stackable-image stk-block-image stk-block stk-111d08c\" data-block-id=\"111d08c\"><figure><span class=\"stk-img-wrapper stk-image--shape-stretch\"><img loading=\"lazy\" decoding=\"async\" class=\"stk-img wp-image-1318\" src=\"https:\/\/ellayeraldina.com\/wp-content\/uploads\/2025\/07\/IMG_1122-1-scaled.jpg\" width=\"2560\" height=\"1707\" srcset=\"https:\/\/ellayeraldina.com\/wp-content\/uploads\/2025\/07\/IMG_1122-1-scaled.jpg 2560w, https:\/\/ellayeraldina.com\/wp-content\/uploads\/2025\/07\/IMG_1122-1-300x200.jpg 300w, https:\/\/ellayeraldina.com\/wp-content\/uploads\/2025\/07\/IMG_1122-1-1024x683.jpg 1024w, https:\/\/ellayeraldina.com\/wp-content\/uploads\/2025\/07\/IMG_1122-1-768x512.jpg 768w, https:\/\/ellayeraldina.com\/wp-content\/uploads\/2025\/07\/IMG_1122-1-1536x1024.jpg 1536w, https:\/\/ellayeraldina.com\/wp-content\/uploads\/2025\/07\/IMG_1122-1-2048x1365.jpg 2048w, https:\/\/ellayeraldina.com\/wp-content\/uploads\/2025\/07\/IMG_1122-1-500x333.jpg 500w, https:\/\/ellayeraldina.com\/wp-content\/uploads\/2025\/07\/IMG_1122-1-600x400.jpg 600w\" sizes=\"auto, (max-width: 2560px) 100vw, 2560px\" \/><\/span><\/figure><\/div>\n\n\n\n<div class=\"wp-block-stackable-divider stk-block-divider stk-block stk-742ac0e\" data-block-id=\"742ac0e\"><hr class=\"stk-block-divider__hr\"\/><\/div>\n\n\n\n<p>Visi\u00f3n Afro 2025 is an inter-institutional initiative between the Ford Foundation, Dejusticia, the Afro-Latin American Research Institute at Harvard University (ALARI), and the Center for Afro-Diasporic Studies Ceaficesi. It seeks to create spaces for dialogue and reflection on issues of inequality, justice, development, and recognition in Afro-descendant communities, with a special emphasis on the work and contributions of Black women in Colombia.<\/p>\n\n\n\n<p>These spaces for dialogue were summarized in a series of podcasts, and I had the honor of being invited to illustrate some episodes, contributing visual art to the construction of these narratives that highlight the struggles, knowledge, and contributions of Afro-descendant communities in Latin America.<\/p>\n\n\n\n<div class=\"wp-block-stackable-divider stk-block-divider stk-block stk-aa3ccea\" data-block-id=\"aa3ccea\"><hr class=\"stk-block-divider__hr\"\/><\/div>\n\n\n\n<div class=\"wp-block-stackable-image stk-block-image stk-block stk-3e91623\" data-block-id=\"3e91623\"><figure><span class=\"stk-img-wrapper stk-image--shape-stretch\"><img loading=\"lazy\" decoding=\"async\" class=\"stk-img wp-image-1320\" src=\"https:\/\/ellayeraldina.com\/wp-content\/uploads\/2025\/07\/8C157645-9283-4E33-8304-D22DAE6666A0.jpg\" width=\"1334\" height=\"1334\" srcset=\"https:\/\/ellayeraldina.com\/wp-content\/uploads\/2025\/07\/8C157645-9283-4E33-8304-D22DAE6666A0.jpg 1334w, https:\/\/ellayeraldina.com\/wp-content\/uploads\/2025\/07\/8C157645-9283-4E33-8304-D22DAE6666A0-300x300.jpg 300w, https:\/\/ellayeraldina.com\/wp-content\/uploads\/2025\/07\/8C157645-9283-4E33-8304-D22DAE6666A0-1024x1024.jpg 1024w, https:\/\/ellayeraldina.com\/wp-content\/uploads\/2025\/07\/8C157645-9283-4E33-8304-D22DAE6666A0-150x150.jpg 150w, https:\/\/ellayeraldina.com\/wp-content\/uploads\/2025\/07\/8C157645-9283-4E33-8304-D22DAE6666A0-768x768.jpg 768w, https:\/\/ellayeraldina.com\/wp-content\/uploads\/2025\/07\/8C157645-9283-4E33-8304-D22DAE6666A0-500x500.jpg 500w, https:\/\/ellayeraldina.com\/wp-content\/uploads\/2025\/07\/8C157645-9283-4E33-8304-D22DAE6666A0-600x600.jpg 600w, https:\/\/ellayeraldina.com\/wp-content\/uploads\/2025\/07\/8C157645-9283-4E33-8304-D22DAE6666A0-100x100.jpg 100w\" sizes=\"auto, (max-width: 1334px) 100vw, 1334px\" \/><\/span><\/figure><\/div>\n\n\n\n<div class=\"wp-block-stackable-image stk-block-image stk-block stk-f6796a8\" data-block-id=\"f6796a8\"><figure><span class=\"stk-img-wrapper stk-image--shape-stretch\"><img loading=\"lazy\" decoding=\"async\" class=\"stk-img wp-image-1321\" src=\"https:\/\/ellayeraldina.com\/wp-content\/uploads\/2025\/07\/IMG_3160-e1753822561548.png\" width=\"1620\" height=\"1706\" srcset=\"https:\/\/ellayeraldina.com\/wp-content\/uploads\/2025\/07\/IMG_3160-e1753822561548.png 1620w, https:\/\/ellayeraldina.com\/wp-content\/uploads\/2025\/07\/IMG_3160-e1753822561548-285x300.png 285w, https:\/\/ellayeraldina.com\/wp-content\/uploads\/2025\/07\/IMG_3160-e1753822561548-972x1024.png 972w, https:\/\/ellayeraldina.com\/wp-content\/uploads\/2025\/07\/IMG_3160-e1753822561548-768x809.png 768w, https:\/\/ellayeraldina.com\/wp-content\/uploads\/2025\/07\/IMG_3160-e1753822561548-1459x1536.png 1459w, https:\/\/ellayeraldina.com\/wp-content\/uploads\/2025\/07\/IMG_3160-e1753822561548-500x527.png 500w, https:\/\/ellayeraldina.com\/wp-content\/uploads\/2025\/07\/IMG_3160-e1753822561548-600x632.png 600w\" sizes=\"auto, (max-width: 1620px) 100vw, 1620px\" \/><\/span><\/figure><\/div>\n\n\n\n<div class=\"wp-block-stackable-image stk-block-image stk-block stk-adf15e4\" data-block-id=\"adf15e4\"><figure><span class=\"stk-img-wrapper stk-image--shape-stretch\"><img loading=\"lazy\" decoding=\"async\" class=\"stk-img wp-image-1319\" src=\"https:\/\/ellayeraldina.com\/wp-content\/uploads\/2025\/07\/IMG_1256-scaled.jpg\" width=\"2560\" height=\"1707\" srcset=\"https:\/\/ellayeraldina.com\/wp-content\/uploads\/2025\/07\/IMG_1256-scaled.jpg 2560w, https:\/\/ellayeraldina.com\/wp-content\/uploads\/2025\/07\/IMG_1256-300x200.jpg 300w, https:\/\/ellayeraldina.com\/wp-content\/uploads\/2025\/07\/IMG_1256-1024x683.jpg 1024w, https:\/\/ellayeraldina.com\/wp-content\/uploads\/2025\/07\/IMG_1256-768x512.jpg 768w, https:\/\/ellayeraldina.com\/wp-content\/uploads\/2025\/07\/IMG_1256-1536x1024.jpg 1536w, https:\/\/ellayeraldina.com\/wp-content\/uploads\/2025\/07\/IMG_1256-2048x1365.jpg 2048w, https:\/\/ellayeraldina.com\/wp-content\/uploads\/2025\/07\/IMG_1256-500x333.jpg 500w, https:\/\/ellayeraldina.com\/wp-content\/uploads\/2025\/07\/IMG_1256-600x400.jpg 600w\" sizes=\"auto, (max-width: 2560px) 100vw, 2560px\" \/><\/span><\/figure><\/div>\n\n\n\n<p>You can listen to the episode here: <a href=\"https:\/\/visionafro2025.org\/podcast-la-triple-pandemia-violencia-racismo-y-covid-19\/\" title=\"Episode\">Episode<\/a><\/p>\n\n\n\n<p><\/p>","protected":false},"excerpt":{"rendered":"<p>Visi\u00f3n Afro 2025 es una iniciativa interinstitucional entre la Fundaci\u00f3n Ford, Dejusticia, el Instituto de Investigaciones Afrolatinoamericanas de la Universidad de Harvard (ALARI) y el Centro de Estudios Afrodiasp\u00f3ricos Ceaficesi, que busca crear espacios de di\u00e1logo y reflexi\u00f3n en torno a temas de desigualdad, justicia, desarrollo y reconocimiento en las comunidades afrodescendientes, destacando de manera [&hellip;]<\/p>","protected":false},"author":1,"featured_media":0,"parent":0,"menu_order":0,"comment_status":"closed","ping_status":"closed","template":"","meta":{"footnotes":""},"class_list":["post-1316","page","type-page","status-publish","hentry"],"blocksy_meta":[],"aioseo_notices":[],"_links":{"self":[{"href":"https:\/\/ellayeraldina.com\/en\/wp-json\/wp\/v2\/pages\/1316","targetHints":{"allow":["GET"]}}],"collection":[{"href":"https:\/\/ellayeraldina.com\/en\/wp-json\/wp\/v2\/pages"}],"about":[{"href":"https:\/\/ellayeraldina.com\/en\/wp-json\/wp\/v2\/types\/page"}],"author":[{"embeddable":true,"href":"https:\/\/ellayeraldina.com\/en\/wp-json\/wp\/v2\/users\/1"}],"replies":[{"embeddable":true,"href":"https:\/\/ellayeraldina.com\/en\/wp-json\/wp\/v2\/comments?post=1316"}],"version-history":[{"count":8,"href":"https:\/\/ellayeraldina.com\/en\/wp-json\/wp\/v2\/pages\/1316\/revisions"}],"predecessor-version":[{"id":1547,"href":"https:\/\/ellayeraldina.com\/en\/wp-json\/wp\/v2\/pages\/1316\/revisions\/1547"}],"wp:attachment":[{"href":"https:\/\/ellayeraldina.com\/en\/wp-json\/wp\/v2\/media?parent=1316"}],"curies":[{"name":"wp","href":"https:\/\/api.w.org\/{rel}","templated":true}]}}