{"id":1290,"date":"2025-07-29T14:12:20","date_gmt":"2025-07-29T20:12:20","guid":{"rendered":"https:\/\/ellayeraldina.com\/?page_id=1290"},"modified":"2025-08-15T03:36:37","modified_gmt":"2025-08-15T09:36:37","slug":"transiciones-justas-en-clave-restaurativa","status":"publish","type":"page","link":"https:\/\/ellayeraldina.com\/en\/transiciones-justas-en-clave-restaurativa\/","title":{"rendered":"Restorative justice transitions"},"content":{"rendered":"<div class=\"wp-block-stackable-columns stk-block-columns stk-block stk-1961824\" data-block-id=\"1961824\"><div class=\"stk-row stk-inner-blocks stk-block-content stk-content-align stk-1961824-column\">\n<div class=\"wp-block-stackable-column stk-block-column stk-column stk-block stk-0fc59a2\" data-v=\"4\" data-block-id=\"0fc59a2\"><div class=\"stk-column-wrapper stk-block-column__content stk-container stk-0fc59a2-container stk--no-background stk--no-padding\"><div class=\"stk-block-content stk-inner-blocks stk-0fc59a2-inner-blocks\">\n<div class=\"wp-block-stackable-image stk-block-image stk-block stk-379b498\" data-block-id=\"379b498\"><figure><span class=\"stk-img-wrapper stk-image--shape-stretch\"><img loading=\"lazy\" decoding=\"async\" class=\"stk-img wp-image-1294\" src=\"https:\/\/ellayeraldina.com\/wp-content\/uploads\/2025\/07\/IMG_3127-scaled.jpg\" width=\"2011\" height=\"2560\" srcset=\"https:\/\/ellayeraldina.com\/wp-content\/uploads\/2025\/07\/IMG_3127-scaled.jpg 2011w, https:\/\/ellayeraldina.com\/wp-content\/uploads\/2025\/07\/IMG_3127-236x300.jpg 236w, https:\/\/ellayeraldina.com\/wp-content\/uploads\/2025\/07\/IMG_3127-804x1024.jpg 804w, https:\/\/ellayeraldina.com\/wp-content\/uploads\/2025\/07\/IMG_3127-768x978.jpg 768w, https:\/\/ellayeraldina.com\/wp-content\/uploads\/2025\/07\/IMG_3127-1207x1536.jpg 1207w, https:\/\/ellayeraldina.com\/wp-content\/uploads\/2025\/07\/IMG_3127-1609x2048.jpg 1609w, https:\/\/ellayeraldina.com\/wp-content\/uploads\/2025\/07\/IMG_3127-500x636.jpg 500w, https:\/\/ellayeraldina.com\/wp-content\/uploads\/2025\/07\/IMG_3127-600x764.jpg 600w\" sizes=\"auto, (max-width: 2011px) 100vw, 2011px\" \/><\/span><\/figure><\/div>\n<\/div><\/div><\/div>\n\n\n\n<div class=\"wp-block-stackable-column stk-block-column stk-column stk-block stk-57b9985\" data-v=\"4\" data-block-id=\"57b9985\"><div class=\"stk-column-wrapper stk-block-column__content stk-container stk-57b9985-container stk--no-background stk--no-padding\"><div class=\"stk-block-content stk-inner-blocks stk-57b9985-inner-blocks\">\n<div class=\"wp-block-stackable-image stk-block-image stk-block stk-cf62d09\" data-block-id=\"cf62d09\"><figure><span class=\"stk-img-wrapper stk-image--shape-stretch\"><img loading=\"lazy\" decoding=\"async\" class=\"stk-img wp-image-1295\" src=\"https:\/\/ellayeraldina.com\/wp-content\/uploads\/2025\/07\/IMG_3112-scaled.jpg\" width=\"2011\" height=\"2560\" srcset=\"https:\/\/ellayeraldina.com\/wp-content\/uploads\/2025\/07\/IMG_3112-scaled.jpg 2011w, https:\/\/ellayeraldina.com\/wp-content\/uploads\/2025\/07\/IMG_3112-236x300.jpg 236w, https:\/\/ellayeraldina.com\/wp-content\/uploads\/2025\/07\/IMG_3112-804x1024.jpg 804w, https:\/\/ellayeraldina.com\/wp-content\/uploads\/2025\/07\/IMG_3112-768x978.jpg 768w, https:\/\/ellayeraldina.com\/wp-content\/uploads\/2025\/07\/IMG_3112-1207x1536.jpg 1207w, https:\/\/ellayeraldina.com\/wp-content\/uploads\/2025\/07\/IMG_3112-1609x2048.jpg 1609w, https:\/\/ellayeraldina.com\/wp-content\/uploads\/2025\/07\/IMG_3112-500x636.jpg 500w, https:\/\/ellayeraldina.com\/wp-content\/uploads\/2025\/07\/IMG_3112-600x764.jpg 600w\" sizes=\"auto, (max-width: 2011px) 100vw, 2011px\" \/><\/span><\/figure><\/div>\n<\/div><\/div><\/div>\n\n\n\n<div class=\"wp-block-stackable-column stk-block-column stk-column stk-block stk-d254728\" data-v=\"4\" data-block-id=\"d254728\"><div class=\"stk-column-wrapper stk-block-column__content stk-container stk-d254728-container stk--no-background stk--no-padding\"><div class=\"stk-block-content stk-inner-blocks stk-d254728-inner-blocks\">\n<div class=\"wp-block-stackable-image stk-block-image stk-block stk-81545e3\" data-block-id=\"81545e3\"><figure><span class=\"stk-img-wrapper stk-image--shape-stretch\"><img loading=\"lazy\" decoding=\"async\" class=\"stk-img wp-image-1299\" src=\"https:\/\/ellayeraldina.com\/wp-content\/uploads\/2025\/07\/IMG_3115-scaled.jpg\" width=\"2011\" height=\"2560\" srcset=\"https:\/\/ellayeraldina.com\/wp-content\/uploads\/2025\/07\/IMG_3115-scaled.jpg 2011w, https:\/\/ellayeraldina.com\/wp-content\/uploads\/2025\/07\/IMG_3115-236x300.jpg 236w, https:\/\/ellayeraldina.com\/wp-content\/uploads\/2025\/07\/IMG_3115-804x1024.jpg 804w, https:\/\/ellayeraldina.com\/wp-content\/uploads\/2025\/07\/IMG_3115-768x978.jpg 768w, https:\/\/ellayeraldina.com\/wp-content\/uploads\/2025\/07\/IMG_3115-1207x1536.jpg 1207w, https:\/\/ellayeraldina.com\/wp-content\/uploads\/2025\/07\/IMG_3115-1609x2048.jpg 1609w, https:\/\/ellayeraldina.com\/wp-content\/uploads\/2025\/07\/IMG_3115-500x636.jpg 500w, https:\/\/ellayeraldina.com\/wp-content\/uploads\/2025\/07\/IMG_3115-600x764.jpg 600w\" sizes=\"auto, (max-width: 2011px) 100vw, 2011px\" \/><\/span><\/figure><\/div>\n<\/div><\/div><\/div>\n<\/div><\/div>\n\n\n\n<p>Transiciones justas en clave restaurativa es un estudio del Observatorio de Justicia Transicional del Ministerio de Justicia y del Derecho de Colombia, que recopila buenas pr\u00e1cticas para el dise\u00f1o e implementaci\u00f3n de medidas restaurativas en casos de violencias basadas en g\u00e9nero y por prejuicio en el contexto del conflicto armado en Colombia.<\/p>\n\n\n\n<p>I developed the illustrations for the report based on five thematic areas: <\/p>\n\n\n\n<p>1. The damage. 2. The reconstruction of the victims' tissue. 3. The transformation. 4. The action of sustaining, supporting, and restoring. 5. Dialogue. <\/p>\n\n\n\n<p>I used star figures as a visual metaphor to represent the actors involved, thus allowing for an open interpretation that is sensitive to the diversity of experiences and subjectivities. <\/p>\n\n\n\n<div class=\"wp-block-stackable-columns stk-block-columns stk-block stk-e6df64a\" data-block-id=\"e6df64a\"><div class=\"stk-row stk-inner-blocks stk-block-content stk-content-align stk-e6df64a-column\">\n<div class=\"wp-block-stackable-column stk-block-column stk-column stk-block stk-2f129bc\" data-v=\"4\" data-block-id=\"2f129bc\"><div class=\"stk-column-wrapper stk-block-column__content stk-container stk-2f129bc-container stk--no-background stk--no-padding\"><div class=\"stk-block-content stk-inner-blocks stk-2f129bc-inner-blocks\">\n<div class=\"wp-block-stackable-image stk-block-image stk-block stk-6475768\" data-block-id=\"6475768\"><figure><span class=\"stk-img-wrapper stk-image--shape-stretch\"><img loading=\"lazy\" decoding=\"async\" class=\"stk-img wp-image-1300\" src=\"https:\/\/ellayeraldina.com\/wp-content\/uploads\/2025\/07\/IMG_3116-scaled.jpg\" width=\"2011\" height=\"2560\" srcset=\"https:\/\/ellayeraldina.com\/wp-content\/uploads\/2025\/07\/IMG_3116-scaled.jpg 2011w, https:\/\/ellayeraldina.com\/wp-content\/uploads\/2025\/07\/IMG_3116-236x300.jpg 236w, https:\/\/ellayeraldina.com\/wp-content\/uploads\/2025\/07\/IMG_3116-804x1024.jpg 804w, https:\/\/ellayeraldina.com\/wp-content\/uploads\/2025\/07\/IMG_3116-768x978.jpg 768w, https:\/\/ellayeraldina.com\/wp-content\/uploads\/2025\/07\/IMG_3116-1207x1536.jpg 1207w, https:\/\/ellayeraldina.com\/wp-content\/uploads\/2025\/07\/IMG_3116-1609x2048.jpg 1609w, https:\/\/ellayeraldina.com\/wp-content\/uploads\/2025\/07\/IMG_3116-500x636.jpg 500w, https:\/\/ellayeraldina.com\/wp-content\/uploads\/2025\/07\/IMG_3116-600x764.jpg 600w\" sizes=\"auto, (max-width: 2011px) 100vw, 2011px\" \/><\/span><\/figure><\/div>\n<\/div><\/div><\/div>\n\n\n\n<div class=\"wp-block-stackable-column stk-block-column stk-column stk-block stk-200ab5d\" data-v=\"4\" data-block-id=\"200ab5d\"><div class=\"stk-column-wrapper stk-block-column__content stk-container stk-200ab5d-container stk--no-background stk--no-padding\"><div class=\"stk-block-content stk-inner-blocks stk-200ab5d-inner-blocks\">\n<figure class=\"wp-block-image size-large\"><img loading=\"lazy\" decoding=\"async\" width=\"804\" height=\"1024\" src=\"https:\/\/ellayeraldina.com\/wp-content\/uploads\/2025\/07\/IMG_3122-1-804x1024.jpg\" alt=\"\" class=\"wp-image-1301\" srcset=\"https:\/\/ellayeraldina.com\/wp-content\/uploads\/2025\/07\/IMG_3122-1-804x1024.jpg 804w, https:\/\/ellayeraldina.com\/wp-content\/uploads\/2025\/07\/IMG_3122-1-236x300.jpg 236w, https:\/\/ellayeraldina.com\/wp-content\/uploads\/2025\/07\/IMG_3122-1-768x978.jpg 768w, https:\/\/ellayeraldina.com\/wp-content\/uploads\/2025\/07\/IMG_3122-1-1207x1536.jpg 1207w, https:\/\/ellayeraldina.com\/wp-content\/uploads\/2025\/07\/IMG_3122-1-1609x2048.jpg 1609w, https:\/\/ellayeraldina.com\/wp-content\/uploads\/2025\/07\/IMG_3122-1-500x636.jpg 500w, https:\/\/ellayeraldina.com\/wp-content\/uploads\/2025\/07\/IMG_3122-1-600x764.jpg 600w, https:\/\/ellayeraldina.com\/wp-content\/uploads\/2025\/07\/IMG_3122-1-scaled.jpg 2011w\" sizes=\"auto, (max-width: 804px) 100vw, 804px\" \/><\/figure>\n<\/div><\/div><\/div>\n<\/div><\/div>\n\n\n\n<div class=\"wp-block-stackable-image stk-block-image stk-block stk-e9766e2\" data-block-id=\"e9766e2\"><figure><span class=\"stk-img-wrapper stk-image--shape-stretch\"><img loading=\"lazy\" decoding=\"async\" class=\"stk-img wp-image-1306\" src=\"https:\/\/ellayeraldina.com\/wp-content\/uploads\/2025\/07\/Mesa-de-trabajo-1-2.png\" width=\"1321\" height=\"664\" srcset=\"https:\/\/ellayeraldina.com\/wp-content\/uploads\/2025\/07\/Mesa-de-trabajo-1-2.png 1321w, https:\/\/ellayeraldina.com\/wp-content\/uploads\/2025\/07\/Mesa-de-trabajo-1-2-300x151.png 300w, https:\/\/ellayeraldina.com\/wp-content\/uploads\/2025\/07\/Mesa-de-trabajo-1-2-1024x515.png 1024w, https:\/\/ellayeraldina.com\/wp-content\/uploads\/2025\/07\/Mesa-de-trabajo-1-2-768x386.png 768w, https:\/\/ellayeraldina.com\/wp-content\/uploads\/2025\/07\/Mesa-de-trabajo-1-2-500x251.png 500w, https:\/\/ellayeraldina.com\/wp-content\/uploads\/2025\/07\/Mesa-de-trabajo-1-2-600x302.png 600w\" sizes=\"auto, (max-width: 1321px) 100vw, 1321px\" \/><\/span><\/figure><\/div>\n\n\n\n<div class=\"wp-block-stackable-columns stk-block-columns stk-block stk-cad3ed1\" data-block-id=\"cad3ed1\"><div class=\"stk-row stk-inner-blocks stk-block-content stk-content-align stk-cad3ed1-column\">\n<div class=\"wp-block-stackable-column stk-block-column stk-column stk-block stk-7685424\" data-v=\"4\" data-block-id=\"7685424\"><div class=\"stk-column-wrapper stk-block-column__content stk-container stk-7685424-container stk--no-background stk--no-padding\"><div class=\"stk-block-content stk-inner-blocks stk-7685424-inner-blocks\">\n<div class=\"wp-block-stackable-image stk-block-image stk-block stk-50d8bd9\" data-block-id=\"50d8bd9\"><style>.stk-50d8bd9 .stk-img-wrapper{aspect-ratio:3\/4 !important;height:auto !important;}@media screen and (max-width:999px){.stk-50d8bd9 .stk-img-wrapper{height:auto !important;}}@media screen and (max-width:689px){.stk-50d8bd9 .stk-img-wrapper{height:auto !important;}}<\/style><figure><span class=\"stk-img-wrapper stk-image--shape-stretch\"><img loading=\"lazy\" decoding=\"async\" class=\"stk-img wp-image-1313\" src=\"https:\/\/ellayeraldina.com\/wp-content\/uploads\/2025\/07\/IMG_3117.png\" width=\"2598\" height=\"3307\" srcset=\"https:\/\/ellayeraldina.com\/wp-content\/uploads\/2025\/07\/IMG_3117.png 2598w, https:\/\/ellayeraldina.com\/wp-content\/uploads\/2025\/07\/IMG_3117-236x300.png 236w, https:\/\/ellayeraldina.com\/wp-content\/uploads\/2025\/07\/IMG_3117-804x1024.png 804w, https:\/\/ellayeraldina.com\/wp-content\/uploads\/2025\/07\/IMG_3117-768x978.png 768w, https:\/\/ellayeraldina.com\/wp-content\/uploads\/2025\/07\/IMG_3117-1207x1536.png 1207w, https:\/\/ellayeraldina.com\/wp-content\/uploads\/2025\/07\/IMG_3117-1609x2048.png 1609w, https:\/\/ellayeraldina.com\/wp-content\/uploads\/2025\/07\/IMG_3117-500x636.png 500w, https:\/\/ellayeraldina.com\/wp-content\/uploads\/2025\/07\/IMG_3117-600x764.png 600w\" sizes=\"auto, (max-width: 2598px) 100vw, 2598px\" \/><\/span><\/figure><\/div>\n<\/div><\/div><\/div>\n\n\n\n<div class=\"wp-block-stackable-column stk-block-column stk-column stk-block stk-d6abd5e\" data-v=\"4\" data-block-id=\"d6abd5e\"><div class=\"stk-column-wrapper stk-block-column__content stk-container stk-d6abd5e-container stk--no-background stk--no-padding\"><div class=\"stk-block-content stk-inner-blocks stk-d6abd5e-inner-blocks\">\n<div class=\"wp-block-stackable-image stk-block-image stk-block stk-27c20ba\" data-block-id=\"27c20ba\"><style>.stk-27c20ba .stk-img-wrapper{aspect-ratio:3\/4 !important;height:auto !important;}@media screen and (max-width:999px){.stk-27c20ba .stk-img-wrapper{height:auto !important;}}@media screen and (max-width:689px){.stk-27c20ba .stk-img-wrapper{height:auto !important;}}<\/style><figure><span class=\"stk-img-wrapper stk-image--shape-stretch\"><img loading=\"lazy\" decoding=\"async\" class=\"stk-img wp-image-1292\" src=\"https:\/\/ellayeraldina.com\/wp-content\/uploads\/2025\/07\/Transiciones-Justas-PDF-1-1.png\" width=\"2479\" height=\"3508\" srcset=\"https:\/\/ellayeraldina.com\/wp-content\/uploads\/2025\/07\/Transiciones-Justas-PDF-1-1.png 2479w, https:\/\/ellayeraldina.com\/wp-content\/uploads\/2025\/07\/Transiciones-Justas-PDF-1-1-212x300.png 212w, https:\/\/ellayeraldina.com\/wp-content\/uploads\/2025\/07\/Transiciones-Justas-PDF-1-1-724x1024.png 724w, https:\/\/ellayeraldina.com\/wp-content\/uploads\/2025\/07\/Transiciones-Justas-PDF-1-1-768x1087.png 768w, https:\/\/ellayeraldina.com\/wp-content\/uploads\/2025\/07\/Transiciones-Justas-PDF-1-1-1085x1536.png 1085w, https:\/\/ellayeraldina.com\/wp-content\/uploads\/2025\/07\/Transiciones-Justas-PDF-1-1-1447x2048.png 1447w, https:\/\/ellayeraldina.com\/wp-content\/uploads\/2025\/07\/Transiciones-Justas-PDF-1-1-500x708.png 500w, https:\/\/ellayeraldina.com\/wp-content\/uploads\/2025\/07\/Transiciones-Justas-PDF-1-1-600x849.png 600w\" sizes=\"auto, (max-width: 2479px) 100vw, 2479px\" \/><\/span><\/figure><\/div>\n<\/div><\/div><\/div>\n<\/div><\/div>\n\n\n\n<div class=\"wp-block-stackable-image stk-block-image stk-block stk-556eac7\" data-block-id=\"556eac7\"><figure><span class=\"stk-img-wrapper stk-image--shape-stretch\"><img loading=\"lazy\" decoding=\"async\" class=\"stk-img wp-image-1297\" src=\"https:\/\/ellayeraldina.com\/wp-content\/uploads\/2025\/07\/pngbocetos.png\" width=\"1537\" height=\"463\" srcset=\"https:\/\/ellayeraldina.com\/wp-content\/uploads\/2025\/07\/pngbocetos.png 1537w, https:\/\/ellayeraldina.com\/wp-content\/uploads\/2025\/07\/pngbocetos-300x90.png 300w, https:\/\/ellayeraldina.com\/wp-content\/uploads\/2025\/07\/pngbocetos-1024x308.png 1024w, https:\/\/ellayeraldina.com\/wp-content\/uploads\/2025\/07\/pngbocetos-768x231.png 768w, https:\/\/ellayeraldina.com\/wp-content\/uploads\/2025\/07\/pngbocetos-500x151.png 500w, https:\/\/ellayeraldina.com\/wp-content\/uploads\/2025\/07\/pngbocetos-600x181.png 600w\" sizes=\"auto, (max-width: 1537px) 100vw, 1537px\" \/><\/span><\/figure><\/div>\n\n\n\n<p>You can access the full study at the following link: <a href=\"https:\/\/www.minjusticia.gov.co\/Sala-de-prensa\/Paginas\/Buenas-practicas-para-enfrentar-los-retos-de-la-implementacion-de-medidas-y-sanciones-restaurativas-en-casos-de-violencias-.aspx\" title=\"Research\">Research<\/a><\/p>\n\n\n\n<p><\/p>","protected":false},"excerpt":{"rendered":"<p>Transiciones justas en clave restaurativa es un estudio del Observatorio de Justicia Transicional del Ministerio de Justicia y del Derecho de Colombia, que recopila buenas pr\u00e1cticas para el dise\u00f1o e implementaci\u00f3n de medidas restaurativas en casos de violencias basadas en g\u00e9nero y por prejuicio en el contexto del conflicto armado en Colombia. Desarroll\u00e9 las ilustraciones [&hellip;]<\/p>","protected":false},"author":1,"featured_media":0,"parent":0,"menu_order":0,"comment_status":"closed","ping_status":"closed","template":"","meta":{"footnotes":""},"class_list":["post-1290","page","type-page","status-publish","hentry"],"blocksy_meta":[],"aioseo_notices":[],"_links":{"self":[{"href":"https:\/\/ellayeraldina.com\/en\/wp-json\/wp\/v2\/pages\/1290","targetHints":{"allow":["GET"]}}],"collection":[{"href":"https:\/\/ellayeraldina.com\/en\/wp-json\/wp\/v2\/pages"}],"about":[{"href":"https:\/\/ellayeraldina.com\/en\/wp-json\/wp\/v2\/types\/page"}],"author":[{"embeddable":true,"href":"https:\/\/ellayeraldina.com\/en\/wp-json\/wp\/v2\/users\/1"}],"replies":[{"embeddable":true,"href":"https:\/\/ellayeraldina.com\/en\/wp-json\/wp\/v2\/comments?post=1290"}],"version-history":[{"count":12,"href":"https:\/\/ellayeraldina.com\/en\/wp-json\/wp\/v2\/pages\/1290\/revisions"}],"predecessor-version":[{"id":1544,"href":"https:\/\/ellayeraldina.com\/en\/wp-json\/wp\/v2\/pages\/1290\/revisions\/1544"}],"wp:attachment":[{"href":"https:\/\/ellayeraldina.com\/en\/wp-json\/wp\/v2\/media?parent=1290"}],"curies":[{"name":"wp","href":"https:\/\/api.w.org\/{rel}","templated":true}]}}