{"id":1269,"date":"2025-07-29T11:48:30","date_gmt":"2025-07-29T17:48:30","guid":{"rendered":"https:\/\/ellayeraldina.com\/?page_id=1269"},"modified":"2025-08-01T10:20:09","modified_gmt":"2025-08-01T16:20:09","slug":"origenes-ancestrales-del-fogon-cafetero","status":"publish","type":"page","link":"https:\/\/ellayeraldina.com\/en\/origenes-ancestrales-del-fogon-cafetero\/","title":{"rendered":"Ancestral origins of the coffee stove"},"content":{"rendered":"<div class=\"wp-block-stackable-image stk-block-image stk-block stk-617300b\" data-block-id=\"617300b\"><figure><span class=\"stk-img-wrapper stk-image--shape-stretch\"><img loading=\"lazy\" decoding=\"async\" class=\"stk-img wp-image-1284\" src=\"https:\/\/ellayeraldina.com\/wp-content\/uploads\/2025\/07\/Mesa-de-trabajo-1-1.png\" width=\"1366\" height=\"768\" srcset=\"https:\/\/ellayeraldina.com\/wp-content\/uploads\/2025\/07\/Mesa-de-trabajo-1-1.png 1366w, https:\/\/ellayeraldina.com\/wp-content\/uploads\/2025\/07\/Mesa-de-trabajo-1-1-300x169.png 300w, https:\/\/ellayeraldina.com\/wp-content\/uploads\/2025\/07\/Mesa-de-trabajo-1-1-1024x576.png 1024w, https:\/\/ellayeraldina.com\/wp-content\/uploads\/2025\/07\/Mesa-de-trabajo-1-1-768x432.png 768w, https:\/\/ellayeraldina.com\/wp-content\/uploads\/2025\/07\/Mesa-de-trabajo-1-1-500x281.png 500w, https:\/\/ellayeraldina.com\/wp-content\/uploads\/2025\/07\/Mesa-de-trabajo-1-1-600x337.png 600w\" sizes=\"auto, (max-width: 1366px) 100vw, 1366px\" \/><\/span><\/figure><\/div>\n\n\n\n<p><\/p>\n\n\n\n<p>Ancestral Origins of the Coffee Stove is an interactive recipe book developed by the Quimbaya Gold Museum in collaboration with the Bank of the Republic of Colombia. It seeks to highlight the deep relationship between the pre-Hispanic legacy and the current culinary traditions of the Quind\u00edo region.<\/p>\n\n\n\n<p>The recipe book is the result of rigorous archaeobotanical research, which identified 12 plants of great importance to the region's ancestral cuisine. Based on these, we worked with traditional cooks to create recipes that today speak to our history and our roots.<\/p>\n\n\n\n<p>Each recipe is interactive: it contains a video that explains step by step how to prepare it and tells the life stories of those who cook it, providing an enriching experience.<\/p>\n\n\n\n<p><\/p>\n\n\n\n<div class=\"wp-block-stackable-columns stk-block-columns stk-block stk-c458cd9\" data-block-id=\"c458cd9\"><div class=\"stk-row stk-inner-blocks stk-block-content stk-content-align stk-c458cd9-column\">\n<div class=\"wp-block-stackable-column stk-block-column stk-column stk-block stk-3949dd1\" data-v=\"4\" data-block-id=\"3949dd1\"><div class=\"stk-column-wrapper stk-block-column__content stk-container stk-3949dd1-container stk--no-background stk--no-padding\"><div class=\"stk-block-content stk-inner-blocks stk-3949dd1-inner-blocks\">\n<div class=\"wp-block-stackable-image stk-block-image stk-block stk-4f09b5e\" data-block-id=\"4f09b5e\"><figure><span class=\"stk-img-wrapper stk-image--shape-stretch\"><img loading=\"lazy\" decoding=\"async\" class=\"stk-img wp-image-1273\" src=\"https:\/\/ellayeraldina.com\/wp-content\/uploads\/2025\/07\/CA5543B0-D23B-494A-B085-B3CB0E052CD0.jpg\" width=\"1215\" height=\"1368\" srcset=\"https:\/\/ellayeraldina.com\/wp-content\/uploads\/2025\/07\/CA5543B0-D23B-494A-B085-B3CB0E052CD0.jpg 1215w, https:\/\/ellayeraldina.com\/wp-content\/uploads\/2025\/07\/CA5543B0-D23B-494A-B085-B3CB0E052CD0-266x300.jpg 266w, https:\/\/ellayeraldina.com\/wp-content\/uploads\/2025\/07\/CA5543B0-D23B-494A-B085-B3CB0E052CD0-909x1024.jpg 909w, https:\/\/ellayeraldina.com\/wp-content\/uploads\/2025\/07\/CA5543B0-D23B-494A-B085-B3CB0E052CD0-768x865.jpg 768w, https:\/\/ellayeraldina.com\/wp-content\/uploads\/2025\/07\/CA5543B0-D23B-494A-B085-B3CB0E052CD0-500x563.jpg 500w, https:\/\/ellayeraldina.com\/wp-content\/uploads\/2025\/07\/CA5543B0-D23B-494A-B085-B3CB0E052CD0-600x676.jpg 600w\" sizes=\"auto, (max-width: 1215px) 100vw, 1215px\" \/><\/span><\/figure><\/div>\n<\/div><\/div><\/div>\n\n\n\n<div class=\"wp-block-stackable-column stk-block-column stk-column stk-block stk-b2c1c17\" data-v=\"4\" data-block-id=\"b2c1c17\"><div class=\"stk-column-wrapper stk-block-column__content stk-container stk-b2c1c17-container stk--no-background stk--no-padding\"><div class=\"stk-block-content stk-inner-blocks stk-b2c1c17-inner-blocks\">\n<div class=\"wp-block-stackable-image stk-block-image stk-block stk-c61a07c\" data-block-id=\"c61a07c\"><figure><span class=\"stk-img-wrapper stk-image--shape-stretch\"><img loading=\"lazy\" decoding=\"async\" class=\"stk-img wp-image-1274\" src=\"https:\/\/ellayeraldina.com\/wp-content\/uploads\/2025\/07\/IMG_3332-scaled.jpg\" width=\"2194\" height=\"2560\" srcset=\"https:\/\/ellayeraldina.com\/wp-content\/uploads\/2025\/07\/IMG_3332-scaled.jpg 2194w, https:\/\/ellayeraldina.com\/wp-content\/uploads\/2025\/07\/IMG_3332-257x300.jpg 257w, https:\/\/ellayeraldina.com\/wp-content\/uploads\/2025\/07\/IMG_3332-878x1024.jpg 878w, https:\/\/ellayeraldina.com\/wp-content\/uploads\/2025\/07\/IMG_3332-768x896.jpg 768w, https:\/\/ellayeraldina.com\/wp-content\/uploads\/2025\/07\/IMG_3332-1317x1536.jpg 1317w, https:\/\/ellayeraldina.com\/wp-content\/uploads\/2025\/07\/IMG_3332-1755x2048.jpg 1755w, https:\/\/ellayeraldina.com\/wp-content\/uploads\/2025\/07\/IMG_3332-500x583.jpg 500w, https:\/\/ellayeraldina.com\/wp-content\/uploads\/2025\/07\/IMG_3332-600x700.jpg 600w\" sizes=\"auto, (max-width: 2194px) 100vw, 2194px\" \/><\/span><\/figure><\/div>\n<\/div><\/div><\/div>\n\n\n\n<div class=\"wp-block-stackable-column stk-block-column stk-column stk-block stk-4d01291\" data-v=\"4\" data-block-id=\"4d01291\"><div class=\"stk-column-wrapper stk-block-column__content stk-container stk-4d01291-container stk--no-background stk--no-padding\"><div class=\"stk-block-content stk-inner-blocks stk-4d01291-inner-blocks\">\n<div class=\"wp-block-stackable-image stk-block-image stk-block stk-eff2999\" data-block-id=\"eff2999\"><figure><span class=\"stk-img-wrapper stk-image--shape-stretch\"><img loading=\"lazy\" decoding=\"async\" class=\"stk-img wp-image-1270\" src=\"https:\/\/ellayeraldina.com\/wp-content\/uploads\/2025\/07\/6772794E-F7AF-4C28-AFE4-CF0FFBA5BD4A.jpg\" width=\"1215\" height=\"1368\" srcset=\"https:\/\/ellayeraldina.com\/wp-content\/uploads\/2025\/07\/6772794E-F7AF-4C28-AFE4-CF0FFBA5BD4A.jpg 1215w, https:\/\/ellayeraldina.com\/wp-content\/uploads\/2025\/07\/6772794E-F7AF-4C28-AFE4-CF0FFBA5BD4A-266x300.jpg 266w, https:\/\/ellayeraldina.com\/wp-content\/uploads\/2025\/07\/6772794E-F7AF-4C28-AFE4-CF0FFBA5BD4A-909x1024.jpg 909w, https:\/\/ellayeraldina.com\/wp-content\/uploads\/2025\/07\/6772794E-F7AF-4C28-AFE4-CF0FFBA5BD4A-768x865.jpg 768w, https:\/\/ellayeraldina.com\/wp-content\/uploads\/2025\/07\/6772794E-F7AF-4C28-AFE4-CF0FFBA5BD4A-500x563.jpg 500w, https:\/\/ellayeraldina.com\/wp-content\/uploads\/2025\/07\/6772794E-F7AF-4C28-AFE4-CF0FFBA5BD4A-600x676.jpg 600w\" sizes=\"auto, (max-width: 1215px) 100vw, 1215px\" \/><\/span><\/figure><\/div>\n<\/div><\/div><\/div>\n<\/div><\/div>\n\n\n\n<div class=\"wp-block-stackable-image stk-block-image stk-block stk-413bc30\" data-block-id=\"413bc30\"><figure><span class=\"stk-img-wrapper stk-image--shape-stretch\"><img loading=\"lazy\" decoding=\"async\" class=\"stk-img wp-image-1275\" src=\"https:\/\/ellayeraldina.com\/wp-content\/uploads\/2025\/07\/Captura-de-pantalla-2025-07-29-a-las-6.32.39\u202fp.m.png\" width=\"2036\" height=\"830\" srcset=\"https:\/\/ellayeraldina.com\/wp-content\/uploads\/2025\/07\/Captura-de-pantalla-2025-07-29-a-las-6.32.39\u202fp.m.png 2036w, https:\/\/ellayeraldina.com\/wp-content\/uploads\/2025\/07\/Captura-de-pantalla-2025-07-29-a-las-6.32.39\u202fp.m-300x122.png 300w, https:\/\/ellayeraldina.com\/wp-content\/uploads\/2025\/07\/Captura-de-pantalla-2025-07-29-a-las-6.32.39\u202fp.m-1024x417.png 1024w, https:\/\/ellayeraldina.com\/wp-content\/uploads\/2025\/07\/Captura-de-pantalla-2025-07-29-a-las-6.32.39\u202fp.m-768x313.png 768w, https:\/\/ellayeraldina.com\/wp-content\/uploads\/2025\/07\/Captura-de-pantalla-2025-07-29-a-las-6.32.39\u202fp.m-1536x626.png 1536w, https:\/\/ellayeraldina.com\/wp-content\/uploads\/2025\/07\/Captura-de-pantalla-2025-07-29-a-las-6.32.39\u202fp.m-500x204.png 500w, https:\/\/ellayeraldina.com\/wp-content\/uploads\/2025\/07\/Captura-de-pantalla-2025-07-29-a-las-6.32.39\u202fp.m-600x245.png 600w\" sizes=\"auto, (max-width: 2036px) 100vw, 2036px\" \/><\/span><\/figure><\/div>\n\n\n\n<div class=\"wp-block-stackable-image stk-block-image stk-block stk-31d6561\" data-block-id=\"31d6561\"><figure><span class=\"stk-img-wrapper stk-image--shape-stretch\"><img loading=\"lazy\" decoding=\"async\" class=\"stk-img wp-image-1281\" src=\"https:\/\/ellayeraldina.com\/wp-content\/uploads\/2025\/07\/IMG_3322.jpg\" width=\"1920\" height=\"1080\" srcset=\"https:\/\/ellayeraldina.com\/wp-content\/uploads\/2025\/07\/IMG_3322.jpg 1920w, https:\/\/ellayeraldina.com\/wp-content\/uploads\/2025\/07\/IMG_3322-300x169.jpg 300w, https:\/\/ellayeraldina.com\/wp-content\/uploads\/2025\/07\/IMG_3322-1024x576.jpg 1024w, https:\/\/ellayeraldina.com\/wp-content\/uploads\/2025\/07\/IMG_3322-768x432.jpg 768w, https:\/\/ellayeraldina.com\/wp-content\/uploads\/2025\/07\/IMG_3322-1536x864.jpg 1536w, https:\/\/ellayeraldina.com\/wp-content\/uploads\/2025\/07\/IMG_3322-500x281.jpg 500w, https:\/\/ellayeraldina.com\/wp-content\/uploads\/2025\/07\/IMG_3322-600x338.jpg 600w\" sizes=\"auto, (max-width: 1920px) 100vw, 1920px\" \/><\/span><\/figure><\/div>\n\n\n\n<p>You can access the complete recipe book at the following link:<a href=\"https:\/\/babel.banrepcultural.org\/digital\/collection\/p17054coll18\/id\/1272\/\" target=\"_blank\" rel=\"noopener\" title=\"Ancestral origins of the coffee stove\"> Recipe book<\/a><\/p>\n\n\n\n<p><\/p>\n\n\n\n<p><\/p>","protected":false},"excerpt":{"rendered":"<p>Or\u00edgenes ancestrales del fog\u00f3n cafetero es un recetario interactivo, desarrollado por el Museo del Oro Quimbaya en colaboraci\u00f3n con el Banco de la Rep\u00fablica de Colombia, busca visibilizar la profunda relaci\u00f3n entre el legado prehisp\u00e1nico y las tradiciones culinarias actuales de la regi\u00f3n del Quind\u00edo. El recetario es el resultado de una rigurosa investigaci\u00f3n arqueobot\u00e1nica, [&hellip;]<\/p>","protected":false},"author":1,"featured_media":0,"parent":0,"menu_order":0,"comment_status":"closed","ping_status":"closed","template":"","meta":{"footnotes":""},"class_list":["post-1269","page","type-page","status-publish","hentry"],"blocksy_meta":[],"aioseo_notices":[],"_links":{"self":[{"href":"https:\/\/ellayeraldina.com\/en\/wp-json\/wp\/v2\/pages\/1269","targetHints":{"allow":["GET"]}}],"collection":[{"href":"https:\/\/ellayeraldina.com\/en\/wp-json\/wp\/v2\/pages"}],"about":[{"href":"https:\/\/ellayeraldina.com\/en\/wp-json\/wp\/v2\/types\/page"}],"author":[{"embeddable":true,"href":"https:\/\/ellayeraldina.com\/en\/wp-json\/wp\/v2\/users\/1"}],"replies":[{"embeddable":true,"href":"https:\/\/ellayeraldina.com\/en\/wp-json\/wp\/v2\/comments?post=1269"}],"version-history":[{"count":4,"href":"https:\/\/ellayeraldina.com\/en\/wp-json\/wp\/v2\/pages\/1269\/revisions"}],"predecessor-version":[{"id":1497,"href":"https:\/\/ellayeraldina.com\/en\/wp-json\/wp\/v2\/pages\/1269\/revisions\/1497"}],"wp:attachment":[{"href":"https:\/\/ellayeraldina.com\/en\/wp-json\/wp\/v2\/media?parent=1269"}],"curies":[{"name":"wp","href":"https:\/\/api.w.org\/{rel}","templated":true}]}}