{"id":1258,"date":"2025-07-29T09:19:03","date_gmt":"2025-07-29T15:19:03","guid":{"rendered":"https:\/\/ellayeraldina.com\/?page_id=1258"},"modified":"2025-08-17T09:02:08","modified_gmt":"2025-08-17T15:02:08","slug":"mural-republica-hostels","status":"publish","type":"page","link":"https:\/\/ellayeraldina.com\/en\/mural-republica-hostels\/","title":{"rendered":"Mural Rep\u00fablica Hostels"},"content":{"rendered":"<div class=\"wp-block-stackable-columns stk-block-columns stk-block stk-8a50a55\" data-block-id=\"8a50a55\"><div class=\"stk-row stk-inner-blocks stk-block-content stk-content-align stk-8a50a55-column\">\n<div class=\"wp-block-stackable-column stk-block-column stk-column stk-block stk-b3e4679\" data-v=\"4\" data-block-id=\"b3e4679\"><div class=\"stk-column-wrapper stk-block-column__content stk-container stk-b3e4679-container stk--no-background stk--no-padding\"><div class=\"stk-block-content stk-inner-blocks stk-b3e4679-inner-blocks\">\n<div class=\"wp-block-stackable-image stk-block-image stk-block stk-3a40a59\" data-block-id=\"3a40a59\"><style>.stk-3a40a59 .stk-img-wrapper{aspect-ratio:3\/4 !important;height:auto !important;}@media screen and (max-width:999px){.stk-3a40a59 .stk-img-wrapper{height:auto !important;}}@media screen and (max-width:689px){.stk-3a40a59 .stk-img-wrapper{height:auto !important;}}<\/style><figure><span class=\"stk-img-wrapper stk-image--shape-stretch\"><img loading=\"lazy\" decoding=\"async\" class=\"stk-img wp-image-1263\" src=\"https:\/\/ellayeraldina.com\/wp-content\/uploads\/2025\/07\/29DE80A9-5690-4FDF-9D22-E0ED78903A19_Original.jpg\" width=\"1440\" height=\"1800\" srcset=\"https:\/\/ellayeraldina.com\/wp-content\/uploads\/2025\/07\/29DE80A9-5690-4FDF-9D22-E0ED78903A19_Original.jpg 1440w, https:\/\/ellayeraldina.com\/wp-content\/uploads\/2025\/07\/29DE80A9-5690-4FDF-9D22-E0ED78903A19_Original-240x300.jpg 240w, https:\/\/ellayeraldina.com\/wp-content\/uploads\/2025\/07\/29DE80A9-5690-4FDF-9D22-E0ED78903A19_Original-819x1024.jpg 819w, https:\/\/ellayeraldina.com\/wp-content\/uploads\/2025\/07\/29DE80A9-5690-4FDF-9D22-E0ED78903A19_Original-768x960.jpg 768w, https:\/\/ellayeraldina.com\/wp-content\/uploads\/2025\/07\/29DE80A9-5690-4FDF-9D22-E0ED78903A19_Original-1229x1536.jpg 1229w, https:\/\/ellayeraldina.com\/wp-content\/uploads\/2025\/07\/29DE80A9-5690-4FDF-9D22-E0ED78903A19_Original-500x625.jpg 500w, https:\/\/ellayeraldina.com\/wp-content\/uploads\/2025\/07\/29DE80A9-5690-4FDF-9D22-E0ED78903A19_Original-600x750.jpg 600w\" sizes=\"auto, (max-width: 1440px) 100vw, 1440px\" \/><\/span><\/figure><\/div>\n<\/div><\/div><\/div>\n\n\n\n<div class=\"wp-block-stackable-column stk-block-column stk-column stk-block stk-eef6fb8\" data-v=\"4\" data-block-id=\"eef6fb8\"><div class=\"stk-column-wrapper stk-block-column__content stk-container stk-eef6fb8-container stk--no-background stk--no-padding\"><div class=\"stk-block-content stk-inner-blocks stk-eef6fb8-inner-blocks\">\n<div class=\"wp-block-stackable-image stk-block-image stk-block stk-2ba8f54\" data-block-id=\"2ba8f54\"><style>.stk-2ba8f54 .stk-img-wrapper{aspect-ratio:3\/4 !important;height:auto !important;}@media screen and (max-width:999px){.stk-2ba8f54 .stk-img-wrapper{height:auto !important;}}@media screen and (max-width:689px){.stk-2ba8f54 .stk-img-wrapper{height:auto !important;}}<\/style><figure><span class=\"stk-img-wrapper stk-image--shape-stretch\"><img loading=\"lazy\" decoding=\"async\" class=\"stk-img wp-image-1253\" src=\"https:\/\/ellayeraldina.com\/wp-content\/uploads\/2025\/07\/60D3906E-7E44-4E6F-8CB9-4A0FF3853F88_Original.jpg\" width=\"1440\" height=\"1792\" srcset=\"https:\/\/ellayeraldina.com\/wp-content\/uploads\/2025\/07\/60D3906E-7E44-4E6F-8CB9-4A0FF3853F88_Original.jpg 1440w, https:\/\/ellayeraldina.com\/wp-content\/uploads\/2025\/07\/60D3906E-7E44-4E6F-8CB9-4A0FF3853F88_Original-241x300.jpg 241w, https:\/\/ellayeraldina.com\/wp-content\/uploads\/2025\/07\/60D3906E-7E44-4E6F-8CB9-4A0FF3853F88_Original-823x1024.jpg 823w, https:\/\/ellayeraldina.com\/wp-content\/uploads\/2025\/07\/60D3906E-7E44-4E6F-8CB9-4A0FF3853F88_Original-768x956.jpg 768w, https:\/\/ellayeraldina.com\/wp-content\/uploads\/2025\/07\/60D3906E-7E44-4E6F-8CB9-4A0FF3853F88_Original-1234x1536.jpg 1234w, https:\/\/ellayeraldina.com\/wp-content\/uploads\/2025\/07\/60D3906E-7E44-4E6F-8CB9-4A0FF3853F88_Original-500x622.jpg 500w, https:\/\/ellayeraldina.com\/wp-content\/uploads\/2025\/07\/60D3906E-7E44-4E6F-8CB9-4A0FF3853F88_Original-600x747.jpg 600w\" sizes=\"auto, (max-width: 1440px) 100vw, 1440px\" \/><\/span><\/figure><\/div>\n<\/div><\/div><\/div>\n\n\n\n<div class=\"wp-block-stackable-column stk-block-column stk-column stk-block stk-4c9171f\" data-v=\"4\" data-block-id=\"4c9171f\"><div class=\"stk-column-wrapper stk-block-column__content stk-container stk-4c9171f-container stk--no-background stk--no-padding\"><div class=\"stk-block-content stk-inner-blocks stk-4c9171f-inner-blocks\">\n<div class=\"wp-block-stackable-image stk-block-image stk-block stk-9b24d45\" data-block-id=\"9b24d45\"><style>.stk-9b24d45 .stk-img-wrapper{aspect-ratio:3\/4 !important;height:auto !important;}@media screen and (max-width:999px){.stk-9b24d45 .stk-img-wrapper{height:auto !important;}}@media screen and (max-width:689px){.stk-9b24d45 .stk-img-wrapper{height:auto !important;}}<\/style><figure><span class=\"stk-img-wrapper stk-image--shape-stretch\"><img loading=\"lazy\" decoding=\"async\" class=\"stk-img wp-image-1254\" src=\"https:\/\/ellayeraldina.com\/wp-content\/uploads\/2025\/07\/8EE496CE-0526-4B5F-87BA-C6D990BA952E_Original-1.jpg\" width=\"1440\" height=\"1800\" srcset=\"https:\/\/ellayeraldina.com\/wp-content\/uploads\/2025\/07\/8EE496CE-0526-4B5F-87BA-C6D990BA952E_Original-1.jpg 1440w, https:\/\/ellayeraldina.com\/wp-content\/uploads\/2025\/07\/8EE496CE-0526-4B5F-87BA-C6D990BA952E_Original-1-240x300.jpg 240w, https:\/\/ellayeraldina.com\/wp-content\/uploads\/2025\/07\/8EE496CE-0526-4B5F-87BA-C6D990BA952E_Original-1-819x1024.jpg 819w, https:\/\/ellayeraldina.com\/wp-content\/uploads\/2025\/07\/8EE496CE-0526-4B5F-87BA-C6D990BA952E_Original-1-768x960.jpg 768w, https:\/\/ellayeraldina.com\/wp-content\/uploads\/2025\/07\/8EE496CE-0526-4B5F-87BA-C6D990BA952E_Original-1-1229x1536.jpg 1229w, https:\/\/ellayeraldina.com\/wp-content\/uploads\/2025\/07\/8EE496CE-0526-4B5F-87BA-C6D990BA952E_Original-1-500x625.jpg 500w, https:\/\/ellayeraldina.com\/wp-content\/uploads\/2025\/07\/8EE496CE-0526-4B5F-87BA-C6D990BA952E_Original-1-600x750.jpg 600w\" sizes=\"auto, (max-width: 1440px) 100vw, 1440px\" \/><\/span><\/figure><\/div>\n<\/div><\/div><\/div>\n<\/div><\/div>\n\n\n\n<p>Rep\u00fablica is a hostel located in the historic center of the city of Santa Marta, just a few steps from the bay and with a privileged view of the iconic Morro that adorns the Samarian maritime horizon. This mural was created as a tribute to the essence of Santa Marta: the Sierra Nevada, its imposing sacred mountains, and the immensity of rivers that descend from above to merge with the sea.<\/p>\n\n\n\n<p>Through organic shapes, vibrant colors, and natural elements, the work celebrates the geographical, spiritual, and cultural richness of this Caribbean region. It is an invitation to contemplate the connection between the mountains and the sea, between the ancestral and the everyday.<\/p>\n\n\n\n<div class=\"wp-block-stackable-columns stk-block-columns stk-block stk-9336b8c\" data-block-id=\"9336b8c\"><div class=\"stk-row stk-inner-blocks stk-block-content stk-content-align stk-9336b8c-column\">\n<div class=\"wp-block-stackable-column stk-block-column stk-column stk-block stk-034c5d0\" data-v=\"4\" data-block-id=\"034c5d0\"><div class=\"stk-column-wrapper stk-block-column__content stk-container stk-034c5d0-container stk--no-background stk--no-padding\"><div class=\"stk-block-content stk-inner-blocks stk-034c5d0-inner-blocks\">\n<div class=\"wp-block-stackable-image stk-block-image stk-block stk-c5a3f3d\" data-block-id=\"c5a3f3d\"><figure><span class=\"stk-img-wrapper stk-image--shape-stretch\"><img loading=\"lazy\" decoding=\"async\" class=\"stk-img wp-image-1251\" src=\"https:\/\/ellayeraldina.com\/wp-content\/uploads\/2025\/07\/BB5181BA-D1B3-4F05-812E-911DFA759BD0_Original.jpg\" width=\"1440\" height=\"1792\" srcset=\"https:\/\/ellayeraldina.com\/wp-content\/uploads\/2025\/07\/BB5181BA-D1B3-4F05-812E-911DFA759BD0_Original.jpg 1440w, https:\/\/ellayeraldina.com\/wp-content\/uploads\/2025\/07\/BB5181BA-D1B3-4F05-812E-911DFA759BD0_Original-241x300.jpg 241w, https:\/\/ellayeraldina.com\/wp-content\/uploads\/2025\/07\/BB5181BA-D1B3-4F05-812E-911DFA759BD0_Original-823x1024.jpg 823w, https:\/\/ellayeraldina.com\/wp-content\/uploads\/2025\/07\/BB5181BA-D1B3-4F05-812E-911DFA759BD0_Original-768x956.jpg 768w, https:\/\/ellayeraldina.com\/wp-content\/uploads\/2025\/07\/BB5181BA-D1B3-4F05-812E-911DFA759BD0_Original-1234x1536.jpg 1234w, https:\/\/ellayeraldina.com\/wp-content\/uploads\/2025\/07\/BB5181BA-D1B3-4F05-812E-911DFA759BD0_Original-500x622.jpg 500w, https:\/\/ellayeraldina.com\/wp-content\/uploads\/2025\/07\/BB5181BA-D1B3-4F05-812E-911DFA759BD0_Original-600x747.jpg 600w\" sizes=\"auto, (max-width: 1440px) 100vw, 1440px\" \/><\/span><\/figure><\/div>\n<\/div><\/div><\/div>\n\n\n\n<div class=\"wp-block-stackable-column stk-block-column stk-column stk-block stk-9ca1946\" data-v=\"4\" data-block-id=\"9ca1946\"><div class=\"stk-column-wrapper stk-block-column__content stk-container stk-9ca1946-container stk--no-background stk--no-padding\"><div class=\"stk-block-content stk-inner-blocks stk-9ca1946-inner-blocks\">\n<div class=\"wp-block-stackable-image stk-block-image stk-block stk-5c2f37d\" data-block-id=\"5c2f37d\"><figure><span class=\"stk-img-wrapper stk-image--shape-stretch\"><img loading=\"lazy\" decoding=\"async\" class=\"stk-img wp-image-1252\" src=\"https:\/\/ellayeraldina.com\/wp-content\/uploads\/2025\/07\/00493C03-7AD9-463D-BAA1-6BE690BD389E_Original.jpg\" width=\"1440\" height=\"1792\" srcset=\"https:\/\/ellayeraldina.com\/wp-content\/uploads\/2025\/07\/00493C03-7AD9-463D-BAA1-6BE690BD389E_Original.jpg 1440w, https:\/\/ellayeraldina.com\/wp-content\/uploads\/2025\/07\/00493C03-7AD9-463D-BAA1-6BE690BD389E_Original-241x300.jpg 241w, https:\/\/ellayeraldina.com\/wp-content\/uploads\/2025\/07\/00493C03-7AD9-463D-BAA1-6BE690BD389E_Original-823x1024.jpg 823w, https:\/\/ellayeraldina.com\/wp-content\/uploads\/2025\/07\/00493C03-7AD9-463D-BAA1-6BE690BD389E_Original-768x956.jpg 768w, https:\/\/ellayeraldina.com\/wp-content\/uploads\/2025\/07\/00493C03-7AD9-463D-BAA1-6BE690BD389E_Original-1234x1536.jpg 1234w, https:\/\/ellayeraldina.com\/wp-content\/uploads\/2025\/07\/00493C03-7AD9-463D-BAA1-6BE690BD389E_Original-500x622.jpg 500w, https:\/\/ellayeraldina.com\/wp-content\/uploads\/2025\/07\/00493C03-7AD9-463D-BAA1-6BE690BD389E_Original-600x747.jpg 600w\" sizes=\"auto, (max-width: 1440px) 100vw, 1440px\" \/><\/span><\/figure><\/div>\n<\/div><\/div><\/div>\n\n\n\n<div class=\"wp-block-stackable-column stk-block-column stk-column stk-block stk-9117f50\" data-v=\"4\" data-block-id=\"9117f50\"><div class=\"stk-column-wrapper stk-block-column__content stk-container stk-9117f50-container stk--no-background stk--no-padding\"><div class=\"stk-block-content stk-inner-blocks stk-9117f50-inner-blocks\">\n<div class=\"wp-block-stackable-image stk-block-image stk-block stk-4a55a5b\" data-block-id=\"4a55a5b\"><figure><span class=\"stk-img-wrapper stk-image--shape-stretch\"><img loading=\"lazy\" decoding=\"async\" class=\"stk-img wp-image-1259\" src=\"https:\/\/ellayeraldina.com\/wp-content\/uploads\/2025\/07\/B6CD8FC1-790E-4ABA-93E4-50E2C9BE0FC0_Original.jpg\" width=\"1440\" height=\"1800\" srcset=\"https:\/\/ellayeraldina.com\/wp-content\/uploads\/2025\/07\/B6CD8FC1-790E-4ABA-93E4-50E2C9BE0FC0_Original.jpg 1440w, https:\/\/ellayeraldina.com\/wp-content\/uploads\/2025\/07\/B6CD8FC1-790E-4ABA-93E4-50E2C9BE0FC0_Original-240x300.jpg 240w, https:\/\/ellayeraldina.com\/wp-content\/uploads\/2025\/07\/B6CD8FC1-790E-4ABA-93E4-50E2C9BE0FC0_Original-819x1024.jpg 819w, https:\/\/ellayeraldina.com\/wp-content\/uploads\/2025\/07\/B6CD8FC1-790E-4ABA-93E4-50E2C9BE0FC0_Original-768x960.jpg 768w, https:\/\/ellayeraldina.com\/wp-content\/uploads\/2025\/07\/B6CD8FC1-790E-4ABA-93E4-50E2C9BE0FC0_Original-1229x1536.jpg 1229w, https:\/\/ellayeraldina.com\/wp-content\/uploads\/2025\/07\/B6CD8FC1-790E-4ABA-93E4-50E2C9BE0FC0_Original-500x625.jpg 500w, https:\/\/ellayeraldina.com\/wp-content\/uploads\/2025\/07\/B6CD8FC1-790E-4ABA-93E4-50E2C9BE0FC0_Original-600x750.jpg 600w\" sizes=\"auto, (max-width: 1440px) 100vw, 1440px\" \/><\/span><\/figure><\/div>\n<\/div><\/div><\/div>\n<\/div><\/div>\n\n\n\n<div class=\"wp-block-stackable-image stk-block-image stk-block stk-ae104ee\" data-block-id=\"ae104ee\"><figure><span class=\"stk-img-wrapper stk-image--shape-stretch\"><img loading=\"lazy\" decoding=\"async\" class=\"stk-img wp-image-1263\" src=\"https:\/\/ellayeraldina.com\/wp-content\/uploads\/2025\/07\/29DE80A9-5690-4FDF-9D22-E0ED78903A19_Original.jpg\" width=\"1440\" height=\"1800\" srcset=\"https:\/\/ellayeraldina.com\/wp-content\/uploads\/2025\/07\/29DE80A9-5690-4FDF-9D22-E0ED78903A19_Original.jpg 1440w, https:\/\/ellayeraldina.com\/wp-content\/uploads\/2025\/07\/29DE80A9-5690-4FDF-9D22-E0ED78903A19_Original-240x300.jpg 240w, https:\/\/ellayeraldina.com\/wp-content\/uploads\/2025\/07\/29DE80A9-5690-4FDF-9D22-E0ED78903A19_Original-819x1024.jpg 819w, https:\/\/ellayeraldina.com\/wp-content\/uploads\/2025\/07\/29DE80A9-5690-4FDF-9D22-E0ED78903A19_Original-768x960.jpg 768w, https:\/\/ellayeraldina.com\/wp-content\/uploads\/2025\/07\/29DE80A9-5690-4FDF-9D22-E0ED78903A19_Original-1229x1536.jpg 1229w, https:\/\/ellayeraldina.com\/wp-content\/uploads\/2025\/07\/29DE80A9-5690-4FDF-9D22-E0ED78903A19_Original-500x625.jpg 500w, https:\/\/ellayeraldina.com\/wp-content\/uploads\/2025\/07\/29DE80A9-5690-4FDF-9D22-E0ED78903A19_Original-600x750.jpg 600w\" sizes=\"auto, (max-width: 1440px) 100vw, 1440px\" \/><\/span><\/figure><\/div>","protected":false},"excerpt":{"rendered":"<p>Rep\u00fablica es un hostel ubicado en el centro hist\u00f3rico de la ciudad de Santa Marta, a pocos pasos de la bah\u00eda y con una vista privilegiada del ic\u00f3nico Morro que adorna el horizonte mar\u00edtimo samario. Este mural fue creado como un homenaje a la esencia de Santa Marta: la Sierra Nevada, sus imponentes monta\u00f1as sagradas, [&hellip;]<\/p>","protected":false},"author":1,"featured_media":0,"parent":0,"menu_order":0,"comment_status":"closed","ping_status":"closed","template":"","meta":{"footnotes":""},"class_list":["post-1258","page","type-page","status-publish","hentry"],"blocksy_meta":[],"aioseo_notices":[],"_links":{"self":[{"href":"https:\/\/ellayeraldina.com\/en\/wp-json\/wp\/v2\/pages\/1258","targetHints":{"allow":["GET"]}}],"collection":[{"href":"https:\/\/ellayeraldina.com\/en\/wp-json\/wp\/v2\/pages"}],"about":[{"href":"https:\/\/ellayeraldina.com\/en\/wp-json\/wp\/v2\/types\/page"}],"author":[{"embeddable":true,"href":"https:\/\/ellayeraldina.com\/en\/wp-json\/wp\/v2\/users\/1"}],"replies":[{"embeddable":true,"href":"https:\/\/ellayeraldina.com\/en\/wp-json\/wp\/v2\/comments?post=1258"}],"version-history":[{"count":7,"href":"https:\/\/ellayeraldina.com\/en\/wp-json\/wp\/v2\/pages\/1258\/revisions"}],"predecessor-version":[{"id":1569,"href":"https:\/\/ellayeraldina.com\/en\/wp-json\/wp\/v2\/pages\/1258\/revisions\/1569"}],"wp:attachment":[{"href":"https:\/\/ellayeraldina.com\/en\/wp-json\/wp\/v2\/media?parent=1258"}],"curies":[{"name":"wp","href":"https:\/\/api.w.org\/{rel}","templated":true}]}}