{"id":1177,"date":"2025-07-09T16:00:41","date_gmt":"2025-07-09T22:00:41","guid":{"rendered":"https:\/\/ellayeraldina.com\/?page_id=1177"},"modified":"2025-08-17T08:44:59","modified_gmt":"2025-08-17T14:44:59","slug":"mural-piscina","status":"publish","type":"page","link":"https:\/\/ellayeraldina.com\/en\/mural-piscina\/","title":{"rendered":"Mural Ruda"},"content":{"rendered":"<div class=\"wp-block-stackable-image stk-block-image stk-block stk-96069f8\" data-block-id=\"96069f8\"><figure><span class=\"stk-img-wrapper stk-image--shape-stretch\"><img loading=\"lazy\" decoding=\"async\" class=\"stk-img wp-image-1231\" src=\"https:\/\/ellayeraldina.com\/wp-content\/uploads\/2025\/07\/IMG_7618-1.jpg\" width=\"2048\" height=\"1124\" srcset=\"https:\/\/ellayeraldina.com\/wp-content\/uploads\/2025\/07\/IMG_7618-1.jpg 2048w, https:\/\/ellayeraldina.com\/wp-content\/uploads\/2025\/07\/IMG_7618-1-300x165.jpg 300w, https:\/\/ellayeraldina.com\/wp-content\/uploads\/2025\/07\/IMG_7618-1-1024x562.jpg 1024w, https:\/\/ellayeraldina.com\/wp-content\/uploads\/2025\/07\/IMG_7618-1-768x422.jpg 768w, https:\/\/ellayeraldina.com\/wp-content\/uploads\/2025\/07\/IMG_7618-1-1536x843.jpg 1536w, https:\/\/ellayeraldina.com\/wp-content\/uploads\/2025\/07\/IMG_7618-1-500x274.jpg 500w, https:\/\/ellayeraldina.com\/wp-content\/uploads\/2025\/07\/IMG_7618-1-600x329.jpg 600w\" sizes=\"auto, (max-width: 2048px) 100vw, 2048px\" \/><\/span><\/figure><\/div>\n\n\n\n<p>This mural was created for the opening of the second location of the Ruda bookstore and caf\u00e9, a project of Republicanas Populares, an anti-militarist feminist organization that, through education and popular communication, contributes to the construction of critical thinking and the generation of collective political practices to eradicate the hegemonic, colonial model of sex, class, and race.<br>The location was opened in partnership with Cooperativa Confiar in Bello, Antioquia.<\/p>\n\n\n\n<p>La inspiraci\u00f3n principal de la obra es la planta de ruda y su florecimiento, s\u00edmbolo ancestral de protecci\u00f3n, sanaci\u00f3n y sabidur\u00eda heredada.<br>The mural seeks to visually uphold the values embodied by this space: care, reflection, resilience, and encounter.<br>Through organic shapes, enveloping lines, and a warm color palette, the work invites viewers to inhabit the space with calmness, collective memory, and hope.<\/p>\n\n\n\n<div class=\"wp-block-stackable-columns stk-block-columns stk-block stk-f80da3f\" data-block-id=\"f80da3f\"><div class=\"stk-row stk-inner-blocks stk-block-content stk-content-align stk-f80da3f-column\">\n<div class=\"wp-block-stackable-column stk-block-column stk-column stk-block stk-69c19fb\" data-v=\"4\" data-block-id=\"69c19fb\"><div class=\"stk-column-wrapper stk-block-column__content stk-container stk-69c19fb-container stk--no-background stk--no-padding\"><div class=\"stk-block-content stk-inner-blocks stk-69c19fb-inner-blocks\">\n<div class=\"wp-block-stackable-image stk-block-image stk-block stk-72b6df8\" data-block-id=\"72b6df8\"><style>.stk-72b6df8 .stk-img-wrapper{aspect-ratio:3\/4 !important;height:auto !important;}@media screen and (max-width:999px){.stk-72b6df8 .stk-img-wrapper{height:auto !important;}}@media screen and (max-width:689px){.stk-72b6df8 .stk-img-wrapper{height:auto !important;}}<\/style><figure><span class=\"stk-img-wrapper stk-image--shape-stretch\"><img loading=\"lazy\" decoding=\"async\" class=\"stk-img wp-image-1232\" src=\"https:\/\/ellayeraldina.com\/wp-content\/uploads\/2025\/07\/Ver-fotos-recientes.jpg\" width=\"1128\" height=\"2048\" srcset=\"https:\/\/ellayeraldina.com\/wp-content\/uploads\/2025\/07\/Ver-fotos-recientes.jpg 1128w, https:\/\/ellayeraldina.com\/wp-content\/uploads\/2025\/07\/Ver-fotos-recientes-165x300.jpg 165w, https:\/\/ellayeraldina.com\/wp-content\/uploads\/2025\/07\/Ver-fotos-recientes-564x1024.jpg 564w, https:\/\/ellayeraldina.com\/wp-content\/uploads\/2025\/07\/Ver-fotos-recientes-768x1394.jpg 768w, https:\/\/ellayeraldina.com\/wp-content\/uploads\/2025\/07\/Ver-fotos-recientes-846x1536.jpg 846w, https:\/\/ellayeraldina.com\/wp-content\/uploads\/2025\/07\/Ver-fotos-recientes-500x908.jpg 500w, https:\/\/ellayeraldina.com\/wp-content\/uploads\/2025\/07\/Ver-fotos-recientes-600x1089.jpg 600w\" sizes=\"auto, (max-width: 1128px) 100vw, 1128px\" \/><\/span><\/figure><\/div>\n<\/div><\/div><\/div>\n\n\n\n<div class=\"wp-block-stackable-column stk-block-column stk-column stk-block stk-037d87e\" data-v=\"4\" data-block-id=\"037d87e\"><div class=\"stk-column-wrapper stk-block-column__content stk-container stk-037d87e-container stk--no-background stk--no-padding\"><div class=\"stk-block-content stk-inner-blocks stk-037d87e-inner-blocks\">\n<div class=\"wp-block-stackable-image stk-block-image stk-block stk-2124c85\" data-block-id=\"2124c85\"><style>.stk-2124c85 .stk-img-wrapper{aspect-ratio:3\/4 !important;height:auto !important;}.stk-2124c85 .stk-img-wrapper img{object-position:50% 81% !important;}@media screen and (max-width:999px){.stk-2124c85 .stk-img-wrapper{height:auto !important;}}@media screen and (max-width:689px){.stk-2124c85 .stk-img-wrapper{height:auto !important;}}<\/style><figure><span class=\"stk-img-wrapper stk-image--shape-stretch\"><img loading=\"lazy\" decoding=\"async\" class=\"stk-img wp-image-1233\" src=\"https:\/\/ellayeraldina.com\/wp-content\/uploads\/2025\/07\/IMG_3781.jpg\" width=\"1151\" height=\"2048\" srcset=\"https:\/\/ellayeraldina.com\/wp-content\/uploads\/2025\/07\/IMG_3781.jpg 1151w, https:\/\/ellayeraldina.com\/wp-content\/uploads\/2025\/07\/IMG_3781-169x300.jpg 169w, https:\/\/ellayeraldina.com\/wp-content\/uploads\/2025\/07\/IMG_3781-576x1024.jpg 576w, https:\/\/ellayeraldina.com\/wp-content\/uploads\/2025\/07\/IMG_3781-768x1367.jpg 768w, https:\/\/ellayeraldina.com\/wp-content\/uploads\/2025\/07\/IMG_3781-863x1536.jpg 863w, https:\/\/ellayeraldina.com\/wp-content\/uploads\/2025\/07\/IMG_3781-500x890.jpg 500w, https:\/\/ellayeraldina.com\/wp-content\/uploads\/2025\/07\/IMG_3781-600x1068.jpg 600w\" sizes=\"auto, (max-width: 1151px) 100vw, 1151px\" \/><\/span><\/figure><\/div>\n<\/div><\/div><\/div>\n\n\n\n<div class=\"wp-block-stackable-column stk-block-column stk-column stk-block stk-2afe6fe\" data-v=\"4\" data-block-id=\"2afe6fe\"><div class=\"stk-column-wrapper stk-block-column__content stk-container stk-2afe6fe-container stk--no-background stk--no-padding\"><div class=\"stk-block-content stk-inner-blocks stk-2afe6fe-inner-blocks\">\n<div class=\"wp-block-stackable-image stk-block-image stk-block stk-882f411\" data-block-id=\"882f411\"><style>.stk-882f411 .stk-img-wrapper{aspect-ratio:3\/4 !important;height:auto !important;}@media screen and (max-width:999px){.stk-882f411 .stk-img-wrapper{height:auto !important;}}@media screen and (max-width:689px){.stk-882f411 .stk-img-wrapper{height:auto !important;}}<\/style><figure><span class=\"stk-img-wrapper stk-image--shape-stretch\"><img loading=\"lazy\" decoding=\"async\" class=\"stk-img wp-image-1234\" src=\"https:\/\/ellayeraldina.com\/wp-content\/uploads\/2025\/07\/IMG_3777-1.jpg\" width=\"1353\" height=\"2048\" srcset=\"https:\/\/ellayeraldina.com\/wp-content\/uploads\/2025\/07\/IMG_3777-1.jpg 1353w, https:\/\/ellayeraldina.com\/wp-content\/uploads\/2025\/07\/IMG_3777-1-198x300.jpg 198w, https:\/\/ellayeraldina.com\/wp-content\/uploads\/2025\/07\/IMG_3777-1-677x1024.jpg 677w, https:\/\/ellayeraldina.com\/wp-content\/uploads\/2025\/07\/IMG_3777-1-768x1163.jpg 768w, https:\/\/ellayeraldina.com\/wp-content\/uploads\/2025\/07\/IMG_3777-1-1015x1536.jpg 1015w, https:\/\/ellayeraldina.com\/wp-content\/uploads\/2025\/07\/IMG_3777-1-500x757.jpg 500w, https:\/\/ellayeraldina.com\/wp-content\/uploads\/2025\/07\/IMG_3777-1-600x908.jpg 600w\" sizes=\"auto, (max-width: 1353px) 100vw, 1353px\" \/><\/span><\/figure><\/div>\n<\/div><\/div><\/div>\n<\/div><\/div>\n\n\n\n<div class=\"wp-block-stackable-image stk-block-image stk-block stk-d4b8dd2\" data-block-id=\"d4b8dd2\"><figure><span class=\"stk-img-wrapper stk-image--shape-stretch\"><img loading=\"lazy\" decoding=\"async\" class=\"stk-img wp-image-1235\" src=\"https:\/\/ellayeraldina.com\/wp-content\/uploads\/2025\/07\/IMG_7654.jpg\" width=\"2048\" height=\"1209\" srcset=\"https:\/\/ellayeraldina.com\/wp-content\/uploads\/2025\/07\/IMG_7654.jpg 2048w, https:\/\/ellayeraldina.com\/wp-content\/uploads\/2025\/07\/IMG_7654-300x177.jpg 300w, https:\/\/ellayeraldina.com\/wp-content\/uploads\/2025\/07\/IMG_7654-1024x605.jpg 1024w, https:\/\/ellayeraldina.com\/wp-content\/uploads\/2025\/07\/IMG_7654-768x453.jpg 768w, https:\/\/ellayeraldina.com\/wp-content\/uploads\/2025\/07\/IMG_7654-1536x907.jpg 1536w, https:\/\/ellayeraldina.com\/wp-content\/uploads\/2025\/07\/IMG_7654-500x295.jpg 500w, https:\/\/ellayeraldina.com\/wp-content\/uploads\/2025\/07\/IMG_7654-600x354.jpg 600w\" sizes=\"auto, (max-width: 2048px) 100vw, 2048px\" \/><\/span><\/figure><\/div>\n\n\n\n<div class=\"wp-block-stackable-columns stk-block-columns stk-block stk-49356a8\" data-block-id=\"49356a8\"><div class=\"stk-row stk-inner-blocks stk-block-content stk-content-align stk-49356a8-column\">\n<div class=\"wp-block-stackable-column stk-block-column stk-column stk-block stk-70107ae\" data-v=\"4\" data-block-id=\"70107ae\"><div class=\"stk-column-wrapper stk-block-column__content stk-container stk-70107ae-container stk--no-background stk--no-padding\"><div class=\"stk-block-content stk-inner-blocks stk-70107ae-inner-blocks\">\n<div class=\"wp-block-stackable-image stk-block-image stk-block stk-cd009f3\" data-block-id=\"cd009f3\"><style>.stk-cd009f3 .stk-img-wrapper{aspect-ratio:2\/3 !important;width:100% !important;height:auto !important;}@media screen and (max-width:999px){.stk-cd009f3 .stk-img-wrapper{height:auto !important;}}@media screen and (max-width:689px){.stk-cd009f3 .stk-img-wrapper{height:auto !important;}}<\/style><figure><span class=\"stk-img-wrapper stk-image--shape-stretch\"><img loading=\"lazy\" decoding=\"async\" class=\"stk-img wp-image-1236\" src=\"https:\/\/ellayeraldina.com\/wp-content\/uploads\/2025\/07\/IMG_7639.jpg\" width=\"1360\" height=\"2048\" srcset=\"https:\/\/ellayeraldina.com\/wp-content\/uploads\/2025\/07\/IMG_7639.jpg 1360w, https:\/\/ellayeraldina.com\/wp-content\/uploads\/2025\/07\/IMG_7639-199x300.jpg 199w, https:\/\/ellayeraldina.com\/wp-content\/uploads\/2025\/07\/IMG_7639-680x1024.jpg 680w, https:\/\/ellayeraldina.com\/wp-content\/uploads\/2025\/07\/IMG_7639-768x1157.jpg 768w, https:\/\/ellayeraldina.com\/wp-content\/uploads\/2025\/07\/IMG_7639-1020x1536.jpg 1020w, https:\/\/ellayeraldina.com\/wp-content\/uploads\/2025\/07\/IMG_7639-500x753.jpg 500w, https:\/\/ellayeraldina.com\/wp-content\/uploads\/2025\/07\/IMG_7639-600x904.jpg 600w\" sizes=\"auto, (max-width: 1360px) 100vw, 1360px\" \/><\/span><\/figure><\/div>\n<\/div><\/div><\/div>\n\n\n\n<div class=\"wp-block-stackable-column stk-block-column stk-column stk-block stk-412643a\" data-v=\"4\" data-block-id=\"412643a\"><div class=\"stk-column-wrapper stk-block-column__content stk-container stk-412643a-container stk--no-background stk--no-padding\"><div class=\"stk-block-content stk-inner-blocks stk-412643a-inner-blocks\">\n<figure class=\"wp-block-image size-large\"><img loading=\"lazy\" decoding=\"async\" width=\"575\" height=\"1024\" src=\"https:\/\/ellayeraldina.com\/wp-content\/uploads\/2025\/07\/IMG_3773-575x1024.jpg\" alt=\"\" class=\"wp-image-1237\" style=\"aspect-ratio:2\/3;object-fit:cover\" srcset=\"https:\/\/ellayeraldina.com\/wp-content\/uploads\/2025\/07\/IMG_3773-575x1024.jpg 575w, https:\/\/ellayeraldina.com\/wp-content\/uploads\/2025\/07\/IMG_3773-168x300.jpg 168w, https:\/\/ellayeraldina.com\/wp-content\/uploads\/2025\/07\/IMG_3773-768x1368.jpg 768w, https:\/\/ellayeraldina.com\/wp-content\/uploads\/2025\/07\/IMG_3773-863x1536.jpg 863w, https:\/\/ellayeraldina.com\/wp-content\/uploads\/2025\/07\/IMG_3773-500x890.jpg 500w, https:\/\/ellayeraldina.com\/wp-content\/uploads\/2025\/07\/IMG_3773-600x1069.jpg 600w, https:\/\/ellayeraldina.com\/wp-content\/uploads\/2025\/07\/IMG_3773.jpg 1150w\" sizes=\"auto, (max-width: 575px) 100vw, 575px\" \/><\/figure>\n<\/div><\/div><\/div>\n<\/div><\/div>\n\n\n\n<div class=\"wp-block-stackable-image stk-block-image stk-block stk-50ca606\" data-block-id=\"50ca606\"><figure><span class=\"stk-img-wrapper stk-image--shape-stretch\"><img loading=\"lazy\" decoding=\"async\" class=\"stk-img wp-image-1239\" src=\"https:\/\/ellayeraldina.com\/wp-content\/uploads\/2025\/07\/IMG_7651.jpg\" width=\"2048\" height=\"1150\" srcset=\"https:\/\/ellayeraldina.com\/wp-content\/uploads\/2025\/07\/IMG_7651.jpg 2048w, https:\/\/ellayeraldina.com\/wp-content\/uploads\/2025\/07\/IMG_7651-300x168.jpg 300w, https:\/\/ellayeraldina.com\/wp-content\/uploads\/2025\/07\/IMG_7651-1024x575.jpg 1024w, https:\/\/ellayeraldina.com\/wp-content\/uploads\/2025\/07\/IMG_7651-768x431.jpg 768w, https:\/\/ellayeraldina.com\/wp-content\/uploads\/2025\/07\/IMG_7651-1536x863.jpg 1536w, https:\/\/ellayeraldina.com\/wp-content\/uploads\/2025\/07\/IMG_7651-500x281.jpg 500w, https:\/\/ellayeraldina.com\/wp-content\/uploads\/2025\/07\/IMG_7651-600x337.jpg 600w\" sizes=\"auto, (max-width: 2048px) 100vw, 2048px\" \/><\/span><\/figure><\/div>","protected":false},"excerpt":{"rendered":"<p>Este mural fue creado para la inauguraci\u00f3n de la segunda sede de la librer\u00eda y caf\u00e9 Ruda, un proyecto de Republicanas Populares, organizaci\u00f3n feminista antimilitarista que, a trav\u00e9s de la educaci\u00f3n y la comunicaci\u00f3n popular, contribuye a la construcci\u00f3n de pensamiento cr\u00edtico y a la generaci\u00f3n de pr\u00e1cticas pol\u00edticas colectivas para erradicar el modelo hegem\u00f3nico, [&hellip;]<\/p>","protected":false},"author":1,"featured_media":0,"parent":0,"menu_order":0,"comment_status":"closed","ping_status":"closed","template":"","meta":{"footnotes":""},"class_list":["post-1177","page","type-page","status-publish","hentry"],"blocksy_meta":[],"aioseo_notices":[],"_links":{"self":[{"href":"https:\/\/ellayeraldina.com\/en\/wp-json\/wp\/v2\/pages\/1177","targetHints":{"allow":["GET"]}}],"collection":[{"href":"https:\/\/ellayeraldina.com\/en\/wp-json\/wp\/v2\/pages"}],"about":[{"href":"https:\/\/ellayeraldina.com\/en\/wp-json\/wp\/v2\/types\/page"}],"author":[{"embeddable":true,"href":"https:\/\/ellayeraldina.com\/en\/wp-json\/wp\/v2\/users\/1"}],"replies":[{"embeddable":true,"href":"https:\/\/ellayeraldina.com\/en\/wp-json\/wp\/v2\/comments?post=1177"}],"version-history":[{"count":11,"href":"https:\/\/ellayeraldina.com\/en\/wp-json\/wp\/v2\/pages\/1177\/revisions"}],"predecessor-version":[{"id":1568,"href":"https:\/\/ellayeraldina.com\/en\/wp-json\/wp\/v2\/pages\/1177\/revisions\/1568"}],"wp:attachment":[{"href":"https:\/\/ellayeraldina.com\/en\/wp-json\/wp\/v2\/media?parent=1177"}],"curies":[{"name":"wp","href":"https:\/\/api.w.org\/{rel}","templated":true}]}}