{"id":1155,"date":"2025-07-09T15:12:21","date_gmt":"2025-07-09T21:12:21","guid":{"rendered":"https:\/\/ellayeraldina.com\/?page_id=1155"},"modified":"2025-08-01T10:25:55","modified_gmt":"2025-08-01T16:25:55","slug":"mural-villa-de-colores","status":"publish","type":"page","link":"https:\/\/ellayeraldina.com\/en\/mural-villa-de-colores\/","title":{"rendered":"Residencia de arte: Villa de colores"},"content":{"rendered":"<div class=\"wp-block-stackable-image stk-block-image stk-block stk-7e9b584\" data-block-id=\"7e9b584\"><figure><span class=\"stk-img-wrapper stk-image--shape-stretch\"><img loading=\"lazy\" decoding=\"async\" class=\"stk-img wp-image-1162\" src=\"https:\/\/ellayeraldina.com\/wp-content\/uploads\/2025\/07\/IMG_3784_Original-scaled.jpg\" width=\"2560\" height=\"1438\" srcset=\"https:\/\/ellayeraldina.com\/wp-content\/uploads\/2025\/07\/IMG_3784_Original-scaled.jpg 2560w, https:\/\/ellayeraldina.com\/wp-content\/uploads\/2025\/07\/IMG_3784_Original-300x169.jpg 300w, https:\/\/ellayeraldina.com\/wp-content\/uploads\/2025\/07\/IMG_3784_Original-1024x575.jpg 1024w, https:\/\/ellayeraldina.com\/wp-content\/uploads\/2025\/07\/IMG_3784_Original-768x431.jpg 768w, https:\/\/ellayeraldina.com\/wp-content\/uploads\/2025\/07\/IMG_3784_Original-1536x863.jpg 1536w, https:\/\/ellayeraldina.com\/wp-content\/uploads\/2025\/07\/IMG_3784_Original-2048x1150.jpg 2048w, https:\/\/ellayeraldina.com\/wp-content\/uploads\/2025\/07\/IMG_3784_Original-500x281.jpg 500w, https:\/\/ellayeraldina.com\/wp-content\/uploads\/2025\/07\/IMG_3784_Original-600x337.jpg 600w\" sizes=\"auto, (max-width: 2560px) 100vw, 2560px\" \/><\/span><\/figure><\/div>\n\n\n\n<p>En 2023, el colectivo de arte <strong>Street Art Canc\u00fan<\/strong> me invit\u00f3 a formar parte de la residencia art\u00edstica del proyecto <strong>Villa de Colores<\/strong>, una iniciativa que busca transformar la realidad de un sector afectado por la violencia: <em>Villas Otoch Para\u00edso<\/em>, en la ciudad de Canc\u00fan, Quintana Roo.<\/p>\n\n\n\n<p>Durante la residencia desarroll\u00e9 el dise\u00f1o para uno de los muchos murales que hoy est\u00e1n cambiando el rostro de esta comunidad. Mi propuesta ten\u00eda como objetivo <strong>celebrar la identidad de las ni\u00f1as y mujeres del sector<\/strong>, resaltando la fuerza que habita en su color de piel y en la potencia simb\u00f3lica de sus cabellos. Quise rendir homenaje a su valent\u00eda, amor propio y resiliencia.<\/p>\n\n\n\n<p>En un pa\u00eds como M\u00e9xico, donde gran parte de la poblaci\u00f3n luce muy distinta a las im\u00e1genes promovidas en la publicidad y la televisi\u00f3n, mi intenci\u00f3n era que, al pasar frente al mural, las ni\u00f1as y mujeres locales pudieran sentirse, aunque fuera un poco, <strong>representadas e identificadas<\/strong>.<\/p>\n\n\n\n<p>El proceso de creaci\u00f3n fue profundamente enriquecedor y cont\u00f3 con la participaci\u00f3n activa de la comunidad, especialmente de los ni\u00f1os y ni\u00f1as del barrio, quienes ayudaron a pintar y compartieron preguntas y reflexiones que nutrieron el sentido del proyecto.<\/p>\n\n\n\n<div class=\"wp-block-stackable-columns stk-block-columns stk-block stk-9667136\" data-block-id=\"9667136\"><div class=\"stk-row stk-inner-blocks stk-block-content stk-content-align stk-9667136-column\">\n<div class=\"wp-block-stackable-column stk-block-column stk-column stk-block stk-0ff5423\" data-v=\"4\" data-block-id=\"0ff5423\"><div class=\"stk-column-wrapper stk-block-column__content stk-container stk-0ff5423-container stk--no-background stk--no-padding\"><div class=\"stk-block-content stk-inner-blocks stk-0ff5423-inner-blocks\">\n<div class=\"wp-block-stackable-image stk-block-image stk-block stk-429ad7e\" data-block-id=\"429ad7e\"><style>.stk-429ad7e .stk-img-wrapper{aspect-ratio:3\/4 !important;height:auto !important;}.stk-429ad7e .stk-img-wrapper img{object-position:52% 81% !important;}@media screen and (max-width:999px){.stk-429ad7e .stk-img-wrapper{height:auto !important;}}@media screen and (max-width:689px){.stk-429ad7e .stk-img-wrapper{height:auto !important;}}<\/style><figure><span class=\"stk-img-wrapper stk-image--shape-stretch\"><img loading=\"lazy\" decoding=\"async\" class=\"stk-img wp-image-1170\" src=\"https:\/\/ellayeraldina.com\/wp-content\/uploads\/2025\/07\/1.png\" width=\"3024\" height=\"3637\" srcset=\"https:\/\/ellayeraldina.com\/wp-content\/uploads\/2025\/07\/1.png 3024w, https:\/\/ellayeraldina.com\/wp-content\/uploads\/2025\/07\/1-249x300.png 249w, https:\/\/ellayeraldina.com\/wp-content\/uploads\/2025\/07\/1-851x1024.png 851w, https:\/\/ellayeraldina.com\/wp-content\/uploads\/2025\/07\/1-768x924.png 768w, https:\/\/ellayeraldina.com\/wp-content\/uploads\/2025\/07\/1-1277x1536.png 1277w, https:\/\/ellayeraldina.com\/wp-content\/uploads\/2025\/07\/1-1703x2048.png 1703w, https:\/\/ellayeraldina.com\/wp-content\/uploads\/2025\/07\/1-500x601.png 500w, https:\/\/ellayeraldina.com\/wp-content\/uploads\/2025\/07\/1-600x722.png 600w\" sizes=\"auto, (max-width: 3024px) 100vw, 3024px\" \/><\/span><\/figure><\/div>\n<\/div><\/div><\/div>\n\n\n\n<div class=\"wp-block-stackable-column stk-block-column stk-column stk-block stk-3af4ebb\" data-v=\"4\" data-block-id=\"3af4ebb\"><div class=\"stk-column-wrapper stk-block-column__content stk-container stk-3af4ebb-container stk--no-background stk--no-padding\"><div class=\"stk-block-content stk-inner-blocks stk-3af4ebb-inner-blocks\">\n<div class=\"wp-block-stackable-image stk-block-image stk-block stk-178ccac\" data-block-id=\"178ccac\"><figure><span class=\"stk-img-wrapper stk-image--shape-stretch\"><img loading=\"lazy\" decoding=\"async\" class=\"stk-img wp-image-1158\" src=\"https:\/\/ellayeraldina.com\/wp-content\/uploads\/2025\/07\/IMG_4437_Original-scaled.jpg\" width=\"1920\" height=\"2560\" srcset=\"https:\/\/ellayeraldina.com\/wp-content\/uploads\/2025\/07\/IMG_4437_Original-scaled.jpg 1920w, https:\/\/ellayeraldina.com\/wp-content\/uploads\/2025\/07\/IMG_4437_Original-225x300.jpg 225w, https:\/\/ellayeraldina.com\/wp-content\/uploads\/2025\/07\/IMG_4437_Original-768x1024.jpg 768w, https:\/\/ellayeraldina.com\/wp-content\/uploads\/2025\/07\/IMG_4437_Original-1152x1536.jpg 1152w, https:\/\/ellayeraldina.com\/wp-content\/uploads\/2025\/07\/IMG_4437_Original-1536x2048.jpg 1536w, https:\/\/ellayeraldina.com\/wp-content\/uploads\/2025\/07\/IMG_4437_Original-500x667.jpg 500w, https:\/\/ellayeraldina.com\/wp-content\/uploads\/2025\/07\/IMG_4437_Original-600x800.jpg 600w\" sizes=\"auto, (max-width: 1920px) 100vw, 1920px\" \/><\/span><\/figure><\/div>\n<\/div><\/div><\/div>\n\n\n\n<div class=\"wp-block-stackable-column stk-block-column stk-column stk-block stk-c1120c0\" data-v=\"4\" data-block-id=\"c1120c0\"><div class=\"stk-column-wrapper stk-block-column__content stk-container stk-c1120c0-container stk--no-background stk--no-padding\"><div class=\"stk-block-content stk-inner-blocks stk-c1120c0-inner-blocks\">\n<div class=\"wp-block-stackable-image stk-block-image stk-block stk-d0d2858\" data-block-id=\"d0d2858\"><figure><span class=\"stk-img-wrapper stk-image--shape-stretch\"><img loading=\"lazy\" decoding=\"async\" class=\"stk-img wp-image-1157\" src=\"https:\/\/ellayeraldina.com\/wp-content\/uploads\/2025\/07\/IMG_4344-scaled.jpg\" width=\"1920\" height=\"2560\" srcset=\"https:\/\/ellayeraldina.com\/wp-content\/uploads\/2025\/07\/IMG_4344-scaled.jpg 1920w, https:\/\/ellayeraldina.com\/wp-content\/uploads\/2025\/07\/IMG_4344-225x300.jpg 225w, https:\/\/ellayeraldina.com\/wp-content\/uploads\/2025\/07\/IMG_4344-768x1024.jpg 768w, https:\/\/ellayeraldina.com\/wp-content\/uploads\/2025\/07\/IMG_4344-1152x1536.jpg 1152w, https:\/\/ellayeraldina.com\/wp-content\/uploads\/2025\/07\/IMG_4344-1536x2048.jpg 1536w, https:\/\/ellayeraldina.com\/wp-content\/uploads\/2025\/07\/IMG_4344-500x667.jpg 500w, https:\/\/ellayeraldina.com\/wp-content\/uploads\/2025\/07\/IMG_4344-600x800.jpg 600w\" sizes=\"auto, (max-width: 1920px) 100vw, 1920px\" \/><\/span><\/figure><\/div>\n<\/div><\/div><\/div>\n<\/div><\/div>\n\n\n\n<div class=\"wp-block-stackable-columns stk-block-columns stk-block stk-de2b9ee\" data-block-id=\"de2b9ee\"><div class=\"stk-row stk-inner-blocks stk-block-content stk-content-align stk-de2b9ee-column\">\n<div class=\"wp-block-stackable-column stk-block-column stk-column stk-block stk-7084f4e\" data-v=\"4\" data-block-id=\"7084f4e\"><div class=\"stk-column-wrapper stk-block-column__content stk-container stk-7084f4e-container stk--no-background stk--no-padding\"><div class=\"stk-block-content stk-inner-blocks stk-7084f4e-inner-blocks\">\n<div class=\"wp-block-stackable-image stk-block-image stk-block stk-7c0093a\" data-block-id=\"7c0093a\"><style>.stk-7c0093a .stk-img-wrapper{aspect-ratio:3\/4 !important;height:auto !important;}@media screen and (max-width:999px){.stk-7c0093a .stk-img-wrapper{height:auto !important;}}@media screen and (max-width:689px){.stk-7c0093a .stk-img-wrapper{height:auto !important;}}<\/style><figure><span class=\"stk-img-wrapper stk-image--shape-stretch\"><img loading=\"lazy\" decoding=\"async\" class=\"stk-img wp-image-1171\" src=\"https:\/\/ellayeraldina.com\/wp-content\/uploads\/2025\/07\/IMG_4441-scaled.jpg\" width=\"1920\" height=\"2560\" srcset=\"https:\/\/ellayeraldina.com\/wp-content\/uploads\/2025\/07\/IMG_4441-scaled.jpg 1920w, https:\/\/ellayeraldina.com\/wp-content\/uploads\/2025\/07\/IMG_4441-225x300.jpg 225w, https:\/\/ellayeraldina.com\/wp-content\/uploads\/2025\/07\/IMG_4441-768x1024.jpg 768w, https:\/\/ellayeraldina.com\/wp-content\/uploads\/2025\/07\/IMG_4441-1152x1536.jpg 1152w, https:\/\/ellayeraldina.com\/wp-content\/uploads\/2025\/07\/IMG_4441-1536x2048.jpg 1536w, https:\/\/ellayeraldina.com\/wp-content\/uploads\/2025\/07\/IMG_4441-500x667.jpg 500w, https:\/\/ellayeraldina.com\/wp-content\/uploads\/2025\/07\/IMG_4441-600x800.jpg 600w\" sizes=\"auto, (max-width: 1920px) 100vw, 1920px\" \/><\/span><\/figure><\/div>\n<\/div><\/div><\/div>\n\n\n\n<div class=\"wp-block-stackable-column stk-block-column stk-column stk-block stk-eefc7fa\" data-v=\"4\" data-block-id=\"eefc7fa\"><div class=\"stk-column-wrapper stk-block-column__content stk-container stk-eefc7fa-container stk--no-background stk--no-padding\"><div class=\"stk-block-content stk-inner-blocks stk-eefc7fa-inner-blocks\">\n<div class=\"wp-block-stackable-image stk-block-image stk-block stk-d21eac4\" data-block-id=\"d21eac4\"><style>.stk-d21eac4 .stk-img-wrapper{aspect-ratio:3\/4 !important;height:auto !important;}@media screen and (max-width:999px){.stk-d21eac4 .stk-img-wrapper{height:auto !important;}}@media screen and (max-width:689px){.stk-d21eac4 .stk-img-wrapper{height:auto !important;}}<\/style><figure><span class=\"stk-img-wrapper stk-image--shape-stretch\"><img loading=\"lazy\" decoding=\"async\" class=\"stk-img wp-image-1161\" src=\"https:\/\/ellayeraldina.com\/wp-content\/uploads\/2025\/07\/IMG_4475-scaled.jpg\" width=\"1920\" height=\"2560\" srcset=\"https:\/\/ellayeraldina.com\/wp-content\/uploads\/2025\/07\/IMG_4475-scaled.jpg 1920w, https:\/\/ellayeraldina.com\/wp-content\/uploads\/2025\/07\/IMG_4475-225x300.jpg 225w, https:\/\/ellayeraldina.com\/wp-content\/uploads\/2025\/07\/IMG_4475-768x1024.jpg 768w, https:\/\/ellayeraldina.com\/wp-content\/uploads\/2025\/07\/IMG_4475-1152x1536.jpg 1152w, https:\/\/ellayeraldina.com\/wp-content\/uploads\/2025\/07\/IMG_4475-1536x2048.jpg 1536w, https:\/\/ellayeraldina.com\/wp-content\/uploads\/2025\/07\/IMG_4475-500x667.jpg 500w, https:\/\/ellayeraldina.com\/wp-content\/uploads\/2025\/07\/IMG_4475-600x800.jpg 600w\" sizes=\"auto, (max-width: 1920px) 100vw, 1920px\" \/><\/span><\/figure><\/div>\n<\/div><\/div><\/div>\n\n\n\n<div class=\"wp-block-stackable-column stk-block-column stk-column stk-block stk-b283938\" data-v=\"4\" data-block-id=\"b283938\"><div class=\"stk-column-wrapper stk-block-column__content stk-container stk-b283938-container stk--no-background stk--no-padding\"><div class=\"stk-block-content stk-inner-blocks stk-b283938-inner-blocks\">\n<div class=\"wp-block-stackable-image stk-block-image stk-block stk-46d4131\" data-block-id=\"46d4131\"><style>.stk-46d4131 .stk-img-wrapper{aspect-ratio:3\/4 !important;height:auto !important;}.stk-46d4131 .stk-img-wrapper img{object-position:53% 95% !important;}@media screen and (max-width:999px){.stk-46d4131 .stk-img-wrapper{height:auto !important;}}@media screen and (max-width:689px){.stk-46d4131 .stk-img-wrapper{height:auto !important;}}<\/style><figure><span class=\"stk-img-wrapper stk-image--shape-stretch\"><img loading=\"lazy\" decoding=\"async\" class=\"stk-img wp-image-1156\" src=\"https:\/\/ellayeraldina.com\/wp-content\/uploads\/2025\/07\/IMG_3785_Original-scaled.jpg\" width=\"1438\" height=\"2560\" srcset=\"https:\/\/ellayeraldina.com\/wp-content\/uploads\/2025\/07\/IMG_3785_Original-scaled.jpg 1438w, https:\/\/ellayeraldina.com\/wp-content\/uploads\/2025\/07\/IMG_3785_Original-169x300.jpg 169w, https:\/\/ellayeraldina.com\/wp-content\/uploads\/2025\/07\/IMG_3785_Original-575x1024.jpg 575w, https:\/\/ellayeraldina.com\/wp-content\/uploads\/2025\/07\/IMG_3785_Original-768x1367.jpg 768w, https:\/\/ellayeraldina.com\/wp-content\/uploads\/2025\/07\/IMG_3785_Original-863x1536.jpg 863w, https:\/\/ellayeraldina.com\/wp-content\/uploads\/2025\/07\/IMG_3785_Original-1150x2048.jpg 1150w, https:\/\/ellayeraldina.com\/wp-content\/uploads\/2025\/07\/IMG_3785_Original-500x890.jpg 500w, https:\/\/ellayeraldina.com\/wp-content\/uploads\/2025\/07\/IMG_3785_Original-600x1068.jpg 600w\" sizes=\"auto, (max-width: 1438px) 100vw, 1438px\" \/><\/span><\/figure><\/div>\n<\/div><\/div><\/div>\n<\/div><\/div>\n\n\n\n<div class=\"wp-block-stackable-image stk-block-image stk-block stk-bd73d25\" data-block-id=\"bd73d25\"><figure><span class=\"stk-img-wrapper stk-image--shape-stretch\"><img loading=\"lazy\" decoding=\"async\" class=\"stk-img wp-image-1174\" src=\"https:\/\/ellayeraldina.com\/wp-content\/uploads\/2025\/07\/IMG_3780-scaled.jpg\" width=\"2560\" height=\"1438\" srcset=\"https:\/\/ellayeraldina.com\/wp-content\/uploads\/2025\/07\/IMG_3780-scaled.jpg 2560w, https:\/\/ellayeraldina.com\/wp-content\/uploads\/2025\/07\/IMG_3780-300x169.jpg 300w, https:\/\/ellayeraldina.com\/wp-content\/uploads\/2025\/07\/IMG_3780-1024x575.jpg 1024w, https:\/\/ellayeraldina.com\/wp-content\/uploads\/2025\/07\/IMG_3780-768x431.jpg 768w, https:\/\/ellayeraldina.com\/wp-content\/uploads\/2025\/07\/IMG_3780-1536x863.jpg 1536w, https:\/\/ellayeraldina.com\/wp-content\/uploads\/2025\/07\/IMG_3780-2048x1150.jpg 2048w, https:\/\/ellayeraldina.com\/wp-content\/uploads\/2025\/07\/IMG_3780-500x281.jpg 500w, https:\/\/ellayeraldina.com\/wp-content\/uploads\/2025\/07\/IMG_3780-600x337.jpg 600w\" sizes=\"auto, (max-width: 2560px) 100vw, 2560px\" \/><\/span><\/figure><\/div>","protected":false},"excerpt":{"rendered":"<p>En 2023, el colectivo de arte Street Art Canc\u00fan me invit\u00f3 a formar parte de la residencia art\u00edstica del proyecto Villa de Colores, una iniciativa que busca transformar la realidad de un sector afectado por la violencia: Villas Otoch Para\u00edso, en la ciudad de Canc\u00fan, Quintana Roo. Durante la residencia desarroll\u00e9 el dise\u00f1o para uno [&hellip;]<\/p>","protected":false},"author":1,"featured_media":0,"parent":0,"menu_order":0,"comment_status":"closed","ping_status":"closed","template":"","meta":{"footnotes":""},"class_list":["post-1155","page","type-page","status-publish","hentry"],"blocksy_meta":[],"aioseo_notices":[],"_links":{"self":[{"href":"https:\/\/ellayeraldina.com\/en\/wp-json\/wp\/v2\/pages\/1155","targetHints":{"allow":["GET"]}}],"collection":[{"href":"https:\/\/ellayeraldina.com\/en\/wp-json\/wp\/v2\/pages"}],"about":[{"href":"https:\/\/ellayeraldina.com\/en\/wp-json\/wp\/v2\/types\/page"}],"author":[{"embeddable":true,"href":"https:\/\/ellayeraldina.com\/en\/wp-json\/wp\/v2\/users\/1"}],"replies":[{"embeddable":true,"href":"https:\/\/ellayeraldina.com\/en\/wp-json\/wp\/v2\/comments?post=1155"}],"version-history":[{"count":7,"href":"https:\/\/ellayeraldina.com\/en\/wp-json\/wp\/v2\/pages\/1155\/revisions"}],"predecessor-version":[{"id":1503,"href":"https:\/\/ellayeraldina.com\/en\/wp-json\/wp\/v2\/pages\/1155\/revisions\/1503"}],"wp:attachment":[{"href":"https:\/\/ellayeraldina.com\/en\/wp-json\/wp\/v2\/media?parent=1155"}],"curies":[{"name":"wp","href":"https:\/\/api.w.org\/{rel}","templated":true}]}}