{"id":1134,"date":"2025-07-09T14:44:02","date_gmt":"2025-07-09T20:44:02","guid":{"rendered":"https:\/\/ellayeraldina.com\/?page_id=1134"},"modified":"2025-08-01T10:25:24","modified_gmt":"2025-08-01T16:25:24","slug":"mural-viajero-hostels","status":"publish","type":"page","link":"https:\/\/ellayeraldina.com\/en\/mural-viajero-hostels\/","title":{"rendered":"Mural Viajero Hostels"},"content":{"rendered":"<div class=\"wp-block-stackable-image stk-block-image stk-block stk-c815c4f\" data-block-id=\"c815c4f\"><figure><span class=\"stk-img-wrapper stk-image--shape-stretch\"><img loading=\"lazy\" decoding=\"async\" class=\"stk-img wp-image-1143\" src=\"https:\/\/ellayeraldina.com\/wp-content\/uploads\/2025\/07\/1-scaled.jpg\" width=\"2560\" height=\"1438\" srcset=\"https:\/\/ellayeraldina.com\/wp-content\/uploads\/2025\/07\/1-scaled.jpg 2560w, https:\/\/ellayeraldina.com\/wp-content\/uploads\/2025\/07\/1-300x169.jpg 300w, https:\/\/ellayeraldina.com\/wp-content\/uploads\/2025\/07\/1-1024x575.jpg 1024w, https:\/\/ellayeraldina.com\/wp-content\/uploads\/2025\/07\/1-768x431.jpg 768w, https:\/\/ellayeraldina.com\/wp-content\/uploads\/2025\/07\/1-1536x863.jpg 1536w, https:\/\/ellayeraldina.com\/wp-content\/uploads\/2025\/07\/1-2048x1150.jpg 2048w, https:\/\/ellayeraldina.com\/wp-content\/uploads\/2025\/07\/1-500x281.jpg 500w, https:\/\/ellayeraldina.com\/wp-content\/uploads\/2025\/07\/1-600x337.jpg 600w\" sizes=\"auto, (max-width: 2560px) 100vw, 2560px\" \/><\/span><\/figure><\/div>\n\n\n\n<p>This mural is inspired by the native fauna and flora of the Buenos Aires region of Argentina. It was created with the aim of transforming the courtyard of Viajero Hostels into a warmer, more welcoming, and lively space for guests. Through organic shapes, vibrant colors, and natural elements, the mural seeks to create an atmosphere of connection with nature in the midst of the urban environment. An invitation to connect with the environment while traveling.<\/p>\n\n\n\n<div class=\"wp-block-stackable-columns stk-block-columns stk-block stk-fb18f00\" data-block-id=\"fb18f00\"><div class=\"stk-row stk-inner-blocks stk-block-content stk-content-align stk-fb18f00-column\">\n<div class=\"wp-block-stackable-column stk-block-column stk-column stk-block stk-18a80ba\" data-v=\"4\" data-block-id=\"18a80ba\"><div class=\"stk-column-wrapper stk-block-column__content stk-container stk-18a80ba-container stk--no-background stk--no-padding\"><div class=\"stk-block-content stk-inner-blocks stk-18a80ba-inner-blocks\">\n<div class=\"wp-block-stackable-image stk-block-image stk-block stk-654fd2f\" data-block-id=\"654fd2f\"><style>.stk-654fd2f .stk-img-wrapper{aspect-ratio:3\/4 !important;height:auto !important;}@media screen and (max-width:999px){.stk-654fd2f .stk-img-wrapper{height:auto !important;}}@media screen and (max-width:689px){.stk-654fd2f .stk-img-wrapper{height:auto !important;}}<\/style><figure><span class=\"stk-img-wrapper stk-image--shape-stretch\"><img loading=\"lazy\" decoding=\"async\" class=\"stk-img wp-image-1136\" src=\"https:\/\/ellayeraldina.com\/wp-content\/uploads\/2025\/07\/IMG_1358_Original-scaled.jpg\" width=\"1707\" height=\"2560\" srcset=\"https:\/\/ellayeraldina.com\/wp-content\/uploads\/2025\/07\/IMG_1358_Original-scaled.jpg 1707w, https:\/\/ellayeraldina.com\/wp-content\/uploads\/2025\/07\/IMG_1358_Original-200x300.jpg 200w, https:\/\/ellayeraldina.com\/wp-content\/uploads\/2025\/07\/IMG_1358_Original-683x1024.jpg 683w, https:\/\/ellayeraldina.com\/wp-content\/uploads\/2025\/07\/IMG_1358_Original-768x1152.jpg 768w, https:\/\/ellayeraldina.com\/wp-content\/uploads\/2025\/07\/IMG_1358_Original-1024x1536.jpg 1024w, https:\/\/ellayeraldina.com\/wp-content\/uploads\/2025\/07\/IMG_1358_Original-1365x2048.jpg 1365w, https:\/\/ellayeraldina.com\/wp-content\/uploads\/2025\/07\/IMG_1358_Original-500x750.jpg 500w, https:\/\/ellayeraldina.com\/wp-content\/uploads\/2025\/07\/IMG_1358_Original-600x900.jpg 600w\" sizes=\"auto, (max-width: 1707px) 100vw, 1707px\" \/><\/span><\/figure><\/div>\n<\/div><\/div><\/div>\n\n\n\n<div class=\"wp-block-stackable-column stk-block-column stk-column stk-block stk-db157a6\" data-v=\"4\" data-block-id=\"db157a6\"><div class=\"stk-column-wrapper stk-block-column__content stk-container stk-db157a6-container stk--no-background stk--no-padding\"><div class=\"stk-block-content stk-inner-blocks stk-db157a6-inner-blocks\">\n<div class=\"wp-block-stackable-image stk-block-image stk-block stk-052b93c\" data-block-id=\"052b93c\"><style>.stk-052b93c .stk-img-wrapper{aspect-ratio:3\/4 !important;height:auto !important;}@media screen and (max-width:999px){.stk-052b93c .stk-img-wrapper{height:auto !important;}}@media screen and (max-width:689px){.stk-052b93c .stk-img-wrapper{height:auto !important;}}<\/style><figure><span class=\"stk-img-wrapper stk-image--shape-stretch\"><img loading=\"lazy\" decoding=\"async\" class=\"stk-img wp-image-1137\" src=\"https:\/\/ellayeraldina.com\/wp-content\/uploads\/2025\/07\/IMG_1479_Original-1-scaled.jpg\" width=\"1438\" height=\"2560\" srcset=\"https:\/\/ellayeraldina.com\/wp-content\/uploads\/2025\/07\/IMG_1479_Original-1-scaled.jpg 1438w, https:\/\/ellayeraldina.com\/wp-content\/uploads\/2025\/07\/IMG_1479_Original-1-169x300.jpg 169w, https:\/\/ellayeraldina.com\/wp-content\/uploads\/2025\/07\/IMG_1479_Original-1-575x1024.jpg 575w, https:\/\/ellayeraldina.com\/wp-content\/uploads\/2025\/07\/IMG_1479_Original-1-768x1367.jpg 768w, https:\/\/ellayeraldina.com\/wp-content\/uploads\/2025\/07\/IMG_1479_Original-1-863x1536.jpg 863w, https:\/\/ellayeraldina.com\/wp-content\/uploads\/2025\/07\/IMG_1479_Original-1-1150x2048.jpg 1150w, https:\/\/ellayeraldina.com\/wp-content\/uploads\/2025\/07\/IMG_1479_Original-1-500x890.jpg 500w, https:\/\/ellayeraldina.com\/wp-content\/uploads\/2025\/07\/IMG_1479_Original-1-600x1068.jpg 600w\" sizes=\"auto, (max-width: 1438px) 100vw, 1438px\" \/><\/span><\/figure><\/div>\n<\/div><\/div><\/div>\n\n\n\n<div class=\"wp-block-stackable-column stk-block-column stk-column stk-block stk-cf6bd90\" data-v=\"4\" data-block-id=\"cf6bd90\"><div class=\"stk-column-wrapper stk-block-column__content stk-container stk-cf6bd90-container stk--no-background stk--no-padding\"><div class=\"stk-block-content stk-inner-blocks stk-cf6bd90-inner-blocks\">\n<div class=\"wp-block-stackable-image stk-block-image stk-block stk-9301457\" data-block-id=\"9301457\"><style>.stk-9301457 .stk-img-wrapper{aspect-ratio:3\/4 !important;height:auto !important;}.stk-9301457 .stk-img-wrapper img{object-position:50% 66% !important;}@media screen and (max-width:999px){.stk-9301457 .stk-img-wrapper{height:auto !important;}}@media screen and (max-width:689px){.stk-9301457 .stk-img-wrapper{height:auto !important;}}<\/style><figure><span class=\"stk-img-wrapper stk-image--shape-stretch\"><img loading=\"lazy\" decoding=\"async\" class=\"stk-img wp-image-1138\" src=\"https:\/\/ellayeraldina.com\/wp-content\/uploads\/2025\/07\/IMG_1428_Original.jpg\" width=\"1151\" height=\"2048\" srcset=\"https:\/\/ellayeraldina.com\/wp-content\/uploads\/2025\/07\/IMG_1428_Original.jpg 1151w, https:\/\/ellayeraldina.com\/wp-content\/uploads\/2025\/07\/IMG_1428_Original-169x300.jpg 169w, https:\/\/ellayeraldina.com\/wp-content\/uploads\/2025\/07\/IMG_1428_Original-576x1024.jpg 576w, https:\/\/ellayeraldina.com\/wp-content\/uploads\/2025\/07\/IMG_1428_Original-768x1367.jpg 768w, https:\/\/ellayeraldina.com\/wp-content\/uploads\/2025\/07\/IMG_1428_Original-863x1536.jpg 863w, https:\/\/ellayeraldina.com\/wp-content\/uploads\/2025\/07\/IMG_1428_Original-500x890.jpg 500w, https:\/\/ellayeraldina.com\/wp-content\/uploads\/2025\/07\/IMG_1428_Original-600x1068.jpg 600w\" sizes=\"auto, (max-width: 1151px) 100vw, 1151px\" \/><\/span><\/figure><\/div>\n<\/div><\/div><\/div>\n<\/div><\/div>\n\n\n\n<p><\/p>\n\n\n\n<div class=\"wp-block-stackable-columns stk-block-columns stk-block stk-e05dd6f\" data-block-id=\"e05dd6f\"><div class=\"stk-row stk-inner-blocks stk-block-content stk-content-align stk-e05dd6f-column\">\n<div class=\"wp-block-stackable-column stk-block-column stk-column stk-block stk-4e48970\" data-v=\"4\" data-block-id=\"4e48970\"><div class=\"stk-column-wrapper stk-block-column__content stk-container stk-4e48970-container stk--no-background stk--no-padding\"><div class=\"stk-block-content stk-inner-blocks stk-4e48970-inner-blocks\">\n<div class=\"wp-block-stackable-image stk-block-image stk-block stk-d28d3d4\" data-block-id=\"d28d3d4\"><style>.stk-d28d3d4 .stk-img-wrapper{aspect-ratio:2\/3 !important;height:auto !important;}@media screen and (max-width:999px){.stk-d28d3d4 .stk-img-wrapper{height:auto !important;}}@media screen and (max-width:689px){.stk-d28d3d4 .stk-img-wrapper{height:auto !important;}}<\/style><figure><span class=\"stk-img-wrapper stk-image--shape-stretch\"><img loading=\"lazy\" decoding=\"async\" class=\"stk-img wp-image-1217\" src=\"https:\/\/ellayeraldina.com\/wp-content\/uploads\/2025\/07\/IMG_8171-scaled.jpg\" width=\"1920\" height=\"2560\" srcset=\"https:\/\/ellayeraldina.com\/wp-content\/uploads\/2025\/07\/IMG_8171-scaled.jpg 1920w, https:\/\/ellayeraldina.com\/wp-content\/uploads\/2025\/07\/IMG_8171-225x300.jpg 225w, https:\/\/ellayeraldina.com\/wp-content\/uploads\/2025\/07\/IMG_8171-768x1024.jpg 768w, https:\/\/ellayeraldina.com\/wp-content\/uploads\/2025\/07\/IMG_8171-1152x1536.jpg 1152w, https:\/\/ellayeraldina.com\/wp-content\/uploads\/2025\/07\/IMG_8171-1536x2048.jpg 1536w, https:\/\/ellayeraldina.com\/wp-content\/uploads\/2025\/07\/IMG_8171-500x667.jpg 500w, https:\/\/ellayeraldina.com\/wp-content\/uploads\/2025\/07\/IMG_8171-600x800.jpg 600w\" sizes=\"auto, (max-width: 1920px) 100vw, 1920px\" \/><\/span><\/figure><\/div>\n<\/div><\/div><\/div>\n\n\n\n<div class=\"wp-block-stackable-column stk-block-column stk-column stk-block stk-31d7558\" data-v=\"4\" data-block-id=\"31d7558\"><div class=\"stk-column-wrapper stk-block-column__content stk-container stk-31d7558-container stk--no-background stk--no-padding\"><div class=\"stk-block-content stk-inner-blocks stk-31d7558-inner-blocks\">\n<figure class=\"wp-block-image size-large\"><img loading=\"lazy\" decoding=\"async\" width=\"683\" height=\"1024\" src=\"https:\/\/ellayeraldina.com\/wp-content\/uploads\/2025\/07\/IMG_1280_Original-683x1024.jpg\" alt=\"\" class=\"wp-image-1219\" style=\"aspect-ratio:2\/3;object-fit:cover\" srcset=\"https:\/\/ellayeraldina.com\/wp-content\/uploads\/2025\/07\/IMG_1280_Original-683x1024.jpg 683w, https:\/\/ellayeraldina.com\/wp-content\/uploads\/2025\/07\/IMG_1280_Original-200x300.jpg 200w, https:\/\/ellayeraldina.com\/wp-content\/uploads\/2025\/07\/IMG_1280_Original-768x1152.jpg 768w, https:\/\/ellayeraldina.com\/wp-content\/uploads\/2025\/07\/IMG_1280_Original-1024x1536.jpg 1024w, https:\/\/ellayeraldina.com\/wp-content\/uploads\/2025\/07\/IMG_1280_Original-500x750.jpg 500w, https:\/\/ellayeraldina.com\/wp-content\/uploads\/2025\/07\/IMG_1280_Original-600x900.jpg 600w, https:\/\/ellayeraldina.com\/wp-content\/uploads\/2025\/07\/IMG_1280_Original.jpg 1365w\" sizes=\"auto, (max-width: 683px) 100vw, 683px\" \/><\/figure>\n<\/div><\/div><\/div>\n\n\n\n<div class=\"wp-block-stackable-column stk-block-column stk-column stk-block stk-722e25b\" data-v=\"4\" data-block-id=\"722e25b\"><div class=\"stk-column-wrapper stk-block-column__content stk-container stk-722e25b-container stk--no-background stk--no-padding\"><div class=\"stk-block-content stk-inner-blocks stk-722e25b-inner-blocks\">\n<figure class=\"wp-block-image size-large\"><img loading=\"lazy\" decoding=\"async\" width=\"575\" height=\"1024\" src=\"https:\/\/ellayeraldina.com\/wp-content\/uploads\/2025\/07\/IMG_1382_Original-1-575x1024.jpg\" alt=\"\" class=\"wp-image-1220\" style=\"aspect-ratio:2\/3;object-fit:cover\" srcset=\"https:\/\/ellayeraldina.com\/wp-content\/uploads\/2025\/07\/IMG_1382_Original-1-575x1024.jpg 575w, https:\/\/ellayeraldina.com\/wp-content\/uploads\/2025\/07\/IMG_1382_Original-1-168x300.jpg 168w, https:\/\/ellayeraldina.com\/wp-content\/uploads\/2025\/07\/IMG_1382_Original-1-768x1367.jpg 768w, https:\/\/ellayeraldina.com\/wp-content\/uploads\/2025\/07\/IMG_1382_Original-1-863x1536.jpg 863w, https:\/\/ellayeraldina.com\/wp-content\/uploads\/2025\/07\/IMG_1382_Original-1-1150x2048.jpg 1150w, https:\/\/ellayeraldina.com\/wp-content\/uploads\/2025\/07\/IMG_1382_Original-1-500x890.jpg 500w, https:\/\/ellayeraldina.com\/wp-content\/uploads\/2025\/07\/IMG_1382_Original-1-600x1068.jpg 600w, https:\/\/ellayeraldina.com\/wp-content\/uploads\/2025\/07\/IMG_1382_Original-1-scaled.jpg 1438w\" sizes=\"auto, (max-width: 575px) 100vw, 575px\" \/><\/figure>\n<\/div><\/div><\/div>\n<\/div><\/div>\n\n\n\n<p><\/p>","protected":false},"excerpt":{"rendered":"<p>Este mural est\u00e1 inspirado en la fauna y flora aut\u00f3ctonas de la regi\u00f3n de Buenos Aires, Argentina. Fue creado con el objetivo de transformar el patio de Viajero Hostels en un espacio m\u00e1s c\u00e1lido, acogedor y lleno de vida para los hu\u00e9spedes. A trav\u00e9s de formas org\u00e1nicas, colores vibrantes y elementos naturales, el mural busca [&hellip;]<\/p>","protected":false},"author":1,"featured_media":0,"parent":0,"menu_order":0,"comment_status":"closed","ping_status":"closed","template":"","meta":{"footnotes":""},"class_list":["post-1134","page","type-page","status-publish","hentry"],"blocksy_meta":[],"aioseo_notices":[],"_links":{"self":[{"href":"https:\/\/ellayeraldina.com\/en\/wp-json\/wp\/v2\/pages\/1134","targetHints":{"allow":["GET"]}}],"collection":[{"href":"https:\/\/ellayeraldina.com\/en\/wp-json\/wp\/v2\/pages"}],"about":[{"href":"https:\/\/ellayeraldina.com\/en\/wp-json\/wp\/v2\/types\/page"}],"author":[{"embeddable":true,"href":"https:\/\/ellayeraldina.com\/en\/wp-json\/wp\/v2\/users\/1"}],"replies":[{"embeddable":true,"href":"https:\/\/ellayeraldina.com\/en\/wp-json\/wp\/v2\/comments?post=1134"}],"version-history":[{"count":4,"href":"https:\/\/ellayeraldina.com\/en\/wp-json\/wp\/v2\/pages\/1134\/revisions"}],"predecessor-version":[{"id":1502,"href":"https:\/\/ellayeraldina.com\/en\/wp-json\/wp\/v2\/pages\/1134\/revisions\/1502"}],"wp:attachment":[{"href":"https:\/\/ellayeraldina.com\/en\/wp-json\/wp\/v2\/media?parent=1134"}],"curies":[{"name":"wp","href":"https:\/\/api.w.org\/{rel}","templated":true}]}}