{"id":1080,"date":"2025-07-08T06:31:45","date_gmt":"2025-07-08T12:31:45","guid":{"rendered":"https:\/\/ellayeraldina.com\/?page_id=1080"},"modified":"2025-08-17T08:31:23","modified_gmt":"2025-08-17T14:31:23","slug":"mural-colores","status":"publish","type":"page","link":"https:\/\/ellayeraldina.com\/en\/mural-colores\/","title":{"rendered":"Colors Mural"},"content":{"rendered":"<div class=\"wp-block-stackable-columns stk-block-columns stk-block stk-7aa9b03\" data-block-id=\"7aa9b03\"><div class=\"stk-row stk-inner-blocks stk-block-content stk-content-align stk-7aa9b03-column\">\n<div class=\"wp-block-stackable-column stk-block-column stk-column stk-block stk-9c8051c\" data-v=\"4\" data-block-id=\"9c8051c\"><div class=\"stk-column-wrapper stk-block-column__content stk-container stk-9c8051c-container stk--no-background stk--no-padding\"><div class=\"stk-block-content stk-inner-blocks stk-9c8051c-inner-blocks\">\n<div class=\"wp-block-stackable-image stk-block-image stk-block stk-410f542\" data-block-id=\"410f542\"><figure><span class=\"stk-img-wrapper stk-image--shape-stretch\"><img loading=\"lazy\" decoding=\"async\" class=\"stk-img wp-image-1147\" src=\"https:\/\/ellayeraldina.com\/wp-content\/uploads\/2025\/07\/8ec10d2e-d0e1-4d49-9f27-32fee6a9ccd4_Original.jpg\" width=\"960\" height=\"1280\" srcset=\"https:\/\/ellayeraldina.com\/wp-content\/uploads\/2025\/07\/8ec10d2e-d0e1-4d49-9f27-32fee6a9ccd4_Original.jpg 960w, https:\/\/ellayeraldina.com\/wp-content\/uploads\/2025\/07\/8ec10d2e-d0e1-4d49-9f27-32fee6a9ccd4_Original-225x300.jpg 225w, https:\/\/ellayeraldina.com\/wp-content\/uploads\/2025\/07\/8ec10d2e-d0e1-4d49-9f27-32fee6a9ccd4_Original-768x1024.jpg 768w, https:\/\/ellayeraldina.com\/wp-content\/uploads\/2025\/07\/8ec10d2e-d0e1-4d49-9f27-32fee6a9ccd4_Original-500x667.jpg 500w, https:\/\/ellayeraldina.com\/wp-content\/uploads\/2025\/07\/8ec10d2e-d0e1-4d49-9f27-32fee6a9ccd4_Original-600x800.jpg 600w\" sizes=\"auto, (max-width: 960px) 100vw, 960px\" \/><\/span><\/figure><\/div>\n<\/div><\/div><\/div>\n\n\n\n<div class=\"wp-block-stackable-column stk-block-column stk-column stk-block stk-baf59df\" data-v=\"4\" data-block-id=\"baf59df\"><div class=\"stk-column-wrapper stk-block-column__content stk-container stk-baf59df-container stk--no-background stk--no-padding\"><div class=\"stk-block-content stk-inner-blocks stk-baf59df-inner-blocks\">\n<div class=\"wp-block-stackable-image stk-block-image stk-block stk-c41b813\" data-block-id=\"c41b813\"><figure><span class=\"stk-img-wrapper stk-image--shape-stretch\"><img loading=\"lazy\" decoding=\"async\" class=\"stk-img wp-image-1148\" src=\"https:\/\/ellayeraldina.com\/wp-content\/uploads\/2025\/07\/10d9375c-6db1-4931-83bc-4f3c25286c95_Original.jpg\" width=\"960\" height=\"1280\" srcset=\"https:\/\/ellayeraldina.com\/wp-content\/uploads\/2025\/07\/10d9375c-6db1-4931-83bc-4f3c25286c95_Original.jpg 960w, https:\/\/ellayeraldina.com\/wp-content\/uploads\/2025\/07\/10d9375c-6db1-4931-83bc-4f3c25286c95_Original-225x300.jpg 225w, https:\/\/ellayeraldina.com\/wp-content\/uploads\/2025\/07\/10d9375c-6db1-4931-83bc-4f3c25286c95_Original-768x1024.jpg 768w, https:\/\/ellayeraldina.com\/wp-content\/uploads\/2025\/07\/10d9375c-6db1-4931-83bc-4f3c25286c95_Original-500x667.jpg 500w, https:\/\/ellayeraldina.com\/wp-content\/uploads\/2025\/07\/10d9375c-6db1-4931-83bc-4f3c25286c95_Original-600x800.jpg 600w\" sizes=\"auto, (max-width: 960px) 100vw, 960px\" \/><\/span><\/figure><\/div>\n<\/div><\/div><\/div>\n\n\n\n<div class=\"wp-block-stackable-column stk-block-column stk-column stk-block stk-b067f61\" data-v=\"4\" data-block-id=\"b067f61\"><div class=\"stk-column-wrapper stk-block-column__content stk-container stk-b067f61-container stk--no-background stk--no-padding\"><div class=\"stk-block-content stk-inner-blocks stk-b067f61-inner-blocks\">\n<div class=\"wp-block-stackable-image stk-block-image stk-block stk-8b5d8fe\" data-block-id=\"8b5d8fe\"><figure><span class=\"stk-img-wrapper stk-image--shape-stretch\"><img loading=\"lazy\" decoding=\"async\" class=\"stk-img wp-image-1149\" src=\"https:\/\/ellayeraldina.com\/wp-content\/uploads\/2025\/07\/783acc30-ce38-4aaa-9452-29ed1e6d3202_Original.jpg\" width=\"960\" height=\"1280\" srcset=\"https:\/\/ellayeraldina.com\/wp-content\/uploads\/2025\/07\/783acc30-ce38-4aaa-9452-29ed1e6d3202_Original.jpg 960w, https:\/\/ellayeraldina.com\/wp-content\/uploads\/2025\/07\/783acc30-ce38-4aaa-9452-29ed1e6d3202_Original-225x300.jpg 225w, https:\/\/ellayeraldina.com\/wp-content\/uploads\/2025\/07\/783acc30-ce38-4aaa-9452-29ed1e6d3202_Original-768x1024.jpg 768w, https:\/\/ellayeraldina.com\/wp-content\/uploads\/2025\/07\/783acc30-ce38-4aaa-9452-29ed1e6d3202_Original-500x667.jpg 500w, https:\/\/ellayeraldina.com\/wp-content\/uploads\/2025\/07\/783acc30-ce38-4aaa-9452-29ed1e6d3202_Original-600x800.jpg 600w\" sizes=\"auto, (max-width: 960px) 100vw, 960px\" \/><\/span><\/figure><\/div>\n<\/div><\/div><\/div>\n<\/div><\/div>\n\n\n\n<p><strong>Mural and mural painting workshop for the Viajero hostel chain \u2013 Buenos Aires headquarters <\/strong><\/p>\n\n\n\n<p>The aim of this experience was to bring the entire Viajero community together in an artistic and creative activity, in which both staff and guests could learn about and experience the process of creating a mural.<\/p>\n\n\n\n<p>The workshop lasted two days, during which we covered everything from conceptualizing the idea and design to scaling it up to large format and starting to paint. We had participants of all ages, and we had a lot of fun, with days full of color and collaboration.<\/p>\n\n\n\n<p>The end result was a vibrant mural, featuring organic, enveloping shapes, created collectively with the incredible community at Viajero Hostels.<\/p>\n\n\n\n<div class=\"wp-block-stackable-columns stk-block-columns stk-block stk-36cbaac\" data-block-id=\"36cbaac\"><div class=\"stk-row stk-inner-blocks stk-block-content stk-content-align stk-36cbaac-column\">\n<div class=\"wp-block-stackable-column stk-block-column stk-column stk-block stk-6cc3200\" data-v=\"4\" data-block-id=\"6cc3200\"><div class=\"stk-column-wrapper stk-block-column__content stk-container stk-6cc3200-container stk--no-background stk--no-padding\"><div class=\"stk-block-content stk-inner-blocks stk-6cc3200-inner-blocks\">\n<div class=\"wp-block-stackable-image stk-block-image stk-block stk-0ce0ab1\" data-block-id=\"0ce0ab1\"><figure><span class=\"stk-img-wrapper stk-image--shape-stretch\"><img loading=\"lazy\" decoding=\"async\" class=\"stk-img wp-image-1150\" src=\"https:\/\/ellayeraldina.com\/wp-content\/uploads\/2025\/07\/895f1f1f-84cf-4610-a415-69f06073b06d_Original.jpg\" width=\"960\" height=\"1280\" srcset=\"https:\/\/ellayeraldina.com\/wp-content\/uploads\/2025\/07\/895f1f1f-84cf-4610-a415-69f06073b06d_Original.jpg 960w, https:\/\/ellayeraldina.com\/wp-content\/uploads\/2025\/07\/895f1f1f-84cf-4610-a415-69f06073b06d_Original-225x300.jpg 225w, https:\/\/ellayeraldina.com\/wp-content\/uploads\/2025\/07\/895f1f1f-84cf-4610-a415-69f06073b06d_Original-768x1024.jpg 768w, https:\/\/ellayeraldina.com\/wp-content\/uploads\/2025\/07\/895f1f1f-84cf-4610-a415-69f06073b06d_Original-500x667.jpg 500w, https:\/\/ellayeraldina.com\/wp-content\/uploads\/2025\/07\/895f1f1f-84cf-4610-a415-69f06073b06d_Original-600x800.jpg 600w\" sizes=\"auto, (max-width: 960px) 100vw, 960px\" \/><\/span><\/figure><\/div>\n<\/div><\/div><\/div>\n\n\n\n<div class=\"wp-block-stackable-column stk-block-column stk-column stk-block stk-aa9665d\" data-v=\"4\" data-block-id=\"aa9665d\"><div class=\"stk-column-wrapper stk-block-column__content stk-container stk-aa9665d-container stk--no-background stk--no-padding\"><div class=\"stk-block-content stk-inner-blocks stk-aa9665d-inner-blocks\">\n<div class=\"wp-block-stackable-image stk-block-image stk-block stk-023023d\" data-block-id=\"023023d\"><figure><span class=\"stk-img-wrapper stk-image--shape-stretch\"><img loading=\"lazy\" decoding=\"async\" class=\"stk-img wp-image-1151\" src=\"https:\/\/ellayeraldina.com\/wp-content\/uploads\/2025\/07\/2088e663-b999-4685-a0a2-a79e84dfa455_Original.jpg\" width=\"960\" height=\"1280\" srcset=\"https:\/\/ellayeraldina.com\/wp-content\/uploads\/2025\/07\/2088e663-b999-4685-a0a2-a79e84dfa455_Original.jpg 960w, https:\/\/ellayeraldina.com\/wp-content\/uploads\/2025\/07\/2088e663-b999-4685-a0a2-a79e84dfa455_Original-225x300.jpg 225w, https:\/\/ellayeraldina.com\/wp-content\/uploads\/2025\/07\/2088e663-b999-4685-a0a2-a79e84dfa455_Original-768x1024.jpg 768w, https:\/\/ellayeraldina.com\/wp-content\/uploads\/2025\/07\/2088e663-b999-4685-a0a2-a79e84dfa455_Original-500x667.jpg 500w, https:\/\/ellayeraldina.com\/wp-content\/uploads\/2025\/07\/2088e663-b999-4685-a0a2-a79e84dfa455_Original-600x800.jpg 600w\" sizes=\"auto, (max-width: 960px) 100vw, 960px\" \/><\/span><\/figure><\/div>\n<\/div><\/div><\/div>\n\n\n\n<div class=\"wp-block-stackable-column stk-block-column stk-column stk-block stk-e3fa7f4\" data-v=\"4\" data-block-id=\"e3fa7f4\"><div class=\"stk-column-wrapper stk-block-column__content stk-container stk-e3fa7f4-container stk--no-background stk--no-padding\"><div class=\"stk-block-content stk-inner-blocks stk-e3fa7f4-inner-blocks\">\n<div class=\"wp-block-stackable-image stk-block-image stk-block stk-1e5c939\" data-block-id=\"1e5c939\"><figure><span class=\"stk-img-wrapper stk-image--shape-stretch\"><img loading=\"lazy\" decoding=\"async\" class=\"stk-img wp-image-1152\" src=\"https:\/\/ellayeraldina.com\/wp-content\/uploads\/2025\/07\/IMG_3567_Original-scaled.jpg\" width=\"1920\" height=\"2560\" srcset=\"https:\/\/ellayeraldina.com\/wp-content\/uploads\/2025\/07\/IMG_3567_Original-scaled.jpg 1920w, https:\/\/ellayeraldina.com\/wp-content\/uploads\/2025\/07\/IMG_3567_Original-225x300.jpg 225w, https:\/\/ellayeraldina.com\/wp-content\/uploads\/2025\/07\/IMG_3567_Original-768x1024.jpg 768w, https:\/\/ellayeraldina.com\/wp-content\/uploads\/2025\/07\/IMG_3567_Original-1152x1536.jpg 1152w, https:\/\/ellayeraldina.com\/wp-content\/uploads\/2025\/07\/IMG_3567_Original-1536x2048.jpg 1536w, https:\/\/ellayeraldina.com\/wp-content\/uploads\/2025\/07\/IMG_3567_Original-500x667.jpg 500w, https:\/\/ellayeraldina.com\/wp-content\/uploads\/2025\/07\/IMG_3567_Original-600x800.jpg 600w\" sizes=\"auto, (max-width: 1920px) 100vw, 1920px\" \/><\/span><\/figure><\/div>\n<\/div><\/div><\/div>\n<\/div><\/div>\n\n\n\n<div class=\"wp-block-stackable-columns stk-block-columns stk-block stk-df1b983\" data-block-id=\"df1b983\"><div class=\"stk-row stk-inner-blocks stk-block-content stk-content-align stk-df1b983-column\">\n<div class=\"wp-block-stackable-column stk-block-column stk-column stk-block stk-fa93723\" data-v=\"4\" data-block-id=\"fa93723\"><style>@media screen and (min-width:690px){.stk-fa93723 {flex:var(--stk-flex-grow, 1) 1 25% !important;}}<\/style><div class=\"stk-column-wrapper stk-block-column__content stk-container stk-fa93723-container stk--no-background stk--no-padding\"><div class=\"stk-block-content stk-inner-blocks stk-fa93723-inner-blocks\">\n<figure class=\"wp-block-image size-large\"><img loading=\"lazy\" decoding=\"async\" width=\"768\" height=\"1024\" src=\"https:\/\/ellayeraldina.com\/wp-content\/uploads\/2025\/07\/IMG_9971-768x1024.jpg\" alt=\"\" class=\"wp-image-1195\" style=\"aspect-ratio:2\/3;object-fit:cover\" srcset=\"https:\/\/ellayeraldina.com\/wp-content\/uploads\/2025\/07\/IMG_9971-768x1024.jpg 768w, https:\/\/ellayeraldina.com\/wp-content\/uploads\/2025\/07\/IMG_9971-225x300.jpg 225w, https:\/\/ellayeraldina.com\/wp-content\/uploads\/2025\/07\/IMG_9971-1152x1536.jpg 1152w, https:\/\/ellayeraldina.com\/wp-content\/uploads\/2025\/07\/IMG_9971-1536x2048.jpg 1536w, https:\/\/ellayeraldina.com\/wp-content\/uploads\/2025\/07\/IMG_9971-500x667.jpg 500w, https:\/\/ellayeraldina.com\/wp-content\/uploads\/2025\/07\/IMG_9971-600x800.jpg 600w, https:\/\/ellayeraldina.com\/wp-content\/uploads\/2025\/07\/IMG_9971-scaled.jpg 1920w\" sizes=\"auto, (max-width: 768px) 100vw, 768px\" \/><\/figure>\n<\/div><\/div><\/div>\n\n\n\n<div class=\"wp-block-stackable-column stk-block-column stk-column stk-block stk-9a80a20\" data-v=\"4\" data-block-id=\"9a80a20\"><style>@media screen and (min-width:690px){.stk-9a80a20 {flex:var(--stk-flex-grow, 1) 1 25% !important;}}<\/style><div class=\"stk-column-wrapper stk-block-column__content stk-container stk-9a80a20-container stk--no-background stk--no-padding\"><div class=\"stk-block-content stk-inner-blocks stk-9a80a20-inner-blocks\">\n<figure class=\"wp-block-image size-large\"><img loading=\"lazy\" decoding=\"async\" width=\"819\" height=\"1024\" src=\"https:\/\/ellayeraldina.com\/wp-content\/uploads\/2025\/07\/9E20AD55-C348-4FA5-BB8A-53979505DE3A-819x1024.jpg\" alt=\"\" class=\"wp-image-1199\" style=\"aspect-ratio:2\/3;object-fit:cover\" srcset=\"https:\/\/ellayeraldina.com\/wp-content\/uploads\/2025\/07\/9E20AD55-C348-4FA5-BB8A-53979505DE3A-819x1024.jpg 819w, https:\/\/ellayeraldina.com\/wp-content\/uploads\/2025\/07\/9E20AD55-C348-4FA5-BB8A-53979505DE3A-240x300.jpg 240w, https:\/\/ellayeraldina.com\/wp-content\/uploads\/2025\/07\/9E20AD55-C348-4FA5-BB8A-53979505DE3A-768x960.jpg 768w, https:\/\/ellayeraldina.com\/wp-content\/uploads\/2025\/07\/9E20AD55-C348-4FA5-BB8A-53979505DE3A-1229x1536.jpg 1229w, https:\/\/ellayeraldina.com\/wp-content\/uploads\/2025\/07\/9E20AD55-C348-4FA5-BB8A-53979505DE3A-500x625.jpg 500w, https:\/\/ellayeraldina.com\/wp-content\/uploads\/2025\/07\/9E20AD55-C348-4FA5-BB8A-53979505DE3A-600x750.jpg 600w, https:\/\/ellayeraldina.com\/wp-content\/uploads\/2025\/07\/9E20AD55-C348-4FA5-BB8A-53979505DE3A.jpg 1440w\" sizes=\"auto, (max-width: 819px) 100vw, 819px\" \/><\/figure>\n<\/div><\/div><\/div>\n\n\n\n<div class=\"wp-block-stackable-column stk-block-column stk-column stk-block stk-ce07314\" data-v=\"4\" data-block-id=\"ce07314\"><style>@media screen and (min-width:690px){.stk-ce07314 {flex:var(--stk-flex-grow, 1) 1 25% !important;}}<\/style><div class=\"stk-column-wrapper stk-block-column__content stk-container stk-ce07314-container stk--no-background stk--no-padding\"><div class=\"stk-block-content stk-inner-blocks stk-ce07314-inner-blocks\">\n<figure class=\"wp-block-image size-large\"><img loading=\"lazy\" decoding=\"async\" width=\"575\" height=\"1024\" src=\"https:\/\/ellayeraldina.com\/wp-content\/uploads\/2025\/07\/IMG_1612_Original-575x1024.jpg\" alt=\"\" class=\"wp-image-1197\" style=\"aspect-ratio:2\/3;object-fit:cover\" srcset=\"https:\/\/ellayeraldina.com\/wp-content\/uploads\/2025\/07\/IMG_1612_Original-575x1024.jpg 575w, https:\/\/ellayeraldina.com\/wp-content\/uploads\/2025\/07\/IMG_1612_Original-169x300.jpg 169w, https:\/\/ellayeraldina.com\/wp-content\/uploads\/2025\/07\/IMG_1612_Original-768x1367.jpg 768w, https:\/\/ellayeraldina.com\/wp-content\/uploads\/2025\/07\/IMG_1612_Original-863x1536.jpg 863w, https:\/\/ellayeraldina.com\/wp-content\/uploads\/2025\/07\/IMG_1612_Original-1150x2048.jpg 1150w, https:\/\/ellayeraldina.com\/wp-content\/uploads\/2025\/07\/IMG_1612_Original-500x890.jpg 500w, https:\/\/ellayeraldina.com\/wp-content\/uploads\/2025\/07\/IMG_1612_Original-600x1068.jpg 600w, https:\/\/ellayeraldina.com\/wp-content\/uploads\/2025\/07\/IMG_1612_Original-scaled.jpg 1438w\" sizes=\"auto, (max-width: 575px) 100vw, 575px\" \/><\/figure>\n<\/div><\/div><\/div>\n\n\n\n<div class=\"wp-block-stackable-column stk-block-column stk-column stk-block stk-7bf680d\" data-v=\"4\" data-block-id=\"7bf680d\"><style>@media screen and (min-width:690px){.stk-7bf680d {flex:var(--stk-flex-grow, 1) 1 25% !important;}}<\/style><div class=\"stk-column-wrapper stk-block-column__content stk-container stk-7bf680d-container stk--no-background stk--no-padding\"><div class=\"stk-block-content stk-inner-blocks stk-7bf680d-inner-blocks\">\n<figure class=\"wp-block-image size-large\"><img loading=\"lazy\" decoding=\"async\" width=\"819\" height=\"1024\" src=\"https:\/\/ellayeraldina.com\/wp-content\/uploads\/2025\/07\/2CC8E9BD-72CE-44A2-AB55-06F34A7F3E28-819x1024.jpg\" alt=\"\" class=\"wp-image-1198\" style=\"aspect-ratio:2\/3;object-fit:cover\" srcset=\"https:\/\/ellayeraldina.com\/wp-content\/uploads\/2025\/07\/2CC8E9BD-72CE-44A2-AB55-06F34A7F3E28-819x1024.jpg 819w, https:\/\/ellayeraldina.com\/wp-content\/uploads\/2025\/07\/2CC8E9BD-72CE-44A2-AB55-06F34A7F3E28-240x300.jpg 240w, https:\/\/ellayeraldina.com\/wp-content\/uploads\/2025\/07\/2CC8E9BD-72CE-44A2-AB55-06F34A7F3E28-768x960.jpg 768w, https:\/\/ellayeraldina.com\/wp-content\/uploads\/2025\/07\/2CC8E9BD-72CE-44A2-AB55-06F34A7F3E28-1229x1536.jpg 1229w, https:\/\/ellayeraldina.com\/wp-content\/uploads\/2025\/07\/2CC8E9BD-72CE-44A2-AB55-06F34A7F3E28-500x625.jpg 500w, https:\/\/ellayeraldina.com\/wp-content\/uploads\/2025\/07\/2CC8E9BD-72CE-44A2-AB55-06F34A7F3E28-600x750.jpg 600w, https:\/\/ellayeraldina.com\/wp-content\/uploads\/2025\/07\/2CC8E9BD-72CE-44A2-AB55-06F34A7F3E28.jpg 1440w\" sizes=\"auto, (max-width: 819px) 100vw, 819px\" \/><\/figure>\n<\/div><\/div><\/div>\n<\/div><\/div>\n\n\n\n<p><\/p>","protected":false},"excerpt":{"rendered":"<p>Mural y taller de muralismo para la cadena de hostels Viajero \u2013 sede Buenos Aires Esta experiencia tuvo como objetivo reunir a toda la comunidad de Viajero en una actividad art\u00edstica y creativa, en la que tanto el staff como los hu\u00e9spedes pudieran aprender y experimentar el proceso de creaci\u00f3n de un mural. El taller [&hellip;]<\/p>","protected":false},"author":1,"featured_media":0,"parent":0,"menu_order":0,"comment_status":"closed","ping_status":"closed","template":"","meta":{"footnotes":""},"class_list":["post-1080","page","type-page","status-publish","hentry"],"blocksy_meta":[],"aioseo_notices":[],"_links":{"self":[{"href":"https:\/\/ellayeraldina.com\/en\/wp-json\/wp\/v2\/pages\/1080","targetHints":{"allow":["GET"]}}],"collection":[{"href":"https:\/\/ellayeraldina.com\/en\/wp-json\/wp\/v2\/pages"}],"about":[{"href":"https:\/\/ellayeraldina.com\/en\/wp-json\/wp\/v2\/types\/page"}],"author":[{"embeddable":true,"href":"https:\/\/ellayeraldina.com\/en\/wp-json\/wp\/v2\/users\/1"}],"replies":[{"embeddable":true,"href":"https:\/\/ellayeraldina.com\/en\/wp-json\/wp\/v2\/comments?post=1080"}],"version-history":[{"count":6,"href":"https:\/\/ellayeraldina.com\/en\/wp-json\/wp\/v2\/pages\/1080\/revisions"}],"predecessor-version":[{"id":1565,"href":"https:\/\/ellayeraldina.com\/en\/wp-json\/wp\/v2\/pages\/1080\/revisions\/1565"}],"wp:attachment":[{"href":"https:\/\/ellayeraldina.com\/en\/wp-json\/wp\/v2\/media?parent=1080"}],"curies":[{"name":"wp","href":"https:\/\/api.w.org\/{rel}","templated":true}]}}