{"id":1076,"date":"2025-07-08T06:27:16","date_gmt":"2025-07-08T12:27:16","guid":{"rendered":"https:\/\/ellayeraldina.com\/?page_id=1076"},"modified":"2025-08-17T08:27:50","modified_gmt":"2025-08-17T14:27:50","slug":"mural-floral","status":"publish","type":"page","link":"https:\/\/ellayeraldina.com\/en\/mural-floral\/","title":{"rendered":"Floral Mural"},"content":{"rendered":"<div class=\"wp-block-stackable-image stk-block-image stk-block stk-3b4f773\" data-block-id=\"3b4f773\"><figure><span class=\"stk-img-wrapper stk-image--shape-stretch\"><img loading=\"lazy\" decoding=\"async\" class=\"stk-img wp-image-1089\" src=\"https:\/\/ellayeraldina.com\/wp-content\/uploads\/2025\/07\/2f8b69124400299.6102f6ca5cd5a.jpg\" width=\"1920\" height=\"1105\" srcset=\"https:\/\/ellayeraldina.com\/wp-content\/uploads\/2025\/07\/2f8b69124400299.6102f6ca5cd5a.jpg 1920w, https:\/\/ellayeraldina.com\/wp-content\/uploads\/2025\/07\/2f8b69124400299.6102f6ca5cd5a-300x173.jpg 300w, https:\/\/ellayeraldina.com\/wp-content\/uploads\/2025\/07\/2f8b69124400299.6102f6ca5cd5a-1024x589.jpg 1024w, https:\/\/ellayeraldina.com\/wp-content\/uploads\/2025\/07\/2f8b69124400299.6102f6ca5cd5a-768x442.jpg 768w, https:\/\/ellayeraldina.com\/wp-content\/uploads\/2025\/07\/2f8b69124400299.6102f6ca5cd5a-1536x884.jpg 1536w, https:\/\/ellayeraldina.com\/wp-content\/uploads\/2025\/07\/2f8b69124400299.6102f6ca5cd5a-500x288.jpg 500w, https:\/\/ellayeraldina.com\/wp-content\/uploads\/2025\/07\/2f8b69124400299.6102f6ca5cd5a-600x345.jpg 600w\" sizes=\"auto, (max-width: 1920px) 100vw, 1920px\" \/><\/span><\/figure><\/div>\n\n\n\n<p>This mural was created for a small but powerful creative studio in the city of eternal spring: Medell\u00edn. From the outset, the goal was to transform one of the studio's main walls into a constant source of inspiration. The work is composed of organic shapes, flowers, leaves, and natural elements that envelop the space with life and movement. The vibrant colors reflect the joy, freedom, and continuous flow of ideas that inhabit a creative environment. Every stroke and every shade was designed to nurture the imagination, invite contemplation, and reinforce the connection with nature as a source of creativity. Inspired by the colorful and exuberant energy of Medell\u00edn with its pleasant climate, abundant vegetation, and creative spirit, this mural is also a tribute to the city that blooms all year round. Beyond aesthetics, it represents a dialogue between art and environment.<\/p>\n\n\n\n<div class=\"wp-block-stackable-image stk-block-image stk-block stk-6b1a5af\" data-block-id=\"6b1a5af\"><figure><span class=\"stk-img-wrapper stk-image--shape-stretch\"><img loading=\"lazy\" decoding=\"async\" class=\"stk-img wp-image-1095\" src=\"https:\/\/ellayeraldina.com\/wp-content\/uploads\/2025\/07\/c261ac124400299.6102f6ca5f7ca.jpg\" width=\"1920\" height=\"1079\" srcset=\"https:\/\/ellayeraldina.com\/wp-content\/uploads\/2025\/07\/c261ac124400299.6102f6ca5f7ca.jpg 1920w, https:\/\/ellayeraldina.com\/wp-content\/uploads\/2025\/07\/c261ac124400299.6102f6ca5f7ca-300x169.jpg 300w, https:\/\/ellayeraldina.com\/wp-content\/uploads\/2025\/07\/c261ac124400299.6102f6ca5f7ca-1024x575.jpg 1024w, https:\/\/ellayeraldina.com\/wp-content\/uploads\/2025\/07\/c261ac124400299.6102f6ca5f7ca-768x432.jpg 768w, https:\/\/ellayeraldina.com\/wp-content\/uploads\/2025\/07\/c261ac124400299.6102f6ca5f7ca-1536x863.jpg 1536w, https:\/\/ellayeraldina.com\/wp-content\/uploads\/2025\/07\/c261ac124400299.6102f6ca5f7ca-500x281.jpg 500w, https:\/\/ellayeraldina.com\/wp-content\/uploads\/2025\/07\/c261ac124400299.6102f6ca5f7ca-600x337.jpg 600w\" sizes=\"auto, (max-width: 1920px) 100vw, 1920px\" \/><\/span><\/figure><\/div>\n\n\n\n<div class=\"wp-block-stackable-image stk-block-image stk-block stk-c5344b9\" data-block-id=\"c5344b9\"><figure><span class=\"stk-img-wrapper stk-image--shape-stretch\"><img loading=\"lazy\" decoding=\"async\" class=\"stk-img wp-image-955\" src=\"https:\/\/ellayeraldina.com\/wp-content\/uploads\/2025\/02\/36bf4f124400299.6102f6ca5c54c.jpg\" width=\"1400\" height=\"782\" srcset=\"https:\/\/ellayeraldina.com\/wp-content\/uploads\/2025\/02\/36bf4f124400299.6102f6ca5c54c.jpg 1400w, https:\/\/ellayeraldina.com\/wp-content\/uploads\/2025\/02\/36bf4f124400299.6102f6ca5c54c-300x168.jpg 300w, https:\/\/ellayeraldina.com\/wp-content\/uploads\/2025\/02\/36bf4f124400299.6102f6ca5c54c-1024x572.jpg 1024w, https:\/\/ellayeraldina.com\/wp-content\/uploads\/2025\/02\/36bf4f124400299.6102f6ca5c54c-768x429.jpg 768w, https:\/\/ellayeraldina.com\/wp-content\/uploads\/2025\/02\/36bf4f124400299.6102f6ca5c54c-500x279.jpg 500w, https:\/\/ellayeraldina.com\/wp-content\/uploads\/2025\/02\/36bf4f124400299.6102f6ca5c54c-600x335.jpg 600w\" sizes=\"auto, (max-width: 1400px) 100vw, 1400px\" \/><\/span><\/figure><\/div>\n\n\n\n<div class=\"wp-block-stackable-image stk-block-image stk-block stk-af9d2d9\" data-block-id=\"af9d2d9\"><figure><span class=\"stk-img-wrapper stk-image--shape-stretch\"><img loading=\"lazy\" decoding=\"async\" class=\"stk-img wp-image-1085\" src=\"https:\/\/ellayeraldina.com\/wp-content\/uploads\/2025\/07\/b128e1124400299.6102f6ca5d4ae.jpg\" width=\"1920\" height=\"1079\" srcset=\"https:\/\/ellayeraldina.com\/wp-content\/uploads\/2025\/07\/b128e1124400299.6102f6ca5d4ae.jpg 1920w, https:\/\/ellayeraldina.com\/wp-content\/uploads\/2025\/07\/b128e1124400299.6102f6ca5d4ae-300x169.jpg 300w, https:\/\/ellayeraldina.com\/wp-content\/uploads\/2025\/07\/b128e1124400299.6102f6ca5d4ae-1024x575.jpg 1024w, https:\/\/ellayeraldina.com\/wp-content\/uploads\/2025\/07\/b128e1124400299.6102f6ca5d4ae-768x432.jpg 768w, https:\/\/ellayeraldina.com\/wp-content\/uploads\/2025\/07\/b128e1124400299.6102f6ca5d4ae-1536x863.jpg 1536w, https:\/\/ellayeraldina.com\/wp-content\/uploads\/2025\/07\/b128e1124400299.6102f6ca5d4ae-500x281.jpg 500w, https:\/\/ellayeraldina.com\/wp-content\/uploads\/2025\/07\/b128e1124400299.6102f6ca5d4ae-600x337.jpg 600w\" sizes=\"auto, (max-width: 1920px) 100vw, 1920px\" \/><\/span><\/figure><\/div>\n\n\n\n<div class=\"wp-block-stackable-image stk-block-image stk-block stk-8c247fc\" data-block-id=\"8c247fc\"><figure><span class=\"stk-img-wrapper stk-image--shape-stretch\"><img loading=\"lazy\" decoding=\"async\" class=\"stk-img wp-image-1093\" src=\"https:\/\/ellayeraldina.com\/wp-content\/uploads\/2025\/07\/c671d6124400299.6102f6ca5dc4f.jpg\" width=\"1920\" height=\"1079\" srcset=\"https:\/\/ellayeraldina.com\/wp-content\/uploads\/2025\/07\/c671d6124400299.6102f6ca5dc4f.jpg 1920w, https:\/\/ellayeraldina.com\/wp-content\/uploads\/2025\/07\/c671d6124400299.6102f6ca5dc4f-300x169.jpg 300w, https:\/\/ellayeraldina.com\/wp-content\/uploads\/2025\/07\/c671d6124400299.6102f6ca5dc4f-1024x575.jpg 1024w, https:\/\/ellayeraldina.com\/wp-content\/uploads\/2025\/07\/c671d6124400299.6102f6ca5dc4f-768x432.jpg 768w, https:\/\/ellayeraldina.com\/wp-content\/uploads\/2025\/07\/c671d6124400299.6102f6ca5dc4f-1536x863.jpg 1536w, https:\/\/ellayeraldina.com\/wp-content\/uploads\/2025\/07\/c671d6124400299.6102f6ca5dc4f-500x281.jpg 500w, https:\/\/ellayeraldina.com\/wp-content\/uploads\/2025\/07\/c671d6124400299.6102f6ca5dc4f-600x337.jpg 600w\" sizes=\"auto, (max-width: 1920px) 100vw, 1920px\" \/><\/span><\/figure><\/div>\n\n\n\n<div class=\"wp-block-stackable-image stk-block-image stk-block stk-189409b\" data-block-id=\"189409b\"><figure><span class=\"stk-img-wrapper stk-image--shape-stretch\"><img loading=\"lazy\" decoding=\"async\" class=\"stk-img wp-image-1092\" src=\"https:\/\/ellayeraldina.com\/wp-content\/uploads\/2025\/07\/de72e9124400299.6102f6ca5e3de.jpg\" width=\"1920\" height=\"1079\" srcset=\"https:\/\/ellayeraldina.com\/wp-content\/uploads\/2025\/07\/de72e9124400299.6102f6ca5e3de.jpg 1920w, https:\/\/ellayeraldina.com\/wp-content\/uploads\/2025\/07\/de72e9124400299.6102f6ca5e3de-300x169.jpg 300w, https:\/\/ellayeraldina.com\/wp-content\/uploads\/2025\/07\/de72e9124400299.6102f6ca5e3de-1024x575.jpg 1024w, https:\/\/ellayeraldina.com\/wp-content\/uploads\/2025\/07\/de72e9124400299.6102f6ca5e3de-768x432.jpg 768w, https:\/\/ellayeraldina.com\/wp-content\/uploads\/2025\/07\/de72e9124400299.6102f6ca5e3de-1536x863.jpg 1536w, https:\/\/ellayeraldina.com\/wp-content\/uploads\/2025\/07\/de72e9124400299.6102f6ca5e3de-500x281.jpg 500w, https:\/\/ellayeraldina.com\/wp-content\/uploads\/2025\/07\/de72e9124400299.6102f6ca5e3de-600x337.jpg 600w\" sizes=\"auto, (max-width: 1920px) 100vw, 1920px\" \/><\/span><\/figure><\/div>","protected":false},"excerpt":{"rendered":"<p>Este mural fue creado para un peque\u00f1o, pero poderoso estudio creativo en la ciudad de la eterna primavera: Medell\u00edn. Desde el inicio, el objetivo fue transformar una de las paredes principales del estudio en una fuente constante de inspiraci\u00f3n. La obra est\u00e1 compuesta por formas org\u00e1nicas, flores, hojas y elementos naturales que envuelven el espacio [&hellip;]<\/p>","protected":false},"author":1,"featured_media":0,"parent":0,"menu_order":0,"comment_status":"closed","ping_status":"closed","template":"","meta":{"footnotes":""},"class_list":["post-1076","page","type-page","status-publish","hentry"],"blocksy_meta":[],"aioseo_notices":[],"_links":{"self":[{"href":"https:\/\/ellayeraldina.com\/en\/wp-json\/wp\/v2\/pages\/1076","targetHints":{"allow":["GET"]}}],"collection":[{"href":"https:\/\/ellayeraldina.com\/en\/wp-json\/wp\/v2\/pages"}],"about":[{"href":"https:\/\/ellayeraldina.com\/en\/wp-json\/wp\/v2\/types\/page"}],"author":[{"embeddable":true,"href":"https:\/\/ellayeraldina.com\/en\/wp-json\/wp\/v2\/users\/1"}],"replies":[{"embeddable":true,"href":"https:\/\/ellayeraldina.com\/en\/wp-json\/wp\/v2\/comments?post=1076"}],"version-history":[{"count":8,"href":"https:\/\/ellayeraldina.com\/en\/wp-json\/wp\/v2\/pages\/1076\/revisions"}],"predecessor-version":[{"id":1564,"href":"https:\/\/ellayeraldina.com\/en\/wp-json\/wp\/v2\/pages\/1076\/revisions\/1564"}],"wp:attachment":[{"href":"https:\/\/ellayeraldina.com\/en\/wp-json\/wp\/v2\/media?parent=1076"}],"curies":[{"name":"wp","href":"https:\/\/api.w.org\/{rel}","templated":true}]}}